{"id":28961,"date":"2025-09-24T16:09:09","date_gmt":"2025-09-24T14:09:09","guid":{"rendered":"https:\/\/cliniquematignon.ch\/questionario\/"},"modified":"2025-10-12T14:46:17","modified_gmt":"2025-10-12T12:46:17","slug":"questionario","status":"publish","type":"page","link":"https:\/\/cliniquematignon.ch\/it\/questionario\/","title":{"rendered":"Che differenza fa Matignon?"},"content":{"rendered":"\n<h1 class=\"wp-block-heading\" id=\"h-matignon-ca-change-quoi\">COSA CAMBIA MATIGNON?<\/h1>\n\n<p>Forse \u00e8 questa la domanda che vi state ponendo oggi? Perch\u00e9 sentite un divario tra ci\u00f2 che siete e ci\u00f2 che il vostro viso riflette? Perch\u00e9 non state cercando di cambiare, ma di trovare il vostro vero io?  <\/p>\n","protected":false},"excerpt":{"rendered":"<p>COSA CAMBIA MATIGNON? Forse \u00e8 questa la domanda che vi state ponendo oggi? Perch\u00e9 sentite un divario tra ci\u00f2 che siete e ci\u00f2 che il vostro viso riflette? Perch\u00e9 non state cercando di cambiare, ma di trovare il vostro vero io?<\/p>\n","protected":false},"author":2788,"featured_media":0,"parent":0,"menu_order":0,"comment_status":"closed","ping_status":"closed","template":"template-survey.php","meta":{"_acf_changed":false,"footnotes":""},"class_list":["post-28961","page","type-page","status-publish","hentry"],"acf":[],"yoast_head":"<!-- This site is optimized with the Yoast SEO Premium plugin v27.1 (Yoast SEO v27.1.1) - https:\/\/yoast.com\/product\/yoast-seo-premium-wordpress\/ -->\n<title>Che differenza fa Matignon? | Matignon<\/title>\n<meta name=\"robots\" content=\"index, follow, max-snippet:-1, max-image-preview:large, max-video-preview:-1\" \/>\n<link rel=\"canonical\" href=\"https:\/\/cliniquematignon.ch\/it\/questionario\/\" \/>\n<meta property=\"og:locale\" content=\"it_IT\" \/>\n<meta property=\"og:type\" content=\"article\" \/>\n<meta property=\"og:title\" content=\"Che differenza fa Matignon?\" \/>\n<meta property=\"og:description\" content=\"COSA CAMBIA MATIGNON? Forse \u00e8 questa la domanda che vi state ponendo oggi? Perch\u00e9 sentite un divario tra ci\u00f2 che siete e ci\u00f2 che il vostro viso riflette? Perch\u00e9 non state cercando di cambiare, ma di trovare il vostro vero io?\" \/>\n<meta property=\"og:url\" content=\"https:\/\/cliniquematignon.ch\/it\/questionario\/\" \/>\n<meta property=\"og:site_name\" content=\"Matignon\" \/>\n<meta property=\"article:publisher\" content=\"https:\/\/www.facebook.com\/lescliniquesmatignon\/\" \/>\n<meta property=\"article:modified_time\" content=\"2025-10-12T12:46:17+00:00\" \/>\n<meta property=\"og:image\" content=\"https:\/\/cliniquematignon.ch\/wp-content\/uploads\/2023\/10\/opengraph-matignon-1200-x-675-px..png\" \/>\n\t<meta property=\"og:image:width\" content=\"1200\" \/>\n\t<meta property=\"og:image:height\" content=\"675\" \/>\n\t<meta property=\"og:image:type\" content=\"image\/png\" \/>\n<meta name=\"twitter:card\" content=\"summary_large_image\" \/>\n<script type=\"application\/ld+json\" class=\"yoast-schema-graph\">{\"@context\":\"https:\/\/schema.org\",\"@graph\":[{\"@type\":\"WebPage\",\"@id\":\"https:\/\/cliniquematignon.ch\/it\/questionario\/\",\"url\":\"https:\/\/cliniquematignon.ch\/it\/questionario\/\",\"name\":\"Che differenza fa Matignon? | Matignon\",\"isPartOf\":{\"@id\":\"https:\/\/cliniquematignon.ch\/it\/#website\"},\"datePublished\":\"2025-09-24T14:09:09+00:00\",\"dateModified\":\"2025-10-12T12:46:17+00:00\",\"breadcrumb\":{\"@id\":\"https:\/\/cliniquematignon.ch\/it\/questionario\/#breadcrumb\"},\"inLanguage\":\"it-CH\",\"potentialAction\":[{\"@type\":\"ReadAction\",\"target\":[\"https:\/\/cliniquematignon.ch\/it\/questionario\/\"]}]},{\"@type\":\"BreadcrumbList\",\"@id\":\"https:\/\/cliniquematignon.ch\/it\/questionario\/#breadcrumb\",\"itemListElement\":[{\"@type\":\"ListItem\",\"position\":1,\"name\":\"Casa\",\"item\":\"https:\/\/cliniquematignon.ch\/it\/casa\/\"},{\"@type\":\"ListItem\",\"position\":2,\"name\":\"Che differenza fa Matignon?\"}]},{\"@type\":\"WebSite\",\"@id\":\"https:\/\/cliniquematignon.ch\/it\/#website\",\"url\":\"https:\/\/cliniquematignon.ch\/it\/\",\"name\":\"Matignon\",\"description\":\"M\u00e9decine esth\u00e9tique\",\"publisher\":{\"@id\":\"https:\/\/cliniquematignon.ch\/it\/#organization\"},\"potentialAction\":[{\"@type\":\"SearchAction\",\"target\":{\"@type\":\"EntryPoint\",\"urlTemplate\":\"https:\/\/cliniquematignon.ch\/it\/?s={search_term_string}\"},\"query-input\":{\"@type\":\"PropertyValueSpecification\",\"valueRequired\":true,\"valueName\":\"search_term_string\"}}],\"inLanguage\":\"it-CH\"},{\"@type\":\"Organization\",\"@id\":\"https:\/\/cliniquematignon.ch\/it\/#organization\",\"name\":\"Matignon\",\"url\":\"https:\/\/cliniquematignon.ch\/it\/\",\"logo\":{\"@type\":\"ImageObject\",\"inLanguage\":\"it-CH\",\"@id\":\"https:\/\/cliniquematignon.ch\/it\/#\/schema\/logo\/image\/\",\"url\":\"https:\/\/cliniquematignon.ch\/wp-content\/uploads\/2023\/06\/mat-logo-black..svg\",\"contentUrl\":\"https:\/\/cliniquematignon.ch\/wp-content\/uploads\/2023\/06\/mat-logo-black..svg\",\"width\":1,\"height\":1,\"caption\":\"Matignon\"},\"image\":{\"@id\":\"https:\/\/cliniquematignon.ch\/it\/#\/schema\/logo\/image\/\"},\"sameAs\":[\"https:\/\/www.facebook.com\/lescliniquesmatignon\/\"]}]}<\/script>\n<!-- \/ Yoast SEO Premium plugin. -->","yoast_head_json":{"title":"Che differenza fa Matignon? | Matignon","robots":{"index":"index","follow":"follow","max-snippet":"max-snippet:-1","max-image-preview":"max-image-preview:large","max-video-preview":"max-video-preview:-1"},"canonical":"https:\/\/cliniquematignon.ch\/it\/questionario\/","og_locale":"it_IT","og_type":"article","og_title":"Che differenza fa Matignon?","og_description":"COSA CAMBIA MATIGNON? Forse \u00e8 questa la domanda che vi state ponendo oggi? Perch\u00e9 sentite un divario tra ci\u00f2 che siete e ci\u00f2 che il vostro viso riflette? Perch\u00e9 non state cercando di cambiare, ma di trovare il vostro vero io?","og_url":"https:\/\/cliniquematignon.ch\/it\/questionario\/","og_site_name":"Matignon","article_publisher":"https:\/\/www.facebook.com\/lescliniquesmatignon\/","article_modified_time":"2025-10-12T12:46:17+00:00","og_image":[{"width":1200,"height":675,"url":"https:\/\/cliniquematignon.ch\/wp-content\/uploads\/2023\/10\/opengraph-matignon-1200-x-675-px..png","type":"image\/png"}],"twitter_card":"summary_large_image","schema":{"@context":"https:\/\/schema.org","@graph":[{"@type":"WebPage","@id":"https:\/\/cliniquematignon.ch\/it\/questionario\/","url":"https:\/\/cliniquematignon.ch\/it\/questionario\/","name":"Che differenza fa Matignon? | Matignon","isPartOf":{"@id":"https:\/\/cliniquematignon.ch\/it\/#website"},"datePublished":"2025-09-24T14:09:09+00:00","dateModified":"2025-10-12T12:46:17+00:00","breadcrumb":{"@id":"https:\/\/cliniquematignon.ch\/it\/questionario\/#breadcrumb"},"inLanguage":"it-CH","potentialAction":[{"@type":"ReadAction","target":["https:\/\/cliniquematignon.ch\/it\/questionario\/"]}]},{"@type":"BreadcrumbList","@id":"https:\/\/cliniquematignon.ch\/it\/questionario\/#breadcrumb","itemListElement":[{"@type":"ListItem","position":1,"name":"Casa","item":"https:\/\/cliniquematignon.ch\/it\/casa\/"},{"@type":"ListItem","position":2,"name":"Che differenza fa Matignon?"}]},{"@type":"WebSite","@id":"https:\/\/cliniquematignon.ch\/it\/#website","url":"https:\/\/cliniquematignon.ch\/it\/","name":"Matignon","description":"M\u00e9decine esth\u00e9tique","publisher":{"@id":"https:\/\/cliniquematignon.ch\/it\/#organization"},"potentialAction":[{"@type":"SearchAction","target":{"@type":"EntryPoint","urlTemplate":"https:\/\/cliniquematignon.ch\/it\/?s={search_term_string}"},"query-input":{"@type":"PropertyValueSpecification","valueRequired":true,"valueName":"search_term_string"}}],"inLanguage":"it-CH"},{"@type":"Organization","@id":"https:\/\/cliniquematignon.ch\/it\/#organization","name":"Matignon","url":"https:\/\/cliniquematignon.ch\/it\/","logo":{"@type":"ImageObject","inLanguage":"it-CH","@id":"https:\/\/cliniquematignon.ch\/it\/#\/schema\/logo\/image\/","url":"https:\/\/cliniquematignon.ch\/wp-content\/uploads\/2023\/06\/mat-logo-black..svg","contentUrl":"https:\/\/cliniquematignon.ch\/wp-content\/uploads\/2023\/06\/mat-logo-black..svg","width":1,"height":1,"caption":"Matignon"},"image":{"@id":"https:\/\/cliniquematignon.ch\/it\/#\/schema\/logo\/image\/"},"sameAs":["https:\/\/www.facebook.com\/lescliniquesmatignon\/"]}]}},"_links":{"self":[{"href":"https:\/\/cliniquematignon.ch\/it\/wp-json\/wp\/v2\/pages\/28961","targetHints":{"allow":["GET"]}}],"collection":[{"href":"https:\/\/cliniquematignon.ch\/it\/wp-json\/wp\/v2\/pages"}],"about":[{"href":"https:\/\/cliniquematignon.ch\/it\/wp-json\/wp\/v2\/types\/page"}],"author":[{"embeddable":true,"href":"https:\/\/cliniquematignon.ch\/it\/wp-json\/wp\/v2\/users\/2788"}],"replies":[{"embeddable":true,"href":"https:\/\/cliniquematignon.ch\/it\/wp-json\/wp\/v2\/comments?post=28961"}],"version-history":[{"count":0,"href":"https:\/\/cliniquematignon.ch\/it\/wp-json\/wp\/v2\/pages\/28961\/revisions"}],"wp:attachment":[{"href":"https:\/\/cliniquematignon.ch\/it\/wp-json\/wp\/v2\/media?parent=28961"}],"curies":[{"name":"wp","href":"https:\/\/api.w.org\/{rel}","templated":true}]}}