{"id":30236,"date":"2025-11-20T16:13:38","date_gmt":"2025-11-20T15:13:38","guid":{"rendered":"https:\/\/cliniquematignon.ch\/product\/siero-quotidiano-405\/"},"modified":"2026-03-12T17:34:13","modified_gmt":"2026-03-12T16:34:13","slug":"siero-quotidiano-405","status":"publish","type":"product","link":"https:\/\/cliniquematignon.ch\/it\/prodotto\/siero-quotidiano-405\/","title":{"rendered":"DAILY SERUM 405"},"content":{"rendered":"<p data-start=\"341\" data-end=\"402\"><strong data-start=\"341\" data-end=\"402\">DAILY SERUM 405 \u00e8 un siero antiossidante per la difesa della pelle.<\/strong><\/p>\n<p data-start=\"404\" data-end=\"583\">Formulato dalla dottoressa Patricia Delarive, questo trattamento quotidiano potenzia le difese naturali della pelle, riduce le irregolarit\u00e0 della pigmentazione e protegge dall&#8217;invecchiamento precoce. <\/p>\n<p data-start=\"585\" data-end=\"633\">La sua efficacia si basa su un potente cocktail:<\/p>\n<ul data-start=\"635\" data-end=\"1115\">\n<li data-start=\"635\" data-end=\"758\">\n<p data-start=\"637\" data-end=\"758\"><strong data-start=\"637\" data-end=\"662\">Vitamina C pura (5%)<\/strong>: importante antiossidante, protegge dai radicali liberi, stimola il collagene e ravviva la luminosit\u00e0.<\/p>\n<\/li>\n<li data-start=\"759\" data-end=\"838\">\n<p data-start=\"761\" data-end=\"838\"><strong data-start=\"761\" data-end=\"779\">Golden C (5%)<\/strong>: forma stabilizzata per un&#8217;azione antiossidante prolungata.<\/p>\n<\/li>\n<li data-start=\"839\" data-end=\"938\">\n<p data-start=\"841\" data-end=\"938\"><strong data-start=\"841\" data-end=\"862\">Niacinamide (5%)<\/strong>: uniforma il tono della pelle, riduce le macchie scure e sostiene l&#8217;effetto della vitamina C.<\/p>\n<\/li>\n<li data-start=\"939\" data-end=\"1047\">\n<p data-start=\"941\" data-end=\"1047\"><strong data-start=\"941\" data-end=\"968\">Complesso fito-ormonale<\/strong>: aumenta la compattezza e l&#8217;elasticit\u00e0 imitando l&#8217;azione degli estrogeni della pelle.<\/p>\n<\/li>\n<li data-start=\"1048\" data-end=\"1115\">\n<p data-start=\"1050\" data-end=\"1115\"><strong data-start=\"1050\" data-end=\"1072\">Acido ialuronico<\/strong>: idrata e rafforza la barriera cutanea.<\/p>\n<\/li>\n<\/ul>\n<p data-start=\"1117\" data-end=\"1291\">Una formula completa, perfettamente adatta all&#8217;uso quotidiano a partire dai 20 anni. La pelle \u00e8 visibilmente pi\u00f9 liscia, pi\u00f9 uniforme e protetta dagli aggressori esterni. <\/p>\n","protected":false},"excerpt":{"rendered":"<p>DAILY SERUM 405 \u00e8 un siero antiossidante per la difesa della pelle. Formulato dalla dottoressa Patricia Delarive, questo trattamento quotidiano potenzia le difese naturali della pelle, riduce le irregolarit\u00e0 della pigmentazione e protegge dall&#8217;invecchiamento precoce. La sua efficacia si basa su un potente cocktail: Vitamina C pura (5%): importante antiossidante, protegge dai radicali liberi, stimola [&hellip;]<\/p>\n","protected":false},"featured_media":30227,"template":"","meta":{"_acf_changed":false},"product_brand":[],"product_cat":[568],"product_tag":[],"brand_product":[567],"class_list":{"0":"post-30236","1":"product","2":"type-product","3":"status-publish","4":"has-post-thumbnail","6":"product_cat-matignon-di-delarive","7":"brand_product-matignon-del-dottor-delarive","9":"first","10":"instock","11":"taxable","12":"shipping-taxable","13":"purchasable","14":"product-type-simple"},"bundled_by":["32395"],"bundle_stock_status":"instock","bundle_stock_quantity":13,"bundle_virtual":false,"bundle_layout":"","bundle_add_to_cart_form_location":"","bundle_editable_in_cart":false,"bundle_sold_individually_context":"","bundle_item_grouping":"","bundle_min_size":"","bundle_max_size":"","bundle_price":[],"bundled_items":[],"bundle_sell_ids":[],"acf":[],"yoast_head":"<!-- This site is optimized with the Yoast SEO Premium plugin v27.1 (Yoast SEO v27.1.1) - https:\/\/yoast.com\/product\/yoast-seo-premium-wordpress\/ -->\n<title>DAILY SERUM 405 | Matignon<\/title>\n<meta name=\"robots\" content=\"index, follow, max-snippet:-1, max-image-preview:large, max-video-preview:-1\" \/>\n<link rel=\"canonical\" href=\"https:\/\/cliniquematignon.ch\/it\/prodotto\/siero-quotidiano-405\/\" \/>\n<meta property=\"og:locale\" content=\"it_IT\" \/>\n<meta property=\"og:type\" content=\"article\" \/>\n<meta property=\"og:title\" content=\"DAILY SERUM 405\" \/>\n<meta property=\"og:description\" content=\"DAILY SERUM 405 \u00e8 un siero antiossidante per la difesa della pelle. Formulato dalla dottoressa Patricia Delarive, questo trattamento quotidiano potenzia le difese naturali della pelle, riduce le irregolarit\u00e0 della pigmentazione e protegge dall&#8217;invecchiamento precoce. La sua efficacia si basa su un potente cocktail: Vitamina C pura (5%): importante antiossidante, protegge dai radicali liberi, stimola [&hellip;]\" \/>\n<meta property=\"og:url\" content=\"https:\/\/cliniquematignon.ch\/it\/prodotto\/siero-quotidiano-405\/\" \/>\n<meta property=\"og:site_name\" content=\"Matignon\" \/>\n<meta property=\"article:publisher\" content=\"https:\/\/www.facebook.com\/lescliniquesmatignon\/\" \/>\n<meta property=\"article:modified_time\" content=\"2026-03-12T16:34:13+00:00\" \/>\n<meta property=\"og:image\" content=\"https:\/\/cliniquematignon.ch\/wp-content\/uploads\/2025\/11\/ds-405-primary..png\" \/>\n\t<meta property=\"og:image:width\" content=\"1500\" \/>\n\t<meta property=\"og:image:height\" content=\"1500\" \/>\n\t<meta property=\"og:image:type\" content=\"image\/png\" \/>\n<meta name=\"twitter:card\" content=\"summary_large_image\" \/>\n<meta name=\"twitter:label1\" content=\"Est. reading time\" \/>\n\t<meta name=\"twitter:data1\" content=\"1 minute\" \/>\n<script type=\"application\/ld+json\" class=\"yoast-schema-graph\">{\"@context\":\"https:\/\/schema.org\",\"@graph\":[{\"@type\":\"WebPage\",\"@id\":\"https:\/\/cliniquematignon.ch\/it\/prodotto\/siero-quotidiano-405\/\",\"url\":\"https:\/\/cliniquematignon.ch\/it\/prodotto\/siero-quotidiano-405\/\",\"name\":\"DAILY SERUM 405 | Matignon\",\"isPartOf\":{\"@id\":\"https:\/\/cliniquematignon.ch\/it\/#website\"},\"primaryImageOfPage\":{\"@id\":\"https:\/\/cliniquematignon.ch\/it\/prodotto\/siero-quotidiano-405\/#primaryimage\"},\"image\":{\"@id\":\"https:\/\/cliniquematignon.ch\/it\/prodotto\/siero-quotidiano-405\/#primaryimage\"},\"thumbnailUrl\":\"https:\/\/cliniquematignon.ch\/wp-content\/uploads\/2025\/11\/ds-405-primary..png\",\"datePublished\":\"2025-11-20T15:13:38+00:00\",\"dateModified\":\"2026-03-12T16:34:13+00:00\",\"breadcrumb\":{\"@id\":\"https:\/\/cliniquematignon.ch\/it\/prodotto\/siero-quotidiano-405\/#breadcrumb\"},\"inLanguage\":\"it-CH\",\"potentialAction\":[{\"@type\":\"ReadAction\",\"target\":[\"https:\/\/cliniquematignon.ch\/it\/prodotto\/siero-quotidiano-405\/\"]}]},{\"@type\":\"ImageObject\",\"inLanguage\":\"it-CH\",\"@id\":\"https:\/\/cliniquematignon.ch\/it\/prodotto\/siero-quotidiano-405\/#primaryimage\",\"url\":\"https:\/\/cliniquematignon.ch\/wp-content\/uploads\/2025\/11\/ds-405-primary..png\",\"contentUrl\":\"https:\/\/cliniquematignon.ch\/wp-content\/uploads\/2025\/11\/ds-405-primary..png\",\"width\":1500,\"height\":1500},{\"@type\":\"BreadcrumbList\",\"@id\":\"https:\/\/cliniquematignon.ch\/it\/prodotto\/siero-quotidiano-405\/#breadcrumb\",\"itemListElement\":[{\"@type\":\"ListItem\",\"position\":1,\"name\":\"Casa\",\"item\":\"https:\/\/cliniquematignon.ch\/it\/casa\/\"},{\"@type\":\"ListItem\",\"position\":2,\"name\":\"Negozio\",\"item\":\"https:\/\/cliniquematignon.ch\/it\/negozio\/\"},{\"@type\":\"ListItem\",\"position\":3,\"name\":\"DAILY SERUM 405\"}]},{\"@type\":\"WebSite\",\"@id\":\"https:\/\/cliniquematignon.ch\/it\/#website\",\"url\":\"https:\/\/cliniquematignon.ch\/it\/\",\"name\":\"Matignon\",\"description\":\"M\u00e9decine esth\u00e9tique\",\"publisher\":{\"@id\":\"https:\/\/cliniquematignon.ch\/it\/#organization\"},\"potentialAction\":[{\"@type\":\"SearchAction\",\"target\":{\"@type\":\"EntryPoint\",\"urlTemplate\":\"https:\/\/cliniquematignon.ch\/it\/?s={search_term_string}\"},\"query-input\":{\"@type\":\"PropertyValueSpecification\",\"valueRequired\":true,\"valueName\":\"search_term_string\"}}],\"inLanguage\":\"it-CH\"},{\"@type\":\"Organization\",\"@id\":\"https:\/\/cliniquematignon.ch\/it\/#organization\",\"name\":\"Matignon\",\"url\":\"https:\/\/cliniquematignon.ch\/it\/\",\"logo\":{\"@type\":\"ImageObject\",\"inLanguage\":\"it-CH\",\"@id\":\"https:\/\/cliniquematignon.ch\/it\/#\/schema\/logo\/image\/\",\"url\":\"https:\/\/cliniquematignon.ch\/wp-content\/uploads\/2023\/06\/mat-logo-black..svg\",\"contentUrl\":\"https:\/\/cliniquematignon.ch\/wp-content\/uploads\/2023\/06\/mat-logo-black..svg\",\"width\":1,\"height\":1,\"caption\":\"Matignon\"},\"image\":{\"@id\":\"https:\/\/cliniquematignon.ch\/it\/#\/schema\/logo\/image\/\"},\"sameAs\":[\"https:\/\/www.facebook.com\/lescliniquesmatignon\/\"]}]}<\/script>\n<!-- \/ Yoast SEO Premium plugin. -->","yoast_head_json":{"title":"DAILY SERUM 405 | Matignon","robots":{"index":"index","follow":"follow","max-snippet":"max-snippet:-1","max-image-preview":"max-image-preview:large","max-video-preview":"max-video-preview:-1"},"canonical":"https:\/\/cliniquematignon.ch\/it\/prodotto\/siero-quotidiano-405\/","og_locale":"it_IT","og_type":"article","og_title":"DAILY SERUM 405","og_description":"DAILY SERUM 405 \u00e8 un siero antiossidante per la difesa della pelle. Formulato dalla dottoressa Patricia Delarive, questo trattamento quotidiano potenzia le difese naturali della pelle, riduce le irregolarit\u00e0 della pigmentazione e protegge dall&#8217;invecchiamento precoce. La sua efficacia si basa su un potente cocktail: Vitamina C pura (5%): importante antiossidante, protegge dai radicali liberi, stimola [&hellip;]","og_url":"https:\/\/cliniquematignon.ch\/it\/prodotto\/siero-quotidiano-405\/","og_site_name":"Matignon","article_publisher":"https:\/\/www.facebook.com\/lescliniquesmatignon\/","article_modified_time":"2026-03-12T16:34:13+00:00","og_image":[{"width":1500,"height":1500,"url":"https:\/\/cliniquematignon.ch\/wp-content\/uploads\/2025\/11\/ds-405-primary..png","type":"image\/png"}],"twitter_card":"summary_large_image","twitter_misc":{"Est. reading time":"1 minute"},"schema":{"@context":"https:\/\/schema.org","@graph":[{"@type":"WebPage","@id":"https:\/\/cliniquematignon.ch\/it\/prodotto\/siero-quotidiano-405\/","url":"https:\/\/cliniquematignon.ch\/it\/prodotto\/siero-quotidiano-405\/","name":"DAILY SERUM 405 | Matignon","isPartOf":{"@id":"https:\/\/cliniquematignon.ch\/it\/#website"},"primaryImageOfPage":{"@id":"https:\/\/cliniquematignon.ch\/it\/prodotto\/siero-quotidiano-405\/#primaryimage"},"image":{"@id":"https:\/\/cliniquematignon.ch\/it\/prodotto\/siero-quotidiano-405\/#primaryimage"},"thumbnailUrl":"https:\/\/cliniquematignon.ch\/wp-content\/uploads\/2025\/11\/ds-405-primary..png","datePublished":"2025-11-20T15:13:38+00:00","dateModified":"2026-03-12T16:34:13+00:00","breadcrumb":{"@id":"https:\/\/cliniquematignon.ch\/it\/prodotto\/siero-quotidiano-405\/#breadcrumb"},"inLanguage":"it-CH","potentialAction":[{"@type":"ReadAction","target":["https:\/\/cliniquematignon.ch\/it\/prodotto\/siero-quotidiano-405\/"]}]},{"@type":"ImageObject","inLanguage":"it-CH","@id":"https:\/\/cliniquematignon.ch\/it\/prodotto\/siero-quotidiano-405\/#primaryimage","url":"https:\/\/cliniquematignon.ch\/wp-content\/uploads\/2025\/11\/ds-405-primary..png","contentUrl":"https:\/\/cliniquematignon.ch\/wp-content\/uploads\/2025\/11\/ds-405-primary..png","width":1500,"height":1500},{"@type":"BreadcrumbList","@id":"https:\/\/cliniquematignon.ch\/it\/prodotto\/siero-quotidiano-405\/#breadcrumb","itemListElement":[{"@type":"ListItem","position":1,"name":"Casa","item":"https:\/\/cliniquematignon.ch\/it\/casa\/"},{"@type":"ListItem","position":2,"name":"Negozio","item":"https:\/\/cliniquematignon.ch\/it\/negozio\/"},{"@type":"ListItem","position":3,"name":"DAILY SERUM 405"}]},{"@type":"WebSite","@id":"https:\/\/cliniquematignon.ch\/it\/#website","url":"https:\/\/cliniquematignon.ch\/it\/","name":"Matignon","description":"M\u00e9decine esth\u00e9tique","publisher":{"@id":"https:\/\/cliniquematignon.ch\/it\/#organization"},"potentialAction":[{"@type":"SearchAction","target":{"@type":"EntryPoint","urlTemplate":"https:\/\/cliniquematignon.ch\/it\/?s={search_term_string}"},"query-input":{"@type":"PropertyValueSpecification","valueRequired":true,"valueName":"search_term_string"}}],"inLanguage":"it-CH"},{"@type":"Organization","@id":"https:\/\/cliniquematignon.ch\/it\/#organization","name":"Matignon","url":"https:\/\/cliniquematignon.ch\/it\/","logo":{"@type":"ImageObject","inLanguage":"it-CH","@id":"https:\/\/cliniquematignon.ch\/it\/#\/schema\/logo\/image\/","url":"https:\/\/cliniquematignon.ch\/wp-content\/uploads\/2023\/06\/mat-logo-black..svg","contentUrl":"https:\/\/cliniquematignon.ch\/wp-content\/uploads\/2023\/06\/mat-logo-black..svg","width":1,"height":1,"caption":"Matignon"},"image":{"@id":"https:\/\/cliniquematignon.ch\/it\/#\/schema\/logo\/image\/"},"sameAs":["https:\/\/www.facebook.com\/lescliniquesmatignon\/"]}]}},"_links":{"self":[{"href":"https:\/\/cliniquematignon.ch\/it\/wp-json\/wp\/v2\/product\/30236","targetHints":{"allow":["GET"]}}],"collection":[{"href":"https:\/\/cliniquematignon.ch\/it\/wp-json\/wp\/v2\/product"}],"about":[{"href":"https:\/\/cliniquematignon.ch\/it\/wp-json\/wp\/v2\/types\/product"}],"wp:featuredmedia":[{"embeddable":true,"href":"https:\/\/cliniquematignon.ch\/it\/wp-json\/wp\/v2\/media\/30227"}],"wp:attachment":[{"href":"https:\/\/cliniquematignon.ch\/it\/wp-json\/wp\/v2\/media?parent=30236"}],"wp:term":[{"taxonomy":"product_brand","embeddable":true,"href":"https:\/\/cliniquematignon.ch\/it\/wp-json\/wp\/v2\/product_brand?post=30236"},{"taxonomy":"product_cat","embeddable":true,"href":"https:\/\/cliniquematignon.ch\/it\/wp-json\/wp\/v2\/product_cat?post=30236"},{"taxonomy":"product_tag","embeddable":true,"href":"https:\/\/cliniquematignon.ch\/it\/wp-json\/wp\/v2\/product_tag?post=30236"},{"taxonomy":"brand_product","embeddable":true,"href":"https:\/\/cliniquematignon.ch\/it\/wp-json\/wp\/v2\/brand_product?post=30236"}],"curies":[{"name":"wp","href":"https:\/\/api.w.org\/{rel}","templated":true}]}}