{"id":30258,"date":"2025-11-20T16:49:35","date_gmt":"2025-11-20T15:49:35","guid":{"rendered":"https:\/\/cliniquematignon.ch\/product\/uomo-crema-553\/"},"modified":"2026-03-12T17:35:39","modified_gmt":"2026-03-12T16:35:39","slug":"uomo-crema-553","status":"publish","type":"product","link":"https:\/\/cliniquematignon.ch\/it\/prodotto\/uomo-crema-553\/","title":{"rendered":"MEN CREAM 553"},"content":{"rendered":"<p data-start=\"500\" data-end=\"720\">Studiata per rispondere alle esigenze specifiche della pelle maschile, pi\u00f9 spessa e grassa ma soggetta a rapidi cedimenti, la <strong>MEN CREAM 553<\/strong> Dr. Patricia Delarive \u00e8 un trattamento anti-et\u00e0 completo che unisce efficacia, comfort e tolleranza. <\/p>\n<p data-start=\"500\" data-end=\"720\">Una formula di nuova generazione per la pelle maschile.<\/p>\n<p data-start=\"722\" data-end=\"971\">La sua formula non grassa concentra i principi attivi della ricerca dermatologica, in particolare il 2% di <strong>retinolo HPR<\/strong> di ultima generazione e un complesso di 4 <strong>peptidi pro-collagene<\/strong>, per stimolare la compattezza, levigare la pelle e rinforzarne la struttura.<\/p>\n<p data-start=\"973\" data-end=\"1127\">Grazie all&#8217;aggiunta di <strong>squalano, shikonina, vitamina C<\/strong> ed<strong>estratto di noni<\/strong>, lenisce, protegge e rivitalizza, sostenendo la barriera cutanea.<\/p>\n<p data-start=\"1129\" data-end=\"1249\">Un trattamento esperto, ideale a partire dai 30 anni, per gli uomini che cercano una soluzione anti-et\u00e0 completa e performante su base quotidiana.<\/p>\n","protected":false},"excerpt":{"rendered":"<p>Studiata per rispondere alle esigenze specifiche della pelle maschile, pi\u00f9 spessa e grassa ma soggetta a rapidi cedimenti, la MEN CREAM 553 Dr. Patricia Delarive \u00e8 un trattamento anti-et\u00e0 completo che unisce efficacia, comfort e tolleranza. Una formula di nuova generazione per la pelle maschile. La sua formula non grassa concentra i principi attivi della [&hellip;]<\/p>\n","protected":false},"featured_media":30248,"template":"","meta":{"_acf_changed":false},"product_brand":[],"product_cat":[568],"product_tag":[],"brand_product":[567],"class_list":{"0":"post-30258","1":"product","2":"type-product","3":"status-publish","4":"has-post-thumbnail","6":"product_cat-matignon-di-delarive","7":"brand_product-matignon-del-dottor-delarive","9":"first","10":"instock","11":"taxable","12":"shipping-taxable","13":"purchasable","14":"product-type-simple"},"bundled_by":["32405"],"bundle_stock_status":"instock","bundle_stock_quantity":83,"bundle_virtual":false,"bundle_layout":"","bundle_add_to_cart_form_location":"","bundle_editable_in_cart":false,"bundle_sold_individually_context":"","bundle_item_grouping":"","bundle_min_size":"","bundle_max_size":"","bundle_price":[],"bundled_items":[],"bundle_sell_ids":[],"acf":[],"yoast_head":"<!-- This site is optimized with the Yoast SEO Premium plugin v27.1 (Yoast SEO v27.1.1) - https:\/\/yoast.com\/product\/yoast-seo-premium-wordpress\/ -->\n<title>MEN CREAM 553 | Matignon<\/title>\n<meta name=\"robots\" content=\"index, follow, max-snippet:-1, max-image-preview:large, max-video-preview:-1\" \/>\n<link rel=\"canonical\" href=\"https:\/\/cliniquematignon.ch\/it\/prodotto\/uomo-crema-553\/\" \/>\n<meta property=\"og:locale\" content=\"it_IT\" \/>\n<meta property=\"og:type\" content=\"article\" \/>\n<meta property=\"og:title\" content=\"MEN CREAM 553\" \/>\n<meta property=\"og:description\" content=\"Studiata per rispondere alle esigenze specifiche della pelle maschile, pi\u00f9 spessa e grassa ma soggetta a rapidi cedimenti, la MEN CREAM 553 Dr. Patricia Delarive \u00e8 un trattamento anti-et\u00e0 completo che unisce efficacia, comfort e tolleranza. Una formula di nuova generazione per la pelle maschile. La sua formula non grassa concentra i principi attivi della [&hellip;]\" \/>\n<meta property=\"og:url\" content=\"https:\/\/cliniquematignon.ch\/it\/prodotto\/uomo-crema-553\/\" \/>\n<meta property=\"og:site_name\" content=\"Matignon\" \/>\n<meta property=\"article:publisher\" content=\"https:\/\/www.facebook.com\/lescliniquesmatignon\/\" \/>\n<meta property=\"article:modified_time\" content=\"2026-03-12T16:35:39+00:00\" \/>\n<meta property=\"og:image\" content=\"https:\/\/cliniquematignon.ch\/wp-content\/uploads\/2025\/11\/mc-553-primary..png\" \/>\n\t<meta property=\"og:image:width\" content=\"1500\" \/>\n\t<meta property=\"og:image:height\" content=\"1500\" \/>\n\t<meta property=\"og:image:type\" content=\"image\/png\" \/>\n<meta name=\"twitter:card\" content=\"summary_large_image\" \/>\n<meta name=\"twitter:label1\" content=\"Est. reading time\" \/>\n\t<meta name=\"twitter:data1\" content=\"1 minute\" \/>\n<script type=\"application\/ld+json\" class=\"yoast-schema-graph\">{\"@context\":\"https:\/\/schema.org\",\"@graph\":[{\"@type\":\"WebPage\",\"@id\":\"https:\/\/cliniquematignon.ch\/it\/prodotto\/uomo-crema-553\/\",\"url\":\"https:\/\/cliniquematignon.ch\/it\/prodotto\/uomo-crema-553\/\",\"name\":\"MEN CREAM 553 | Matignon\",\"isPartOf\":{\"@id\":\"https:\/\/cliniquematignon.ch\/it\/#website\"},\"primaryImageOfPage\":{\"@id\":\"https:\/\/cliniquematignon.ch\/it\/prodotto\/uomo-crema-553\/#primaryimage\"},\"image\":{\"@id\":\"https:\/\/cliniquematignon.ch\/it\/prodotto\/uomo-crema-553\/#primaryimage\"},\"thumbnailUrl\":\"https:\/\/cliniquematignon.ch\/wp-content\/uploads\/2025\/11\/mc-553-primary..png\",\"datePublished\":\"2025-11-20T15:49:35+00:00\",\"dateModified\":\"2026-03-12T16:35:39+00:00\",\"breadcrumb\":{\"@id\":\"https:\/\/cliniquematignon.ch\/it\/prodotto\/uomo-crema-553\/#breadcrumb\"},\"inLanguage\":\"it-CH\",\"potentialAction\":[{\"@type\":\"ReadAction\",\"target\":[\"https:\/\/cliniquematignon.ch\/it\/prodotto\/uomo-crema-553\/\"]}]},{\"@type\":\"ImageObject\",\"inLanguage\":\"it-CH\",\"@id\":\"https:\/\/cliniquematignon.ch\/it\/prodotto\/uomo-crema-553\/#primaryimage\",\"url\":\"https:\/\/cliniquematignon.ch\/wp-content\/uploads\/2025\/11\/mc-553-primary..png\",\"contentUrl\":\"https:\/\/cliniquematignon.ch\/wp-content\/uploads\/2025\/11\/mc-553-primary..png\",\"width\":1500,\"height\":1500},{\"@type\":\"BreadcrumbList\",\"@id\":\"https:\/\/cliniquematignon.ch\/it\/prodotto\/uomo-crema-553\/#breadcrumb\",\"itemListElement\":[{\"@type\":\"ListItem\",\"position\":1,\"name\":\"Casa\",\"item\":\"https:\/\/cliniquematignon.ch\/it\/casa\/\"},{\"@type\":\"ListItem\",\"position\":2,\"name\":\"Negozio\",\"item\":\"https:\/\/cliniquematignon.ch\/it\/negozio\/\"},{\"@type\":\"ListItem\",\"position\":3,\"name\":\"MEN CREAM 553\"}]},{\"@type\":\"WebSite\",\"@id\":\"https:\/\/cliniquematignon.ch\/it\/#website\",\"url\":\"https:\/\/cliniquematignon.ch\/it\/\",\"name\":\"Matignon\",\"description\":\"M\u00e9decine esth\u00e9tique\",\"publisher\":{\"@id\":\"https:\/\/cliniquematignon.ch\/it\/#organization\"},\"potentialAction\":[{\"@type\":\"SearchAction\",\"target\":{\"@type\":\"EntryPoint\",\"urlTemplate\":\"https:\/\/cliniquematignon.ch\/it\/?s={search_term_string}\"},\"query-input\":{\"@type\":\"PropertyValueSpecification\",\"valueRequired\":true,\"valueName\":\"search_term_string\"}}],\"inLanguage\":\"it-CH\"},{\"@type\":\"Organization\",\"@id\":\"https:\/\/cliniquematignon.ch\/it\/#organization\",\"name\":\"Matignon\",\"url\":\"https:\/\/cliniquematignon.ch\/it\/\",\"logo\":{\"@type\":\"ImageObject\",\"inLanguage\":\"it-CH\",\"@id\":\"https:\/\/cliniquematignon.ch\/it\/#\/schema\/logo\/image\/\",\"url\":\"https:\/\/cliniquematignon.ch\/wp-content\/uploads\/2023\/06\/mat-logo-black..svg\",\"contentUrl\":\"https:\/\/cliniquematignon.ch\/wp-content\/uploads\/2023\/06\/mat-logo-black..svg\",\"width\":1,\"height\":1,\"caption\":\"Matignon\"},\"image\":{\"@id\":\"https:\/\/cliniquematignon.ch\/it\/#\/schema\/logo\/image\/\"},\"sameAs\":[\"https:\/\/www.facebook.com\/lescliniquesmatignon\/\"]}]}<\/script>\n<!-- \/ Yoast SEO Premium plugin. -->","yoast_head_json":{"title":"MEN CREAM 553 | Matignon","robots":{"index":"index","follow":"follow","max-snippet":"max-snippet:-1","max-image-preview":"max-image-preview:large","max-video-preview":"max-video-preview:-1"},"canonical":"https:\/\/cliniquematignon.ch\/it\/prodotto\/uomo-crema-553\/","og_locale":"it_IT","og_type":"article","og_title":"MEN CREAM 553","og_description":"Studiata per rispondere alle esigenze specifiche della pelle maschile, pi\u00f9 spessa e grassa ma soggetta a rapidi cedimenti, la MEN CREAM 553 Dr. Patricia Delarive \u00e8 un trattamento anti-et\u00e0 completo che unisce efficacia, comfort e tolleranza. Una formula di nuova generazione per la pelle maschile. La sua formula non grassa concentra i principi attivi della [&hellip;]","og_url":"https:\/\/cliniquematignon.ch\/it\/prodotto\/uomo-crema-553\/","og_site_name":"Matignon","article_publisher":"https:\/\/www.facebook.com\/lescliniquesmatignon\/","article_modified_time":"2026-03-12T16:35:39+00:00","og_image":[{"width":1500,"height":1500,"url":"https:\/\/cliniquematignon.ch\/wp-content\/uploads\/2025\/11\/mc-553-primary..png","type":"image\/png"}],"twitter_card":"summary_large_image","twitter_misc":{"Est. reading time":"1 minute"},"schema":{"@context":"https:\/\/schema.org","@graph":[{"@type":"WebPage","@id":"https:\/\/cliniquematignon.ch\/it\/prodotto\/uomo-crema-553\/","url":"https:\/\/cliniquematignon.ch\/it\/prodotto\/uomo-crema-553\/","name":"MEN CREAM 553 | Matignon","isPartOf":{"@id":"https:\/\/cliniquematignon.ch\/it\/#website"},"primaryImageOfPage":{"@id":"https:\/\/cliniquematignon.ch\/it\/prodotto\/uomo-crema-553\/#primaryimage"},"image":{"@id":"https:\/\/cliniquematignon.ch\/it\/prodotto\/uomo-crema-553\/#primaryimage"},"thumbnailUrl":"https:\/\/cliniquematignon.ch\/wp-content\/uploads\/2025\/11\/mc-553-primary..png","datePublished":"2025-11-20T15:49:35+00:00","dateModified":"2026-03-12T16:35:39+00:00","breadcrumb":{"@id":"https:\/\/cliniquematignon.ch\/it\/prodotto\/uomo-crema-553\/#breadcrumb"},"inLanguage":"it-CH","potentialAction":[{"@type":"ReadAction","target":["https:\/\/cliniquematignon.ch\/it\/prodotto\/uomo-crema-553\/"]}]},{"@type":"ImageObject","inLanguage":"it-CH","@id":"https:\/\/cliniquematignon.ch\/it\/prodotto\/uomo-crema-553\/#primaryimage","url":"https:\/\/cliniquematignon.ch\/wp-content\/uploads\/2025\/11\/mc-553-primary..png","contentUrl":"https:\/\/cliniquematignon.ch\/wp-content\/uploads\/2025\/11\/mc-553-primary..png","width":1500,"height":1500},{"@type":"BreadcrumbList","@id":"https:\/\/cliniquematignon.ch\/it\/prodotto\/uomo-crema-553\/#breadcrumb","itemListElement":[{"@type":"ListItem","position":1,"name":"Casa","item":"https:\/\/cliniquematignon.ch\/it\/casa\/"},{"@type":"ListItem","position":2,"name":"Negozio","item":"https:\/\/cliniquematignon.ch\/it\/negozio\/"},{"@type":"ListItem","position":3,"name":"MEN CREAM 553"}]},{"@type":"WebSite","@id":"https:\/\/cliniquematignon.ch\/it\/#website","url":"https:\/\/cliniquematignon.ch\/it\/","name":"Matignon","description":"M\u00e9decine esth\u00e9tique","publisher":{"@id":"https:\/\/cliniquematignon.ch\/it\/#organization"},"potentialAction":[{"@type":"SearchAction","target":{"@type":"EntryPoint","urlTemplate":"https:\/\/cliniquematignon.ch\/it\/?s={search_term_string}"},"query-input":{"@type":"PropertyValueSpecification","valueRequired":true,"valueName":"search_term_string"}}],"inLanguage":"it-CH"},{"@type":"Organization","@id":"https:\/\/cliniquematignon.ch\/it\/#organization","name":"Matignon","url":"https:\/\/cliniquematignon.ch\/it\/","logo":{"@type":"ImageObject","inLanguage":"it-CH","@id":"https:\/\/cliniquematignon.ch\/it\/#\/schema\/logo\/image\/","url":"https:\/\/cliniquematignon.ch\/wp-content\/uploads\/2023\/06\/mat-logo-black..svg","contentUrl":"https:\/\/cliniquematignon.ch\/wp-content\/uploads\/2023\/06\/mat-logo-black..svg","width":1,"height":1,"caption":"Matignon"},"image":{"@id":"https:\/\/cliniquematignon.ch\/it\/#\/schema\/logo\/image\/"},"sameAs":["https:\/\/www.facebook.com\/lescliniquesmatignon\/"]}]}},"_links":{"self":[{"href":"https:\/\/cliniquematignon.ch\/it\/wp-json\/wp\/v2\/product\/30258","targetHints":{"allow":["GET"]}}],"collection":[{"href":"https:\/\/cliniquematignon.ch\/it\/wp-json\/wp\/v2\/product"}],"about":[{"href":"https:\/\/cliniquematignon.ch\/it\/wp-json\/wp\/v2\/types\/product"}],"wp:featuredmedia":[{"embeddable":true,"href":"https:\/\/cliniquematignon.ch\/it\/wp-json\/wp\/v2\/media\/30248"}],"wp:attachment":[{"href":"https:\/\/cliniquematignon.ch\/it\/wp-json\/wp\/v2\/media?parent=30258"}],"wp:term":[{"taxonomy":"product_brand","embeddable":true,"href":"https:\/\/cliniquematignon.ch\/it\/wp-json\/wp\/v2\/product_brand?post=30258"},{"taxonomy":"product_cat","embeddable":true,"href":"https:\/\/cliniquematignon.ch\/it\/wp-json\/wp\/v2\/product_cat?post=30258"},{"taxonomy":"product_tag","embeddable":true,"href":"https:\/\/cliniquematignon.ch\/it\/wp-json\/wp\/v2\/product_tag?post=30258"},{"taxonomy":"brand_product","embeddable":true,"href":"https:\/\/cliniquematignon.ch\/it\/wp-json\/wp\/v2\/brand_product?post=30258"}],"curies":[{"name":"wp","href":"https:\/\/api.w.org\/{rel}","templated":true}]}}