{"id":32123,"date":"2025-11-20T17:02:21","date_gmt":"2025-11-20T16:02:21","guid":{"rendered":"https:\/\/cliniquematignon.ch\/product\/soluzione-uomo-504\/"},"modified":"2026-03-12T17:32:54","modified_gmt":"2026-03-12T16:32:54","slug":"soluzione-uomo-504","status":"publish","type":"product","link":"https:\/\/cliniquematignon.ch\/it\/prodotto\/soluzione-uomo-504\/","title":{"rendered":"MEN SOLUTION 504"},"content":{"rendered":"<p data-start=\"241\" data-end=\"361\">La pelle degli uomini \u00e8 pi\u00f9 spessa e pi\u00f9 soggetta a lucidit\u00e0, imperfezioni e peli incarniti, quindi necessita di cure mirate.<\/p>\n<p data-start=\"363\" data-end=\"534\"><strong>MEN SOLUTION 504<\/strong> \u00e8 una soluzione fluida, a met\u00e0 strada tra un tonico e un siero, studiata per levigare, purificare e riequilibrare la pelle su base quotidiana o come trattamento intensivo.<\/p>\n<p data-start=\"536\" data-end=\"605\">Formulato per una tolleranza ottimale, agisce su pi\u00f9 livelli:<\/p>\n<ul data-start=\"606\" data-end=\"1010\">\n<li data-start=\"606\" data-end=\"708\">\n<p data-start=\"608\" data-end=\"708\"><strong>Acido glicolico al 3,5%<\/strong>: esfolia delicatamente, libera i pori e previene i peli incarniti.<\/p>\n<\/li>\n<li data-start=\"709\" data-end=\"804\">\n<p data-start=\"711\" data-end=\"804\"><strong>Shikonin<\/strong>: lenisce gli arrossamenti e le irritazioni post-rasatura, favorisce la rigenerazione della pelle.<\/p>\n<\/li>\n<li data-start=\"805\" data-end=\"898\">\n<p data-start=\"807\" data-end=\"898\"><strong>Estratto di noni<\/strong>: riequilibra il microbioma e rafforza le difese naturali della pelle.<\/p>\n<\/li>\n<li data-start=\"899\" data-end=\"1010\">\n<p data-start=\"901\" data-end=\"1010\"><strong>Peptidi del pro-collagene<\/strong>: stimolano la produzione di collagene, migliorando la compattezza e la struttura della pelle.<\/p>\n<\/li>\n<\/ul>\n<p data-start=\"1012\" data-end=\"1119\">Una routine semplice, rapida ed efficace per una pelle pi\u00f9 chiara e resistente, con un equilibrio duraturo.<\/p>\n","protected":false},"excerpt":{"rendered":"<p>La pelle degli uomini \u00e8 pi\u00f9 spessa e pi\u00f9 soggetta a lucidit\u00e0, imperfezioni e peli incarniti, quindi necessita di cure mirate. MEN SOLUTION 504 \u00e8 una soluzione fluida, a met\u00e0 strada tra un tonico e un siero, studiata per levigare, purificare e riequilibrare la pelle su base quotidiana o come trattamento intensivo. Formulato per una [&hellip;]<\/p>\n","protected":false},"featured_media":30264,"template":"","meta":{"_acf_changed":false},"product_brand":[],"product_cat":[568],"product_tag":[],"brand_product":[567],"class_list":{"0":"post-32123","1":"product","2":"type-product","3":"status-publish","4":"has-post-thumbnail","6":"product_cat-matignon-di-delarive","7":"brand_product-matignon-del-dottor-delarive","9":"first","10":"instock","11":"taxable","12":"shipping-taxable","13":"purchasable","14":"product-type-simple"},"bundled_by":["32405"],"bundle_stock_status":"instock","bundle_stock_quantity":94,"bundle_virtual":false,"bundle_layout":"","bundle_add_to_cart_form_location":"","bundle_editable_in_cart":false,"bundle_sold_individually_context":"","bundle_item_grouping":"","bundle_min_size":"","bundle_max_size":"","bundle_price":[],"bundled_items":[],"bundle_sell_ids":[],"acf":[],"yoast_head":"<!-- This site is optimized with the Yoast SEO Premium plugin v27.1 (Yoast SEO v27.1.1) - https:\/\/yoast.com\/product\/yoast-seo-premium-wordpress\/ -->\n<title>MEN SOLUTION 504 | Matignon<\/title>\n<meta name=\"robots\" content=\"index, follow, max-snippet:-1, max-image-preview:large, max-video-preview:-1\" \/>\n<link rel=\"canonical\" href=\"https:\/\/cliniquematignon.ch\/it\/prodotto\/soluzione-uomo-504\/\" \/>\n<meta property=\"og:locale\" content=\"it_IT\" \/>\n<meta property=\"og:type\" content=\"article\" \/>\n<meta property=\"og:title\" content=\"MEN SOLUTION 504\" \/>\n<meta property=\"og:description\" content=\"La pelle degli uomini \u00e8 pi\u00f9 spessa e pi\u00f9 soggetta a lucidit\u00e0, imperfezioni e peli incarniti, quindi necessita di cure mirate. MEN SOLUTION 504 \u00e8 una soluzione fluida, a met\u00e0 strada tra un tonico e un siero, studiata per levigare, purificare e riequilibrare la pelle su base quotidiana o come trattamento intensivo. Formulato per una [&hellip;]\" \/>\n<meta property=\"og:url\" content=\"https:\/\/cliniquematignon.ch\/it\/prodotto\/soluzione-uomo-504\/\" \/>\n<meta property=\"og:site_name\" content=\"Matignon\" \/>\n<meta property=\"article:publisher\" content=\"https:\/\/www.facebook.com\/lescliniquesmatignon\/\" \/>\n<meta property=\"article:modified_time\" content=\"2026-03-12T16:32:54+00:00\" \/>\n<meta property=\"og:image\" content=\"https:\/\/cliniquematignon.ch\/wp-content\/uploads\/2025\/11\/ms-504-primary..png\" \/>\n\t<meta property=\"og:image:width\" content=\"1500\" \/>\n\t<meta property=\"og:image:height\" content=\"1500\" \/>\n\t<meta property=\"og:image:type\" content=\"image\/png\" \/>\n<meta name=\"twitter:card\" content=\"summary_large_image\" \/>\n<meta name=\"twitter:label1\" content=\"Est. reading time\" \/>\n\t<meta name=\"twitter:data1\" content=\"1 minute\" \/>\n<script type=\"application\/ld+json\" class=\"yoast-schema-graph\">{\"@context\":\"https:\/\/schema.org\",\"@graph\":[{\"@type\":\"WebPage\",\"@id\":\"https:\/\/cliniquematignon.ch\/it\/prodotto\/soluzione-uomo-504\/\",\"url\":\"https:\/\/cliniquematignon.ch\/it\/prodotto\/soluzione-uomo-504\/\",\"name\":\"MEN SOLUTION 504 | Matignon\",\"isPartOf\":{\"@id\":\"https:\/\/cliniquematignon.ch\/it\/#website\"},\"primaryImageOfPage\":{\"@id\":\"https:\/\/cliniquematignon.ch\/it\/prodotto\/soluzione-uomo-504\/#primaryimage\"},\"image\":{\"@id\":\"https:\/\/cliniquematignon.ch\/it\/prodotto\/soluzione-uomo-504\/#primaryimage\"},\"thumbnailUrl\":\"https:\/\/cliniquematignon.ch\/wp-content\/uploads\/2025\/11\/ms-504-primary..png\",\"datePublished\":\"2025-11-20T16:02:21+00:00\",\"dateModified\":\"2026-03-12T16:32:54+00:00\",\"breadcrumb\":{\"@id\":\"https:\/\/cliniquematignon.ch\/it\/prodotto\/soluzione-uomo-504\/#breadcrumb\"},\"inLanguage\":\"it-CH\",\"potentialAction\":[{\"@type\":\"ReadAction\",\"target\":[\"https:\/\/cliniquematignon.ch\/it\/prodotto\/soluzione-uomo-504\/\"]}]},{\"@type\":\"ImageObject\",\"inLanguage\":\"it-CH\",\"@id\":\"https:\/\/cliniquematignon.ch\/it\/prodotto\/soluzione-uomo-504\/#primaryimage\",\"url\":\"https:\/\/cliniquematignon.ch\/wp-content\/uploads\/2025\/11\/ms-504-primary..png\",\"contentUrl\":\"https:\/\/cliniquematignon.ch\/wp-content\/uploads\/2025\/11\/ms-504-primary..png\",\"width\":1500,\"height\":1500},{\"@type\":\"BreadcrumbList\",\"@id\":\"https:\/\/cliniquematignon.ch\/it\/prodotto\/soluzione-uomo-504\/#breadcrumb\",\"itemListElement\":[{\"@type\":\"ListItem\",\"position\":1,\"name\":\"Casa\",\"item\":\"https:\/\/cliniquematignon.ch\/it\/casa\/\"},{\"@type\":\"ListItem\",\"position\":2,\"name\":\"Negozio\",\"item\":\"https:\/\/cliniquematignon.ch\/it\/negozio\/\"},{\"@type\":\"ListItem\",\"position\":3,\"name\":\"MEN SOLUTION 504\"}]},{\"@type\":\"WebSite\",\"@id\":\"https:\/\/cliniquematignon.ch\/it\/#website\",\"url\":\"https:\/\/cliniquematignon.ch\/it\/\",\"name\":\"Matignon\",\"description\":\"M\u00e9decine esth\u00e9tique\",\"publisher\":{\"@id\":\"https:\/\/cliniquematignon.ch\/it\/#organization\"},\"potentialAction\":[{\"@type\":\"SearchAction\",\"target\":{\"@type\":\"EntryPoint\",\"urlTemplate\":\"https:\/\/cliniquematignon.ch\/it\/?s={search_term_string}\"},\"query-input\":{\"@type\":\"PropertyValueSpecification\",\"valueRequired\":true,\"valueName\":\"search_term_string\"}}],\"inLanguage\":\"it-CH\"},{\"@type\":\"Organization\",\"@id\":\"https:\/\/cliniquematignon.ch\/it\/#organization\",\"name\":\"Matignon\",\"url\":\"https:\/\/cliniquematignon.ch\/it\/\",\"logo\":{\"@type\":\"ImageObject\",\"inLanguage\":\"it-CH\",\"@id\":\"https:\/\/cliniquematignon.ch\/it\/#\/schema\/logo\/image\/\",\"url\":\"https:\/\/cliniquematignon.ch\/wp-content\/uploads\/2023\/06\/mat-logo-black..svg\",\"contentUrl\":\"https:\/\/cliniquematignon.ch\/wp-content\/uploads\/2023\/06\/mat-logo-black..svg\",\"width\":1,\"height\":1,\"caption\":\"Matignon\"},\"image\":{\"@id\":\"https:\/\/cliniquematignon.ch\/it\/#\/schema\/logo\/image\/\"},\"sameAs\":[\"https:\/\/www.facebook.com\/lescliniquesmatignon\/\"]}]}<\/script>\n<!-- \/ Yoast SEO Premium plugin. -->","yoast_head_json":{"title":"MEN SOLUTION 504 | Matignon","robots":{"index":"index","follow":"follow","max-snippet":"max-snippet:-1","max-image-preview":"max-image-preview:large","max-video-preview":"max-video-preview:-1"},"canonical":"https:\/\/cliniquematignon.ch\/it\/prodotto\/soluzione-uomo-504\/","og_locale":"it_IT","og_type":"article","og_title":"MEN SOLUTION 504","og_description":"La pelle degli uomini \u00e8 pi\u00f9 spessa e pi\u00f9 soggetta a lucidit\u00e0, imperfezioni e peli incarniti, quindi necessita di cure mirate. MEN SOLUTION 504 \u00e8 una soluzione fluida, a met\u00e0 strada tra un tonico e un siero, studiata per levigare, purificare e riequilibrare la pelle su base quotidiana o come trattamento intensivo. Formulato per una [&hellip;]","og_url":"https:\/\/cliniquematignon.ch\/it\/prodotto\/soluzione-uomo-504\/","og_site_name":"Matignon","article_publisher":"https:\/\/www.facebook.com\/lescliniquesmatignon\/","article_modified_time":"2026-03-12T16:32:54+00:00","og_image":[{"width":1500,"height":1500,"url":"https:\/\/cliniquematignon.ch\/wp-content\/uploads\/2025\/11\/ms-504-primary..png","type":"image\/png"}],"twitter_card":"summary_large_image","twitter_misc":{"Est. reading time":"1 minute"},"schema":{"@context":"https:\/\/schema.org","@graph":[{"@type":"WebPage","@id":"https:\/\/cliniquematignon.ch\/it\/prodotto\/soluzione-uomo-504\/","url":"https:\/\/cliniquematignon.ch\/it\/prodotto\/soluzione-uomo-504\/","name":"MEN SOLUTION 504 | Matignon","isPartOf":{"@id":"https:\/\/cliniquematignon.ch\/it\/#website"},"primaryImageOfPage":{"@id":"https:\/\/cliniquematignon.ch\/it\/prodotto\/soluzione-uomo-504\/#primaryimage"},"image":{"@id":"https:\/\/cliniquematignon.ch\/it\/prodotto\/soluzione-uomo-504\/#primaryimage"},"thumbnailUrl":"https:\/\/cliniquematignon.ch\/wp-content\/uploads\/2025\/11\/ms-504-primary..png","datePublished":"2025-11-20T16:02:21+00:00","dateModified":"2026-03-12T16:32:54+00:00","breadcrumb":{"@id":"https:\/\/cliniquematignon.ch\/it\/prodotto\/soluzione-uomo-504\/#breadcrumb"},"inLanguage":"it-CH","potentialAction":[{"@type":"ReadAction","target":["https:\/\/cliniquematignon.ch\/it\/prodotto\/soluzione-uomo-504\/"]}]},{"@type":"ImageObject","inLanguage":"it-CH","@id":"https:\/\/cliniquematignon.ch\/it\/prodotto\/soluzione-uomo-504\/#primaryimage","url":"https:\/\/cliniquematignon.ch\/wp-content\/uploads\/2025\/11\/ms-504-primary..png","contentUrl":"https:\/\/cliniquematignon.ch\/wp-content\/uploads\/2025\/11\/ms-504-primary..png","width":1500,"height":1500},{"@type":"BreadcrumbList","@id":"https:\/\/cliniquematignon.ch\/it\/prodotto\/soluzione-uomo-504\/#breadcrumb","itemListElement":[{"@type":"ListItem","position":1,"name":"Casa","item":"https:\/\/cliniquematignon.ch\/it\/casa\/"},{"@type":"ListItem","position":2,"name":"Negozio","item":"https:\/\/cliniquematignon.ch\/it\/negozio\/"},{"@type":"ListItem","position":3,"name":"MEN SOLUTION 504"}]},{"@type":"WebSite","@id":"https:\/\/cliniquematignon.ch\/it\/#website","url":"https:\/\/cliniquematignon.ch\/it\/","name":"Matignon","description":"M\u00e9decine esth\u00e9tique","publisher":{"@id":"https:\/\/cliniquematignon.ch\/it\/#organization"},"potentialAction":[{"@type":"SearchAction","target":{"@type":"EntryPoint","urlTemplate":"https:\/\/cliniquematignon.ch\/it\/?s={search_term_string}"},"query-input":{"@type":"PropertyValueSpecification","valueRequired":true,"valueName":"search_term_string"}}],"inLanguage":"it-CH"},{"@type":"Organization","@id":"https:\/\/cliniquematignon.ch\/it\/#organization","name":"Matignon","url":"https:\/\/cliniquematignon.ch\/it\/","logo":{"@type":"ImageObject","inLanguage":"it-CH","@id":"https:\/\/cliniquematignon.ch\/it\/#\/schema\/logo\/image\/","url":"https:\/\/cliniquematignon.ch\/wp-content\/uploads\/2023\/06\/mat-logo-black..svg","contentUrl":"https:\/\/cliniquematignon.ch\/wp-content\/uploads\/2023\/06\/mat-logo-black..svg","width":1,"height":1,"caption":"Matignon"},"image":{"@id":"https:\/\/cliniquematignon.ch\/it\/#\/schema\/logo\/image\/"},"sameAs":["https:\/\/www.facebook.com\/lescliniquesmatignon\/"]}]}},"_links":{"self":[{"href":"https:\/\/cliniquematignon.ch\/it\/wp-json\/wp\/v2\/product\/32123","targetHints":{"allow":["GET"]}}],"collection":[{"href":"https:\/\/cliniquematignon.ch\/it\/wp-json\/wp\/v2\/product"}],"about":[{"href":"https:\/\/cliniquematignon.ch\/it\/wp-json\/wp\/v2\/types\/product"}],"wp:featuredmedia":[{"embeddable":true,"href":"https:\/\/cliniquematignon.ch\/it\/wp-json\/wp\/v2\/media\/30264"}],"wp:attachment":[{"href":"https:\/\/cliniquematignon.ch\/it\/wp-json\/wp\/v2\/media?parent=32123"}],"wp:term":[{"taxonomy":"product_brand","embeddable":true,"href":"https:\/\/cliniquematignon.ch\/it\/wp-json\/wp\/v2\/product_brand?post=32123"},{"taxonomy":"product_cat","embeddable":true,"href":"https:\/\/cliniquematignon.ch\/it\/wp-json\/wp\/v2\/product_cat?post=32123"},{"taxonomy":"product_tag","embeddable":true,"href":"https:\/\/cliniquematignon.ch\/it\/wp-json\/wp\/v2\/product_tag?post=32123"},{"taxonomy":"brand_product","embeddable":true,"href":"https:\/\/cliniquematignon.ch\/it\/wp-json\/wp\/v2\/brand_product?post=32123"}],"curies":[{"name":"wp","href":"https:\/\/api.w.org\/{rel}","templated":true}]}}