{"id":35094,"date":"2026-03-01T08:00:30","date_gmt":"2026-03-01T07:00:30","guid":{"rendered":"https:\/\/cliniquematignon.ch\/product\/laser-completo-viso-fraxel-3-per-2\/"},"modified":"2026-03-02T17:17:23","modified_gmt":"2026-03-02T16:17:23","slug":"laser-fraxel-3-per-2","status":"publish","type":"product","link":"https:\/\/cliniquematignon.ch\/it\/prodotto\/laser-fraxel-3-per-2\/","title":{"rendered":"LASER COMPLETO VISO FRAXEL - 3 per 2"},"content":{"rendered":"<h4 data-start=\"118\" data-end=\"150\">Resurfacing. Nuovo effetto pelle.<\/h4>\n<p data-start=\"152\" data-end=\"241\">\u2728 <strong data-start=\"154\" data-end=\"195\">3 sedute Full Face al prezzo di 2<\/strong><br data-start=\"195\" data-end=\"198\" \/>\ud83d\udcb8 <strong data-start=\"201\" data-end=\"239\">CHF 1.400 invece di CHF 2.100<br \/>\n<\/strong><strong>+ Trattamento SOS DROPS 505 Dr. Patricia Delarive incluso. <\/strong><\/p>\n<p data-start=\"277\" data-end=\"424\">Il laser Fraxel \u00e8 un laser frazionale che stimola intensamente la produzione di collagene.<\/p>\n<p data-start=\"426\" data-end=\"516\">Agisce in profondit\u00e0 per correggere le irregolarit\u00e0 rispettando i tessuti sani.<\/p>\n<p data-start=\"518\" data-end=\"643\">Una tecnologia medica precisa.<br data-start=\"551\" data-end=\"554\" \/>Un protocollo su misura.<br data-start=\"578\" data-end=\"581\" \/>Un miglioramento graduale e duraturo della qualit\u00e0 della pelle.<\/p>\n<h5 data-start=\"765\" data-end=\"779\">Indicazioni<\/h5>\n<p data-start=\"781\" data-end=\"949\">- Struttura irregolare della pelle.<br data-start=\"807\" data-end=\"810\" \/>- Cicatrici da acne.<br data-start=\"829\" data-end=\"832\" \/>- Macchie solari.<br data-start=\"849\" data-end=\"852\" \/>- Melasma.<br data-start=\"861\" data-end=\"864\" \/>- Pori dilatati.<br data-start=\"879\" data-end=\"882\" \/>- Leggero rilassamento della pelle.<br data-start=\"908\" data-end=\"911\" \/>- Colorito spento o non uniforme.<\/p>\n<h5 data-start=\"956\" data-end=\"981\">Benefici visibili<\/h5>\n<p data-start=\"357\" data-end=\"562\">La texture \u00e8 affinata.<br data-start=\"377\" data-end=\"380\" \/>L&#8217;incarnato diventa pi\u00f9 uniforme.<br data-start=\"410\" data-end=\"413\" \/>Le macchie si attenuano gradualmente.<br data-start=\"452\" data-end=\"455\" \/>Le rughe sottili si attenuano.<br data-start=\"482\" data-end=\"485\" \/>Le cicatrici da acne si attenuano.<br data-start=\"519\" data-end=\"522\" \/>La pelle appare pi\u00f9 densa e compatta.<\/p>\n<p data-start=\"564\" data-end=\"616\">Sessione dopo sessione, la qualit\u00e0 della pelle migliora.<\/p>\n<p data-start=\"618\" data-end=\"755\">Il Fraxel agisce in superficie <strong data-start=\"644\" data-end=\"650\">e in<\/strong> profondit\u00e0.<br data-start=\"665\" data-end=\"668\" \/>Stimola la rigenerazione dei tessuti e favorisce la produzione naturale di collagene.<\/p>\n<h5 data-start=\"1324\" data-end=\"1347\">Perch\u00e9 3 sessioni?<\/h5>\n<p data-start=\"1349\" data-end=\"1396\">Il collagene \u00e8 stimolato dai cicli biologici.<\/p>\n<p data-start=\"1398\" data-end=\"1550\">Un protocollo di 3 sedute permette:<br data-start=\"1432\" data-end=\"1435\" \/>- Una stimolazione ripetuta e controllata.<br data-start=\"1473\" data-end=\"1476\" \/>- Una correzione pi\u00f9 completa.<br data-start=\"1506\" data-end=\"1509\" \/>- Un risultato pi\u00f9 stabile nel tempo.<\/p>\n<p data-start=\"1552\" data-end=\"1607\">La pelle si sviluppa in modo graduale e armonioso.<\/p>\n<p data-start=\"1614\" data-end=\"1639\"><strong>+ Trattamento SOS DROPS 505 Dr. Patricia Delarive di 7 giorni incluso. <\/strong><br \/>\n<strong>Una formula esperta per accompagnare la rigenerazione cutanea e sostenere la pelle dopo ogni seduta.<\/strong><\/p>\n<h6 data-start=\"1823\" data-end=\"1856\">Come funziona il Fraxel?<\/h6>\n<p data-start=\"1858\" data-end=\"1967\">Il laser colpisce l&#8217;acqua contenuta nella pelle e crea microcolonne di stimolazione termica nel derma.<\/p>\n<p data-start=\"1969\" data-end=\"2069\">Queste microzone innescano un processo naturale di riparazione dei tessuti e di neocollagenogenesi.<\/p>\n<p data-start=\"2071\" data-end=\"2126\">La pelle sana viene preservata tra ogni area trattata.<\/p>\n<p data-start=\"2128\" data-end=\"2199\">Recupero rapido.<br data-start=\"2149\" data-end=\"2152\" \/>Stimolazione profonda.<br data-start=\"2174\" data-end=\"2177\" \/>Benefici duraturi.<\/p>\n<p data-start=\"2217\" data-end=\"2337\">Leggero arrossamento ed edema per 24-48 ore.<br data-start=\"2258\" data-end=\"2261\" \/>Le sedute possono essere facilmente integrate in un&#8217;attivit\u00e0 professionale attiva.<\/p>\n<p data-start=\"2339\" data-end=\"2467\">I risultati diventano visibili gradualmente, raggiungendo il loro pieno potenziale poche settimane dopo l&#8217;ultima seduta.<\/p>\n<p data-start=\"2687\" data-end=\"2742\">Pelle pi\u00f9 liscia.<br data-start=\"2707\" data-end=\"2710\" \/>Tono della pelle pi\u00f9 uniforme.<br data-start=\"2724\" data-end=\"2727\" \/>Pelle pi\u00f9 luminosa.<\/p>\n<p data-start=\"2744\" data-end=\"2780\">FRAXEL.<br data-start=\"2751\" data-end=\"2754\" \/>Rigenerazione controllata.<\/p>\n<h6 data-start=\"2782\" data-end=\"2844\"><strong data-start=\"2782\" data-end=\"2812\">MATIGNON, <\/strong><strong data-start=\"2782\" data-end=\"2812\">COSA CAMBIA ?<\/strong><br data-start=\"2812\" data-end=\"2815\" \/><strong data-start=\"2815\" data-end=\"2844\">MATIGNON, CAMBIA TUTTO.<\/strong><\/h6>\n<p data-start=\"2846\" data-end=\"2908\" data-is-last-node=\"\" data-is-only-node=\"\"><em data-start=\"2846\" data-end=\"2908\" data-is-last-node=\"\">Disponibile per un periodo limitato in tutte le nostre cliniche.<\/em><\/p>\n","protected":false},"excerpt":{"rendered":"<p>Resurfacing. Nuovo effetto pelle. \u2728 3 sedute Full Face al prezzo di 2\ud83d\udcb8 CHF 1.400 invece di CHF 2.100 + Trattamento SOS DROPS 505 Dr. Patricia Delarive incluso. Il laser Fraxel \u00e8 un laser frazionale che stimola intensamente la produzione di collagene. Agisce in profondit\u00e0 per correggere le irregolarit\u00e0 rispettando i tessuti sani. Una tecnologia [&hellip;]<\/p>\n","protected":false},"featured_media":35019,"template":"","meta":{"_acf_changed":false},"product_brand":[],"product_cat":[569],"product_tag":[],"brand_product":[],"class_list":{"0":"post-35094","1":"product","2":"type-product","3":"status-publish","4":"has-post-thumbnail","6":"product_cat-promozioni","8":"first","9":"instock","10":"sale","11":"taxable","12":"shipping-taxable","13":"purchasable","14":"product-type-simple"},"bundled_by":[],"bundle_stock_status":"instock","bundle_stock_quantity":null,"bundle_virtual":false,"bundle_layout":"","bundle_add_to_cart_form_location":"","bundle_editable_in_cart":false,"bundle_sold_individually_context":"","bundle_item_grouping":"","bundle_min_size":"","bundle_max_size":"","bundle_price":[],"bundled_items":[],"bundle_sell_ids":[],"acf":[],"yoast_head":"<!-- This site is optimized with the Yoast SEO Premium plugin v27.1 (Yoast SEO v27.1.1) - https:\/\/yoast.com\/product\/yoast-seo-premium-wordpress\/ -->\n<title>LASER COMPLETO VISO FRAXEL - 3 per 2 | Matignon<\/title>\n<meta name=\"robots\" content=\"index, follow, max-snippet:-1, max-image-preview:large, max-video-preview:-1\" \/>\n<link rel=\"canonical\" href=\"https:\/\/cliniquematignon.ch\/it\/prodotto\/laser-fraxel-3-per-2\/\" \/>\n<meta property=\"og:locale\" content=\"it_IT\" \/>\n<meta property=\"og:type\" content=\"article\" \/>\n<meta property=\"og:title\" content=\"LASER COMPLETO VISO FRAXEL - 3 per 2\" \/>\n<meta property=\"og:description\" content=\"Resurfacing. Nuovo effetto pelle. \u2728 3 sedute Full Face al prezzo di 2\ud83d\udcb8 CHF 1.400 invece di CHF 2.100 + Trattamento SOS DROPS 505 Dr. Patricia Delarive incluso. Il laser Fraxel \u00e8 un laser frazionale che stimola intensamente la produzione di collagene. Agisce in profondit\u00e0 per correggere le irregolarit\u00e0 rispettando i tessuti sani. Una tecnologia [&hellip;]\" \/>\n<meta property=\"og:url\" content=\"https:\/\/cliniquematignon.ch\/it\/prodotto\/laser-fraxel-3-per-2\/\" \/>\n<meta property=\"og:site_name\" content=\"Matignon\" \/>\n<meta property=\"article:publisher\" content=\"https:\/\/www.facebook.com\/lescliniquesmatignon\/\" \/>\n<meta property=\"article:modified_time\" content=\"2026-03-02T16:17:23+00:00\" \/>\n<meta property=\"og:image\" content=\"https:\/\/cliniquematignon.ch\/wp-content\/uploads\/2026\/03\/fraxel-offre-2026..jpg\" \/>\n\t<meta property=\"og:image:width\" content=\"1980\" \/>\n\t<meta property=\"og:image:height\" content=\"1890\" \/>\n\t<meta property=\"og:image:type\" content=\"image\/jpeg\" \/>\n<meta name=\"twitter:card\" content=\"summary_large_image\" \/>\n<meta name=\"twitter:label1\" content=\"Est. reading time\" \/>\n\t<meta name=\"twitter:data1\" content=\"2 minuti\" \/>\n<script type=\"application\/ld+json\" class=\"yoast-schema-graph\">{\"@context\":\"https:\/\/schema.org\",\"@graph\":[{\"@type\":\"WebPage\",\"@id\":\"https:\/\/cliniquematignon.ch\/it\/prodotto\/laser-fraxel-3-per-2\/\",\"url\":\"https:\/\/cliniquematignon.ch\/it\/prodotto\/laser-fraxel-3-per-2\/\",\"name\":\"LASER COMPLETO VISO FRAXEL - 3 per 2 | Matignon\",\"isPartOf\":{\"@id\":\"https:\/\/cliniquematignon.ch\/it\/#website\"},\"primaryImageOfPage\":{\"@id\":\"https:\/\/cliniquematignon.ch\/it\/prodotto\/laser-fraxel-3-per-2\/#primaryimage\"},\"image\":{\"@id\":\"https:\/\/cliniquematignon.ch\/it\/prodotto\/laser-fraxel-3-per-2\/#primaryimage\"},\"thumbnailUrl\":\"https:\/\/cliniquematignon.ch\/wp-content\/uploads\/2026\/03\/fraxel-offre-2026..jpg\",\"datePublished\":\"2026-03-01T07:00:30+00:00\",\"dateModified\":\"2026-03-02T16:17:23+00:00\",\"breadcrumb\":{\"@id\":\"https:\/\/cliniquematignon.ch\/it\/prodotto\/laser-fraxel-3-per-2\/#breadcrumb\"},\"inLanguage\":\"it-CH\",\"potentialAction\":[{\"@type\":\"ReadAction\",\"target\":[\"https:\/\/cliniquematignon.ch\/it\/prodotto\/laser-fraxel-3-per-2\/\"]}]},{\"@type\":\"ImageObject\",\"inLanguage\":\"it-CH\",\"@id\":\"https:\/\/cliniquematignon.ch\/it\/prodotto\/laser-fraxel-3-per-2\/#primaryimage\",\"url\":\"https:\/\/cliniquematignon.ch\/wp-content\/uploads\/2026\/03\/fraxel-offre-2026..jpg\",\"contentUrl\":\"https:\/\/cliniquematignon.ch\/wp-content\/uploads\/2026\/03\/fraxel-offre-2026..jpg\",\"width\":1980,\"height\":1890,\"caption\":\"Offerta Fraxel a Matignon 2026\"},{\"@type\":\"BreadcrumbList\",\"@id\":\"https:\/\/cliniquematignon.ch\/it\/prodotto\/laser-fraxel-3-per-2\/#breadcrumb\",\"itemListElement\":[{\"@type\":\"ListItem\",\"position\":1,\"name\":\"Casa\",\"item\":\"https:\/\/cliniquematignon.ch\/it\/casa\/\"},{\"@type\":\"ListItem\",\"position\":2,\"name\":\"Negozio\",\"item\":\"https:\/\/cliniquematignon.ch\/it\/negozio\/\"},{\"@type\":\"ListItem\",\"position\":3,\"name\":\"LASER COMPLETO VISO FRAXEL - 3 per 2\"}]},{\"@type\":\"WebSite\",\"@id\":\"https:\/\/cliniquematignon.ch\/it\/#website\",\"url\":\"https:\/\/cliniquematignon.ch\/it\/\",\"name\":\"Matignon\",\"description\":\"M\u00e9decine esth\u00e9tique\",\"publisher\":{\"@id\":\"https:\/\/cliniquematignon.ch\/it\/#organization\"},\"potentialAction\":[{\"@type\":\"SearchAction\",\"target\":{\"@type\":\"EntryPoint\",\"urlTemplate\":\"https:\/\/cliniquematignon.ch\/it\/?s={search_term_string}\"},\"query-input\":{\"@type\":\"PropertyValueSpecification\",\"valueRequired\":true,\"valueName\":\"search_term_string\"}}],\"inLanguage\":\"it-CH\"},{\"@type\":\"Organization\",\"@id\":\"https:\/\/cliniquematignon.ch\/it\/#organization\",\"name\":\"Matignon\",\"url\":\"https:\/\/cliniquematignon.ch\/it\/\",\"logo\":{\"@type\":\"ImageObject\",\"inLanguage\":\"it-CH\",\"@id\":\"https:\/\/cliniquematignon.ch\/it\/#\/schema\/logo\/image\/\",\"url\":\"https:\/\/cliniquematignon.ch\/wp-content\/uploads\/2023\/06\/mat-logo-black..svg\",\"contentUrl\":\"https:\/\/cliniquematignon.ch\/wp-content\/uploads\/2023\/06\/mat-logo-black..svg\",\"width\":1,\"height\":1,\"caption\":\"Matignon\"},\"image\":{\"@id\":\"https:\/\/cliniquematignon.ch\/it\/#\/schema\/logo\/image\/\"},\"sameAs\":[\"https:\/\/www.facebook.com\/lescliniquesmatignon\/\"]}]}<\/script>\n<!-- \/ Yoast SEO Premium plugin. -->","yoast_head_json":{"title":"LASER COMPLETO VISO FRAXEL - 3 per 2 | Matignon","robots":{"index":"index","follow":"follow","max-snippet":"max-snippet:-1","max-image-preview":"max-image-preview:large","max-video-preview":"max-video-preview:-1"},"canonical":"https:\/\/cliniquematignon.ch\/it\/prodotto\/laser-fraxel-3-per-2\/","og_locale":"it_IT","og_type":"article","og_title":"LASER COMPLETO VISO FRAXEL - 3 per 2","og_description":"Resurfacing. Nuovo effetto pelle. \u2728 3 sedute Full Face al prezzo di 2\ud83d\udcb8 CHF 1.400 invece di CHF 2.100 + Trattamento SOS DROPS 505 Dr. Patricia Delarive incluso. Il laser Fraxel \u00e8 un laser frazionale che stimola intensamente la produzione di collagene. Agisce in profondit\u00e0 per correggere le irregolarit\u00e0 rispettando i tessuti sani. Una tecnologia [&hellip;]","og_url":"https:\/\/cliniquematignon.ch\/it\/prodotto\/laser-fraxel-3-per-2\/","og_site_name":"Matignon","article_publisher":"https:\/\/www.facebook.com\/lescliniquesmatignon\/","article_modified_time":"2026-03-02T16:17:23+00:00","og_image":[{"width":1980,"height":1890,"url":"https:\/\/cliniquematignon.ch\/wp-content\/uploads\/2026\/03\/fraxel-offre-2026..jpg","type":"image\/jpeg"}],"twitter_card":"summary_large_image","twitter_misc":{"Est. reading time":"2 minuti"},"schema":{"@context":"https:\/\/schema.org","@graph":[{"@type":"WebPage","@id":"https:\/\/cliniquematignon.ch\/it\/prodotto\/laser-fraxel-3-per-2\/","url":"https:\/\/cliniquematignon.ch\/it\/prodotto\/laser-fraxel-3-per-2\/","name":"LASER COMPLETO VISO FRAXEL - 3 per 2 | Matignon","isPartOf":{"@id":"https:\/\/cliniquematignon.ch\/it\/#website"},"primaryImageOfPage":{"@id":"https:\/\/cliniquematignon.ch\/it\/prodotto\/laser-fraxel-3-per-2\/#primaryimage"},"image":{"@id":"https:\/\/cliniquematignon.ch\/it\/prodotto\/laser-fraxel-3-per-2\/#primaryimage"},"thumbnailUrl":"https:\/\/cliniquematignon.ch\/wp-content\/uploads\/2026\/03\/fraxel-offre-2026..jpg","datePublished":"2026-03-01T07:00:30+00:00","dateModified":"2026-03-02T16:17:23+00:00","breadcrumb":{"@id":"https:\/\/cliniquematignon.ch\/it\/prodotto\/laser-fraxel-3-per-2\/#breadcrumb"},"inLanguage":"it-CH","potentialAction":[{"@type":"ReadAction","target":["https:\/\/cliniquematignon.ch\/it\/prodotto\/laser-fraxel-3-per-2\/"]}]},{"@type":"ImageObject","inLanguage":"it-CH","@id":"https:\/\/cliniquematignon.ch\/it\/prodotto\/laser-fraxel-3-per-2\/#primaryimage","url":"https:\/\/cliniquematignon.ch\/wp-content\/uploads\/2026\/03\/fraxel-offre-2026..jpg","contentUrl":"https:\/\/cliniquematignon.ch\/wp-content\/uploads\/2026\/03\/fraxel-offre-2026..jpg","width":1980,"height":1890,"caption":"Offerta Fraxel a Matignon 2026"},{"@type":"BreadcrumbList","@id":"https:\/\/cliniquematignon.ch\/it\/prodotto\/laser-fraxel-3-per-2\/#breadcrumb","itemListElement":[{"@type":"ListItem","position":1,"name":"Casa","item":"https:\/\/cliniquematignon.ch\/it\/casa\/"},{"@type":"ListItem","position":2,"name":"Negozio","item":"https:\/\/cliniquematignon.ch\/it\/negozio\/"},{"@type":"ListItem","position":3,"name":"LASER COMPLETO VISO FRAXEL - 3 per 2"}]},{"@type":"WebSite","@id":"https:\/\/cliniquematignon.ch\/it\/#website","url":"https:\/\/cliniquematignon.ch\/it\/","name":"Matignon","description":"M\u00e9decine esth\u00e9tique","publisher":{"@id":"https:\/\/cliniquematignon.ch\/it\/#organization"},"potentialAction":[{"@type":"SearchAction","target":{"@type":"EntryPoint","urlTemplate":"https:\/\/cliniquematignon.ch\/it\/?s={search_term_string}"},"query-input":{"@type":"PropertyValueSpecification","valueRequired":true,"valueName":"search_term_string"}}],"inLanguage":"it-CH"},{"@type":"Organization","@id":"https:\/\/cliniquematignon.ch\/it\/#organization","name":"Matignon","url":"https:\/\/cliniquematignon.ch\/it\/","logo":{"@type":"ImageObject","inLanguage":"it-CH","@id":"https:\/\/cliniquematignon.ch\/it\/#\/schema\/logo\/image\/","url":"https:\/\/cliniquematignon.ch\/wp-content\/uploads\/2023\/06\/mat-logo-black..svg","contentUrl":"https:\/\/cliniquematignon.ch\/wp-content\/uploads\/2023\/06\/mat-logo-black..svg","width":1,"height":1,"caption":"Matignon"},"image":{"@id":"https:\/\/cliniquematignon.ch\/it\/#\/schema\/logo\/image\/"},"sameAs":["https:\/\/www.facebook.com\/lescliniquesmatignon\/"]}]}},"_links":{"self":[{"href":"https:\/\/cliniquematignon.ch\/it\/wp-json\/wp\/v2\/product\/35094","targetHints":{"allow":["GET"]}}],"collection":[{"href":"https:\/\/cliniquematignon.ch\/it\/wp-json\/wp\/v2\/product"}],"about":[{"href":"https:\/\/cliniquematignon.ch\/it\/wp-json\/wp\/v2\/types\/product"}],"wp:featuredmedia":[{"embeddable":true,"href":"https:\/\/cliniquematignon.ch\/it\/wp-json\/wp\/v2\/media\/35019"}],"wp:attachment":[{"href":"https:\/\/cliniquematignon.ch\/it\/wp-json\/wp\/v2\/media?parent=35094"}],"wp:term":[{"taxonomy":"product_brand","embeddable":true,"href":"https:\/\/cliniquematignon.ch\/it\/wp-json\/wp\/v2\/product_brand?post=35094"},{"taxonomy":"product_cat","embeddable":true,"href":"https:\/\/cliniquematignon.ch\/it\/wp-json\/wp\/v2\/product_cat?post=35094"},{"taxonomy":"product_tag","embeddable":true,"href":"https:\/\/cliniquematignon.ch\/it\/wp-json\/wp\/v2\/product_tag?post=35094"},{"taxonomy":"brand_product","embeddable":true,"href":"https:\/\/cliniquematignon.ch\/it\/wp-json\/wp\/v2\/brand_product?post=35094"}],"curies":[{"name":"wp","href":"https:\/\/api.w.org\/{rel}","templated":true}]}}