{"id":36108,"date":"2026-04-02T01:00:32","date_gmt":"2026-04-01T23:00:32","guid":{"rendered":"https:\/\/cliniquematignon.ch\/?post_type=product&#038;p=36108"},"modified":"2026-04-02T12:34:49","modified_gmt":"2026-04-02T10:34:49","slug":"coolsculpting-2026","status":"publish","type":"product","link":"https:\/\/cliniquematignon.ch\/it\/prodotto\/coolsculpting-2026\/","title":{"rendered":"-30% di sconto su CoolSculpting\u00ae: scolpite la vostra figura prima dell&#8217;estate."},"content":{"rendered":"<h5 class=\"font-claude-response-body break-words whitespace-normal leading-[1.7]\">\ud83c\udf38 <strong>3 mesi prima dell&#8217;estate.<br \/>\nIl vostro momento \u00e8 adesso.<\/strong><\/h5>\n<p class=\"font-claude-response-body break-words whitespace-normal leading-[1.7]\">I tempi migliori sono arrivati. Noi di Matignon non ci stiamo adagiando: stiamo riprogettando.<br \/>\nL<strong>&#8216;obiettivo \u00e8 quello di<\/strong> colpire le zone pi\u00f9 ostinate e arrivare all&#8217;estate con una figura pi\u00f9 pulita e tonica.<\/p>\n<h6 class=\"font-claude-response-body break-words whitespace-normal leading-[1.7]\">\ud83c\udfaf <strong>CoolSculpting. Il riferimento mondiale della criolipolisi medica. <\/strong><\/h6>\n<p class=\"font-claude-response-body break-words whitespace-normal leading-[1.7]\">Una tecnologia scientificamente validata che cristallizza ed elimina le cellule di grasso a lungo termine utilizzando il freddo controllato. <strong>Niente chirurgia<\/strong>, <strong>niente aghi<\/strong>, <strong>niente sfratto sociale<\/strong>. Il corpo fa il resto, naturalmente.<\/p>\n<p><strong>Risultato:<\/strong> fino al <strong>30% di grasso rimosso<\/strong> dall&#8217;area trattata in una sola seduta. Dal mento alle ginocchia, \u00e8 possibile scolpire <strong>pi\u00f9 di 10 aree<\/strong>. I risultati saranno visibili entro 3 mesi dal trattamento.<\/p>\n<h5 class=\"font-claude-response-body break-words whitespace-normal leading-[1.7]\">\ud83d\udcac <strong>Cosa cambia?<\/strong><\/h5>\n<p class=\"font-claude-response-body break-words whitespace-normal leading-[1.7]\">Uno specchio che fa sorridere.<br \/>\nUn indumento che non si esita a indossare.<br \/>\nUn&#8217;estate da non perdere.<\/p>\n<h6 class=\"font-claude-response-body break-words whitespace-normal leading-[1.7]\">\ud83d\udd25 <strong>A partire da CHF 460.- - <\/strong><strong>Offerta primavera: -30% sulle seguenti zone.<\/strong><\/h6>\n<ul>\n<li class=\"whitespace-normal break-words pl-2\">1 applicatore - <em>Mento, pancia<\/em>:<br \/>\n<strong>CHF 460.-<\/strong> <del>(660.-)<\/del><\/li>\n<li class=\"whitespace-normal break-words pl-2\">2 applicatori - <em>Maniglie dell&#8217;amore, bisacce, interno cosce, braccia, ali d&#8217;angelo, ginocchia<\/em>:<br \/>\n<strong>CHF 920.-<\/strong> <del>(1.310.-)<\/del><\/li>\n<li class=\"whitespace-normal break-words pl-2\">3 applicatori - <em>Pancia intera<\/em>:<br \/>\n<strong>CHF 1.380.-<\/strong> <del>(CHF 1.970.-)<\/del><\/li>\n<li class=\"whitespace-normal break-words pl-2\">5 applicatori - <em>Pancia intera e maniglie dell&#8217;amore<\/em>:<br \/>\n<strong>CHF 2.295.-<\/strong> <del>(CHF 3.280.-)<\/del><\/li>\n<\/ul>\n<p class=\"font-claude-response-body break-words whitespace-normal leading-[1.7]\">\ud83d\udc49 Offerta a tempo limitato.<br \/>\n\ud83d\udc49 Pagamento rateale disponibile con Cembra Pay.<\/p>\n<p class=\"font-claude-response-body break-words whitespace-normal leading-[1.7]\">\ud83d\udccc <em>Controindicazioni: gravidanza, ernia ombelicale, cicatrici recenti.<\/em><\/p>\n","protected":false},"excerpt":{"rendered":"<p>\ud83c\udf38 3 mesi prima dell&#8217;estate. Il vostro momento \u00e8 adesso. I tempi migliori sono arrivati. Noi di Matignon non ci stiamo adagiando: stiamo riprogettando. L&#8216;obiettivo \u00e8 quello di colpire le zone pi\u00f9 ostinate e arrivare all&#8217;estate con una figura pi\u00f9 pulita e tonica. \ud83c\udfaf CoolSculpting. Il riferimento mondiale della criolipolisi medica. Una tecnologia scientificamente validata [&hellip;]<\/p>\n","protected":false},"featured_media":36127,"template":"","meta":{"_acf_changed":false},"product_brand":[],"product_cat":[569],"product_tag":[],"brand_product":[],"class_list":{"0":"post-36108","1":"product","2":"type-product","3":"status-publish","4":"has-post-thumbnail","6":"product_cat-promozioni","8":"first","9":"instock","10":"sale","11":"taxable","12":"shipping-taxable","13":"purchasable","14":"product-type-variable"},"bundled_by":[],"bundle_stock_status":"instock","bundle_stock_quantity":null,"bundle_virtual":false,"bundle_layout":"","bundle_add_to_cart_form_location":"","bundle_editable_in_cart":false,"bundle_sold_individually_context":"","bundle_item_grouping":"","bundle_min_size":"","bundle_max_size":"","bundle_price":[],"bundled_items":[],"bundle_sell_ids":[],"acf":[],"yoast_head":"<!-- This site is optimized with the Yoast SEO Premium plugin v27.1 (Yoast SEO v27.1.1) - https:\/\/yoast.com\/product\/yoast-seo-premium-wordpress\/ -->\n<title>-30% di sconto su CoolSculpting\u00ae: scolpite la vostra figura prima dell&#039;estate. | Matignon<\/title>\n<meta name=\"robots\" content=\"index, follow, max-snippet:-1, max-image-preview:large, max-video-preview:-1\" \/>\n<link rel=\"canonical\" href=\"https:\/\/cliniquematignon.ch\/it\/prodotto\/coolsculpting-2026\/\" \/>\n<meta property=\"og:locale\" content=\"it_IT\" \/>\n<meta property=\"og:type\" content=\"article\" \/>\n<meta property=\"og:title\" content=\"-30% di sconto su CoolSculpting\u00ae: scolpite la vostra figura prima dell&#039;estate.\" \/>\n<meta property=\"og:description\" content=\"\ud83c\udf38 3 mesi prima dell&#8217;estate. Il vostro momento \u00e8 adesso. I tempi migliori sono arrivati. Noi di Matignon non ci stiamo adagiando: stiamo riprogettando. L&#8216;obiettivo \u00e8 quello di colpire le zone pi\u00f9 ostinate e arrivare all&#8217;estate con una figura pi\u00f9 pulita e tonica. \ud83c\udfaf CoolSculpting. Il riferimento mondiale della criolipolisi medica. Una tecnologia scientificamente validata [&hellip;]\" \/>\n<meta property=\"og:url\" content=\"https:\/\/cliniquematignon.ch\/it\/prodotto\/coolsculpting-2026\/\" \/>\n<meta property=\"og:site_name\" content=\"Matignon\" \/>\n<meta property=\"article:publisher\" content=\"https:\/\/www.facebook.com\/lescliniquesmatignon\/\" \/>\n<meta property=\"article:modified_time\" content=\"2026-04-02T10:34:49+00:00\" \/>\n<meta property=\"og:image\" content=\"https:\/\/cliniquematignon.ch\/wp-content\/uploads\/2026\/03\/coolsculpting-30-printemps-offre-matignon..jpg\" \/>\n\t<meta property=\"og:image:width\" content=\"1980\" \/>\n\t<meta property=\"og:image:height\" content=\"1890\" \/>\n\t<meta property=\"og:image:type\" content=\"image\/jpeg\" \/>\n<meta name=\"twitter:card\" content=\"summary_large_image\" \/>\n<meta name=\"twitter:label1\" content=\"Est. reading time\" \/>\n\t<meta name=\"twitter:data1\" content=\"2 minuti\" \/>\n<script type=\"application\/ld+json\" class=\"yoast-schema-graph\">{\"@context\":\"https:\/\/schema.org\",\"@graph\":[{\"@type\":\"WebPage\",\"@id\":\"https:\/\/cliniquematignon.ch\/it\/prodotto\/coolsculpting-2026\/\",\"url\":\"https:\/\/cliniquematignon.ch\/it\/prodotto\/coolsculpting-2026\/\",\"name\":\"-30% di sconto su CoolSculpting\u00ae: scolpite la vostra figura prima dell'estate. | Matignon\",\"isPartOf\":{\"@id\":\"https:\/\/cliniquematignon.ch\/it\/#website\"},\"primaryImageOfPage\":{\"@id\":\"https:\/\/cliniquematignon.ch\/it\/prodotto\/coolsculpting-2026\/#primaryimage\"},\"image\":{\"@id\":\"https:\/\/cliniquematignon.ch\/it\/prodotto\/coolsculpting-2026\/#primaryimage\"},\"thumbnailUrl\":\"https:\/\/cliniquematignon.ch\/wp-content\/uploads\/2026\/03\/coolsculpting-30-printemps-offre-matignon..jpg\",\"datePublished\":\"2026-04-01T23:00:32+00:00\",\"dateModified\":\"2026-04-02T10:34:49+00:00\",\"breadcrumb\":{\"@id\":\"https:\/\/cliniquematignon.ch\/it\/prodotto\/coolsculpting-2026\/#breadcrumb\"},\"inLanguage\":\"it-CH\",\"potentialAction\":[{\"@type\":\"ReadAction\",\"target\":[\"https:\/\/cliniquematignon.ch\/it\/prodotto\/coolsculpting-2026\/\"]}]},{\"@type\":\"ImageObject\",\"inLanguage\":\"it-CH\",\"@id\":\"https:\/\/cliniquematignon.ch\/it\/prodotto\/coolsculpting-2026\/#primaryimage\",\"url\":\"https:\/\/cliniquematignon.ch\/wp-content\/uploads\/2026\/03\/coolsculpting-30-printemps-offre-matignon..jpg\",\"contentUrl\":\"https:\/\/cliniquematignon.ch\/wp-content\/uploads\/2026\/03\/coolsculpting-30-printemps-offre-matignon..jpg\",\"width\":1980,\"height\":1890},{\"@type\":\"BreadcrumbList\",\"@id\":\"https:\/\/cliniquematignon.ch\/it\/prodotto\/coolsculpting-2026\/#breadcrumb\",\"itemListElement\":[{\"@type\":\"ListItem\",\"position\":1,\"name\":\"Casa\",\"item\":\"https:\/\/cliniquematignon.ch\/it\/casa\/\"},{\"@type\":\"ListItem\",\"position\":2,\"name\":\"Negozio\",\"item\":\"https:\/\/cliniquematignon.ch\/it\/negozio\/\"},{\"@type\":\"ListItem\",\"position\":3,\"name\":\"-30% di sconto su CoolSculpting\u00ae: scolpite la vostra figura prima dell&#8217;estate.\"}]},{\"@type\":\"WebSite\",\"@id\":\"https:\/\/cliniquematignon.ch\/it\/#website\",\"url\":\"https:\/\/cliniquematignon.ch\/it\/\",\"name\":\"Matignon\",\"description\":\"M\u00e9decine esth\u00e9tique\",\"publisher\":{\"@id\":\"https:\/\/cliniquematignon.ch\/it\/#organization\"},\"potentialAction\":[{\"@type\":\"SearchAction\",\"target\":{\"@type\":\"EntryPoint\",\"urlTemplate\":\"https:\/\/cliniquematignon.ch\/it\/?s={search_term_string}\"},\"query-input\":{\"@type\":\"PropertyValueSpecification\",\"valueRequired\":true,\"valueName\":\"search_term_string\"}}],\"inLanguage\":\"it-CH\"},{\"@type\":\"Organization\",\"@id\":\"https:\/\/cliniquematignon.ch\/it\/#organization\",\"name\":\"Matignon\",\"url\":\"https:\/\/cliniquematignon.ch\/it\/\",\"logo\":{\"@type\":\"ImageObject\",\"inLanguage\":\"it-CH\",\"@id\":\"https:\/\/cliniquematignon.ch\/it\/#\/schema\/logo\/image\/\",\"url\":\"https:\/\/cliniquematignon.ch\/wp-content\/uploads\/2023\/06\/mat-logo-black..svg\",\"contentUrl\":\"https:\/\/cliniquematignon.ch\/wp-content\/uploads\/2023\/06\/mat-logo-black..svg\",\"width\":1,\"height\":1,\"caption\":\"Matignon\"},\"image\":{\"@id\":\"https:\/\/cliniquematignon.ch\/it\/#\/schema\/logo\/image\/\"},\"sameAs\":[\"https:\/\/www.facebook.com\/lescliniquesmatignon\/\"]}]}<\/script>\n<!-- \/ Yoast SEO Premium plugin. -->","yoast_head_json":{"title":"-30% di sconto su CoolSculpting\u00ae: scolpite la vostra figura prima dell'estate. | Matignon","robots":{"index":"index","follow":"follow","max-snippet":"max-snippet:-1","max-image-preview":"max-image-preview:large","max-video-preview":"max-video-preview:-1"},"canonical":"https:\/\/cliniquematignon.ch\/it\/prodotto\/coolsculpting-2026\/","og_locale":"it_IT","og_type":"article","og_title":"-30% di sconto su CoolSculpting\u00ae: scolpite la vostra figura prima dell'estate.","og_description":"\ud83c\udf38 3 mesi prima dell&#8217;estate. Il vostro momento \u00e8 adesso. I tempi migliori sono arrivati. Noi di Matignon non ci stiamo adagiando: stiamo riprogettando. L&#8216;obiettivo \u00e8 quello di colpire le zone pi\u00f9 ostinate e arrivare all&#8217;estate con una figura pi\u00f9 pulita e tonica. \ud83c\udfaf CoolSculpting. Il riferimento mondiale della criolipolisi medica. Una tecnologia scientificamente validata [&hellip;]","og_url":"https:\/\/cliniquematignon.ch\/it\/prodotto\/coolsculpting-2026\/","og_site_name":"Matignon","article_publisher":"https:\/\/www.facebook.com\/lescliniquesmatignon\/","article_modified_time":"2026-04-02T10:34:49+00:00","og_image":[{"width":1980,"height":1890,"url":"https:\/\/cliniquematignon.ch\/wp-content\/uploads\/2026\/03\/coolsculpting-30-printemps-offre-matignon..jpg","type":"image\/jpeg"}],"twitter_card":"summary_large_image","twitter_misc":{"Est. reading time":"2 minuti"},"schema":{"@context":"https:\/\/schema.org","@graph":[{"@type":"WebPage","@id":"https:\/\/cliniquematignon.ch\/it\/prodotto\/coolsculpting-2026\/","url":"https:\/\/cliniquematignon.ch\/it\/prodotto\/coolsculpting-2026\/","name":"-30% di sconto su CoolSculpting\u00ae: scolpite la vostra figura prima dell'estate. | Matignon","isPartOf":{"@id":"https:\/\/cliniquematignon.ch\/it\/#website"},"primaryImageOfPage":{"@id":"https:\/\/cliniquematignon.ch\/it\/prodotto\/coolsculpting-2026\/#primaryimage"},"image":{"@id":"https:\/\/cliniquematignon.ch\/it\/prodotto\/coolsculpting-2026\/#primaryimage"},"thumbnailUrl":"https:\/\/cliniquematignon.ch\/wp-content\/uploads\/2026\/03\/coolsculpting-30-printemps-offre-matignon..jpg","datePublished":"2026-04-01T23:00:32+00:00","dateModified":"2026-04-02T10:34:49+00:00","breadcrumb":{"@id":"https:\/\/cliniquematignon.ch\/it\/prodotto\/coolsculpting-2026\/#breadcrumb"},"inLanguage":"it-CH","potentialAction":[{"@type":"ReadAction","target":["https:\/\/cliniquematignon.ch\/it\/prodotto\/coolsculpting-2026\/"]}]},{"@type":"ImageObject","inLanguage":"it-CH","@id":"https:\/\/cliniquematignon.ch\/it\/prodotto\/coolsculpting-2026\/#primaryimage","url":"https:\/\/cliniquematignon.ch\/wp-content\/uploads\/2026\/03\/coolsculpting-30-printemps-offre-matignon..jpg","contentUrl":"https:\/\/cliniquematignon.ch\/wp-content\/uploads\/2026\/03\/coolsculpting-30-printemps-offre-matignon..jpg","width":1980,"height":1890},{"@type":"BreadcrumbList","@id":"https:\/\/cliniquematignon.ch\/it\/prodotto\/coolsculpting-2026\/#breadcrumb","itemListElement":[{"@type":"ListItem","position":1,"name":"Casa","item":"https:\/\/cliniquematignon.ch\/it\/casa\/"},{"@type":"ListItem","position":2,"name":"Negozio","item":"https:\/\/cliniquematignon.ch\/it\/negozio\/"},{"@type":"ListItem","position":3,"name":"-30% di sconto su CoolSculpting\u00ae: scolpite la vostra figura prima dell&#8217;estate."}]},{"@type":"WebSite","@id":"https:\/\/cliniquematignon.ch\/it\/#website","url":"https:\/\/cliniquematignon.ch\/it\/","name":"Matignon","description":"M\u00e9decine esth\u00e9tique","publisher":{"@id":"https:\/\/cliniquematignon.ch\/it\/#organization"},"potentialAction":[{"@type":"SearchAction","target":{"@type":"EntryPoint","urlTemplate":"https:\/\/cliniquematignon.ch\/it\/?s={search_term_string}"},"query-input":{"@type":"PropertyValueSpecification","valueRequired":true,"valueName":"search_term_string"}}],"inLanguage":"it-CH"},{"@type":"Organization","@id":"https:\/\/cliniquematignon.ch\/it\/#organization","name":"Matignon","url":"https:\/\/cliniquematignon.ch\/it\/","logo":{"@type":"ImageObject","inLanguage":"it-CH","@id":"https:\/\/cliniquematignon.ch\/it\/#\/schema\/logo\/image\/","url":"https:\/\/cliniquematignon.ch\/wp-content\/uploads\/2023\/06\/mat-logo-black..svg","contentUrl":"https:\/\/cliniquematignon.ch\/wp-content\/uploads\/2023\/06\/mat-logo-black..svg","width":1,"height":1,"caption":"Matignon"},"image":{"@id":"https:\/\/cliniquematignon.ch\/it\/#\/schema\/logo\/image\/"},"sameAs":["https:\/\/www.facebook.com\/lescliniquesmatignon\/"]}]}},"_links":{"self":[{"href":"https:\/\/cliniquematignon.ch\/it\/wp-json\/wp\/v2\/product\/36108","targetHints":{"allow":["GET"]}}],"collection":[{"href":"https:\/\/cliniquematignon.ch\/it\/wp-json\/wp\/v2\/product"}],"about":[{"href":"https:\/\/cliniquematignon.ch\/it\/wp-json\/wp\/v2\/types\/product"}],"wp:featuredmedia":[{"embeddable":true,"href":"https:\/\/cliniquematignon.ch\/it\/wp-json\/wp\/v2\/media\/36127"}],"wp:attachment":[{"href":"https:\/\/cliniquematignon.ch\/it\/wp-json\/wp\/v2\/media?parent=36108"}],"wp:term":[{"taxonomy":"product_brand","embeddable":true,"href":"https:\/\/cliniquematignon.ch\/it\/wp-json\/wp\/v2\/product_brand?post=36108"},{"taxonomy":"product_cat","embeddable":true,"href":"https:\/\/cliniquematignon.ch\/it\/wp-json\/wp\/v2\/product_cat?post=36108"},{"taxonomy":"product_tag","embeddable":true,"href":"https:\/\/cliniquematignon.ch\/it\/wp-json\/wp\/v2\/product_tag?post=36108"},{"taxonomy":"brand_product","embeddable":true,"href":"https:\/\/cliniquematignon.ch\/it\/wp-json\/wp\/v2\/brand_product?post=36108"}],"curies":[{"name":"wp","href":"https:\/\/api.w.org\/{rel}","templated":true}]}}