{"id":36805,"date":"2026-04-19T10:00:32","date_gmt":"2026-04-19T08:00:32","guid":{"rendered":"https:\/\/cliniquematignon.ch\/?post_type=product&#038;p=36805"},"modified":"2026-04-17T18:01:44","modified_gmt":"2026-04-17T16:01:44","slug":"depilazione-permanente-lugano","status":"publish","type":"product","link":"https:\/\/cliniquematignon.ch\/it\/prodotto\/depilazione-permanente-lugano\/","title":{"rendered":"DEPILAZIONE PERMANENTE AL 50% - LUGANO"},"content":{"rendered":"<h4 data-section-id=\"uinkim\" data-start=\"448\" data-end=\"500\">\u2600\ufe0f L&#8217;estate sta arrivando. E tutto diventa pi\u00f9 semplice. <\/h4>\n<p data-start=\"58\" data-end=\"190\">Arrivano le belle e lunghe giornate estive e con esse pi\u00f9 spontaneit\u00e0, pi\u00f9 libert\u00e0&#8230;<br data-start=\"150\" data-end=\"153\">e meno vincoli nella vita quotidiana.<\/p>\n<p data-start=\"192\" data-end=\"323\" data-is-last-node=\"\" data-is-only-node=\"\">La depilazione laser permette di ridurre la crescita della pelle in modo duraturo, per una pelle pi\u00f9 liscia e uniforme tutto l&#8217;anno.<\/p>\n","protected":false},"excerpt":{"rendered":"<p>\u2600\ufe0f L&#8217;estate sta arrivando. E tutto diventa pi\u00f9 semplice. Arrivano le belle e lunghe giornate estive e con esse pi\u00f9 spontaneit\u00e0, pi\u00f9 libert\u00e0&#8230;e meno vincoli nella vita quotidiana. La depilazione laser permette di ridurre la crescita della pelle in modo duraturo, per una pelle pi\u00f9 liscia e uniforme tutto l&#8217;anno.<\/p>\n","protected":false},"featured_media":36783,"template":"","meta":{"_acf_changed":false},"product_brand":[],"product_cat":[1074],"product_tag":[],"brand_product":[],"class_list":{"0":"post-36805","1":"product","2":"type-product","3":"status-publish","4":"has-post-thumbnail","6":"product_cat-uncategorized","8":"first","9":"instock","10":"sale","11":"taxable","12":"shipping-taxable","13":"purchasable","14":"product-type-variable"},"bundled_by":[],"bundle_stock_status":"instock","bundle_stock_quantity":null,"bundle_virtual":false,"bundle_layout":"","bundle_add_to_cart_form_location":"","bundle_editable_in_cart":false,"bundle_sold_individually_context":"","bundle_item_grouping":"","bundle_min_size":"","bundle_max_size":"","bundle_price":[],"bundled_items":[],"bundle_sell_ids":[],"acf":[],"yoast_head":"<!-- This site is optimized with the Yoast SEO Premium plugin v27.1 (Yoast SEO v27.1.1) - https:\/\/yoast.com\/product\/yoast-seo-premium-wordpress\/ -->\n<title>DEPILAZIONE PERMANENTE AL 50% - LUGANO | Matignon<\/title>\n<meta name=\"robots\" content=\"index, follow, max-snippet:-1, max-image-preview:large, max-video-preview:-1\" \/>\n<link rel=\"canonical\" href=\"https:\/\/cliniquematignon.ch\/it\/prodotto\/depilazione-permanente-lugano\/\" \/>\n<meta property=\"og:locale\" content=\"it_IT\" \/>\n<meta property=\"og:type\" content=\"article\" \/>\n<meta property=\"og:title\" content=\"DEPILAZIONE PERMANENTE AL 50% - LUGANO\" \/>\n<meta property=\"og:description\" content=\"\u2600\ufe0f L&#8217;estate sta arrivando. E tutto diventa pi\u00f9 semplice. Arrivano le belle e lunghe giornate estive e con esse pi\u00f9 spontaneit\u00e0, pi\u00f9 libert\u00e0&#8230;e meno vincoli nella vita quotidiana. La depilazione laser permette di ridurre la crescita della pelle in modo duraturo, per una pelle pi\u00f9 liscia e uniforme tutto l&#8217;anno.\" \/>\n<meta property=\"og:url\" content=\"https:\/\/cliniquematignon.ch\/it\/prodotto\/depilazione-permanente-lugano\/\" \/>\n<meta property=\"og:site_name\" content=\"Matignon\" \/>\n<meta property=\"article:publisher\" content=\"https:\/\/www.facebook.com\/lescliniquesmatignon\/\" \/>\n<meta property=\"og:image\" content=\"https:\/\/cliniquematignon.ch\/wp-content\/uploads\/2026\/04\/epilation_matignon..jpg\" \/>\n\t<meta property=\"og:image:width\" content=\"1980\" \/>\n\t<meta property=\"og:image:height\" content=\"1890\" \/>\n\t<meta property=\"og:image:type\" content=\"image\/jpeg\" \/>\n<meta name=\"twitter:card\" content=\"summary_large_image\" \/>\n<meta name=\"twitter:label1\" content=\"Est. reading time\" \/>\n\t<meta name=\"twitter:data1\" content=\"1 minute\" \/>\n<script type=\"application\/ld+json\" class=\"yoast-schema-graph\">{\"@context\":\"https:\/\/schema.org\",\"@graph\":[{\"@type\":\"WebPage\",\"@id\":\"https:\/\/cliniquematignon.ch\/it\/prodotto\/depilazione-permanente-lugano\/\",\"url\":\"https:\/\/cliniquematignon.ch\/it\/prodotto\/depilazione-permanente-lugano\/\",\"name\":\"DEPILAZIONE PERMANENTE AL 50% - LUGANO | Matignon\",\"isPartOf\":{\"@id\":\"https:\/\/cliniquematignon.ch\/it\/#website\"},\"primaryImageOfPage\":{\"@id\":\"https:\/\/cliniquematignon.ch\/it\/prodotto\/depilazione-permanente-lugano\/#primaryimage\"},\"image\":{\"@id\":\"https:\/\/cliniquematignon.ch\/it\/prodotto\/depilazione-permanente-lugano\/#primaryimage\"},\"thumbnailUrl\":\"https:\/\/cliniquematignon.ch\/wp-content\/uploads\/2026\/04\/epilation_matignon..jpg\",\"datePublished\":\"2026-04-19T08:00:32+00:00\",\"breadcrumb\":{\"@id\":\"https:\/\/cliniquematignon.ch\/it\/prodotto\/depilazione-permanente-lugano\/#breadcrumb\"},\"inLanguage\":\"it-CH\",\"potentialAction\":[{\"@type\":\"ReadAction\",\"target\":[\"https:\/\/cliniquematignon.ch\/it\/prodotto\/depilazione-permanente-lugano\/\"]}]},{\"@type\":\"ImageObject\",\"inLanguage\":\"it-CH\",\"@id\":\"https:\/\/cliniquematignon.ch\/it\/prodotto\/depilazione-permanente-lugano\/#primaryimage\",\"url\":\"https:\/\/cliniquematignon.ch\/wp-content\/uploads\/2026\/04\/epilation_matignon..jpg\",\"contentUrl\":\"https:\/\/cliniquematignon.ch\/wp-content\/uploads\/2026\/04\/epilation_matignon..jpg\",\"width\":1980,\"height\":1890},{\"@type\":\"BreadcrumbList\",\"@id\":\"https:\/\/cliniquematignon.ch\/it\/prodotto\/depilazione-permanente-lugano\/#breadcrumb\",\"itemListElement\":[{\"@type\":\"ListItem\",\"position\":1,\"name\":\"Casa\",\"item\":\"https:\/\/cliniquematignon.ch\/it\/casa\/\"},{\"@type\":\"ListItem\",\"position\":2,\"name\":\"Negozio\",\"item\":\"https:\/\/cliniquematignon.ch\/it\/negozio\/\"},{\"@type\":\"ListItem\",\"position\":3,\"name\":\"DEPILAZIONE PERMANENTE AL 50% - LUGANO\"}]},{\"@type\":\"WebSite\",\"@id\":\"https:\/\/cliniquematignon.ch\/it\/#website\",\"url\":\"https:\/\/cliniquematignon.ch\/it\/\",\"name\":\"Matignon\",\"description\":\"M\u00e9decine esth\u00e9tique\",\"publisher\":{\"@id\":\"https:\/\/cliniquematignon.ch\/it\/#organization\"},\"potentialAction\":[{\"@type\":\"SearchAction\",\"target\":{\"@type\":\"EntryPoint\",\"urlTemplate\":\"https:\/\/cliniquematignon.ch\/it\/?s={search_term_string}\"},\"query-input\":{\"@type\":\"PropertyValueSpecification\",\"valueRequired\":true,\"valueName\":\"search_term_string\"}}],\"inLanguage\":\"it-CH\"},{\"@type\":\"Organization\",\"@id\":\"https:\/\/cliniquematignon.ch\/it\/#organization\",\"name\":\"Matignon\",\"url\":\"https:\/\/cliniquematignon.ch\/it\/\",\"logo\":{\"@type\":\"ImageObject\",\"inLanguage\":\"it-CH\",\"@id\":\"https:\/\/cliniquematignon.ch\/it\/#\/schema\/logo\/image\/\",\"url\":\"https:\/\/cliniquematignon.ch\/wp-content\/uploads\/2023\/06\/mat-logo-black..svg\",\"contentUrl\":\"https:\/\/cliniquematignon.ch\/wp-content\/uploads\/2023\/06\/mat-logo-black..svg\",\"width\":1,\"height\":1,\"caption\":\"Matignon\"},\"image\":{\"@id\":\"https:\/\/cliniquematignon.ch\/it\/#\/schema\/logo\/image\/\"},\"sameAs\":[\"https:\/\/www.facebook.com\/lescliniquesmatignon\/\"]}]}<\/script>\n<!-- \/ Yoast SEO Premium plugin. -->","yoast_head_json":{"title":"DEPILAZIONE PERMANENTE AL 50% - LUGANO | Matignon","robots":{"index":"index","follow":"follow","max-snippet":"max-snippet:-1","max-image-preview":"max-image-preview:large","max-video-preview":"max-video-preview:-1"},"canonical":"https:\/\/cliniquematignon.ch\/it\/prodotto\/depilazione-permanente-lugano\/","og_locale":"it_IT","og_type":"article","og_title":"DEPILAZIONE PERMANENTE AL 50% - LUGANO","og_description":"\u2600\ufe0f L&#8217;estate sta arrivando. E tutto diventa pi\u00f9 semplice. Arrivano le belle e lunghe giornate estive e con esse pi\u00f9 spontaneit\u00e0, pi\u00f9 libert\u00e0&#8230;e meno vincoli nella vita quotidiana. La depilazione laser permette di ridurre la crescita della pelle in modo duraturo, per una pelle pi\u00f9 liscia e uniforme tutto l&#8217;anno.","og_url":"https:\/\/cliniquematignon.ch\/it\/prodotto\/depilazione-permanente-lugano\/","og_site_name":"Matignon","article_publisher":"https:\/\/www.facebook.com\/lescliniquesmatignon\/","og_image":[{"width":1980,"height":1890,"url":"https:\/\/cliniquematignon.ch\/wp-content\/uploads\/2026\/04\/epilation_matignon..jpg","type":"image\/jpeg"}],"twitter_card":"summary_large_image","twitter_misc":{"Est. reading time":"1 minute"},"schema":{"@context":"https:\/\/schema.org","@graph":[{"@type":"WebPage","@id":"https:\/\/cliniquematignon.ch\/it\/prodotto\/depilazione-permanente-lugano\/","url":"https:\/\/cliniquematignon.ch\/it\/prodotto\/depilazione-permanente-lugano\/","name":"DEPILAZIONE PERMANENTE AL 50% - LUGANO | Matignon","isPartOf":{"@id":"https:\/\/cliniquematignon.ch\/it\/#website"},"primaryImageOfPage":{"@id":"https:\/\/cliniquematignon.ch\/it\/prodotto\/depilazione-permanente-lugano\/#primaryimage"},"image":{"@id":"https:\/\/cliniquematignon.ch\/it\/prodotto\/depilazione-permanente-lugano\/#primaryimage"},"thumbnailUrl":"https:\/\/cliniquematignon.ch\/wp-content\/uploads\/2026\/04\/epilation_matignon..jpg","datePublished":"2026-04-19T08:00:32+00:00","breadcrumb":{"@id":"https:\/\/cliniquematignon.ch\/it\/prodotto\/depilazione-permanente-lugano\/#breadcrumb"},"inLanguage":"it-CH","potentialAction":[{"@type":"ReadAction","target":["https:\/\/cliniquematignon.ch\/it\/prodotto\/depilazione-permanente-lugano\/"]}]},{"@type":"ImageObject","inLanguage":"it-CH","@id":"https:\/\/cliniquematignon.ch\/it\/prodotto\/depilazione-permanente-lugano\/#primaryimage","url":"https:\/\/cliniquematignon.ch\/wp-content\/uploads\/2026\/04\/epilation_matignon..jpg","contentUrl":"https:\/\/cliniquematignon.ch\/wp-content\/uploads\/2026\/04\/epilation_matignon..jpg","width":1980,"height":1890},{"@type":"BreadcrumbList","@id":"https:\/\/cliniquematignon.ch\/it\/prodotto\/depilazione-permanente-lugano\/#breadcrumb","itemListElement":[{"@type":"ListItem","position":1,"name":"Casa","item":"https:\/\/cliniquematignon.ch\/it\/casa\/"},{"@type":"ListItem","position":2,"name":"Negozio","item":"https:\/\/cliniquematignon.ch\/it\/negozio\/"},{"@type":"ListItem","position":3,"name":"DEPILAZIONE PERMANENTE AL 50% - LUGANO"}]},{"@type":"WebSite","@id":"https:\/\/cliniquematignon.ch\/it\/#website","url":"https:\/\/cliniquematignon.ch\/it\/","name":"Matignon","description":"M\u00e9decine esth\u00e9tique","publisher":{"@id":"https:\/\/cliniquematignon.ch\/it\/#organization"},"potentialAction":[{"@type":"SearchAction","target":{"@type":"EntryPoint","urlTemplate":"https:\/\/cliniquematignon.ch\/it\/?s={search_term_string}"},"query-input":{"@type":"PropertyValueSpecification","valueRequired":true,"valueName":"search_term_string"}}],"inLanguage":"it-CH"},{"@type":"Organization","@id":"https:\/\/cliniquematignon.ch\/it\/#organization","name":"Matignon","url":"https:\/\/cliniquematignon.ch\/it\/","logo":{"@type":"ImageObject","inLanguage":"it-CH","@id":"https:\/\/cliniquematignon.ch\/it\/#\/schema\/logo\/image\/","url":"https:\/\/cliniquematignon.ch\/wp-content\/uploads\/2023\/06\/mat-logo-black..svg","contentUrl":"https:\/\/cliniquematignon.ch\/wp-content\/uploads\/2023\/06\/mat-logo-black..svg","width":1,"height":1,"caption":"Matignon"},"image":{"@id":"https:\/\/cliniquematignon.ch\/it\/#\/schema\/logo\/image\/"},"sameAs":["https:\/\/www.facebook.com\/lescliniquesmatignon\/"]}]}},"_links":{"self":[{"href":"https:\/\/cliniquematignon.ch\/it\/wp-json\/wp\/v2\/product\/36805","targetHints":{"allow":["GET"]}}],"collection":[{"href":"https:\/\/cliniquematignon.ch\/it\/wp-json\/wp\/v2\/product"}],"about":[{"href":"https:\/\/cliniquematignon.ch\/it\/wp-json\/wp\/v2\/types\/product"}],"wp:featuredmedia":[{"embeddable":true,"href":"https:\/\/cliniquematignon.ch\/it\/wp-json\/wp\/v2\/media\/36783"}],"wp:attachment":[{"href":"https:\/\/cliniquematignon.ch\/it\/wp-json\/wp\/v2\/media?parent=36805"}],"wp:term":[{"taxonomy":"product_brand","embeddable":true,"href":"https:\/\/cliniquematignon.ch\/it\/wp-json\/wp\/v2\/product_brand?post=36805"},{"taxonomy":"product_cat","embeddable":true,"href":"https:\/\/cliniquematignon.ch\/it\/wp-json\/wp\/v2\/product_cat?post=36805"},{"taxonomy":"product_tag","embeddable":true,"href":"https:\/\/cliniquematignon.ch\/it\/wp-json\/wp\/v2\/product_tag?post=36805"},{"taxonomy":"brand_product","embeddable":true,"href":"https:\/\/cliniquematignon.ch\/it\/wp-json\/wp\/v2\/brand_product?post=36805"}],"curies":[{"name":"wp","href":"https:\/\/api.w.org\/{rel}","templated":true}]}}