{"id":37109,"date":"2026-04-24T06:00:38","date_gmt":"2026-04-24T04:00:38","guid":{"rendered":"https:\/\/cliniquematignon.ch\/?post_type=product&#038;p=37109"},"modified":"2026-04-24T09:37:58","modified_gmt":"2026-04-24T07:37:58","slug":"hydrafacial-methode-matignon-edizione-festa-della-mamma-1-acquisto-1-gratis","status":"publish","type":"product","link":"https:\/\/cliniquematignon.ch\/it\/prodotto\/hydrafacial-methode-matignon-edizione-festa-della-mamma-1-acquisto-1-gratis\/","title":{"rendered":"Hydrafacial M\u00e9thode Matignon - Edizione Festa della Mamma (1 acquistato = 1 gratis) (Matignon Neuch\u00e2tel)"},"content":{"rendered":"<h4 data-start=\"280\" data-end=\"353\"><strong>Potete anche condividere il bagliore.<\/strong><\/h4>\n<p data-start=\"355\" data-end=\"428\">Una pelle luminosa \u00e8 gi\u00e0 molto.<br data-start=\"393\" data-end=\"396\">Condividerla \u00e8 ancora meglio.<\/p>\n<p data-start=\"430\" data-end=\"599\">Per la Festa della Mamma, questa edizione speciale celebra tutte le donne che contano.<br data-start=\"524\" data-end=\"527\">Una mamma, una futura mamma, una sorella, un&#8217;amica&#8230; o semplicemente se stesse.<\/p>\n<p data-start=\"601\" data-end=\"689\">Due trattamenti, da sperimentare insieme o da mantenere insieme per prolungare i risultati nel tempo.<\/p>\n<h5 data-start=\"280\" data-end=\"353\"><strong data-start=\"218\" data-end=\"263\">1 trattamento acquistato = 1 trattamento gratuito<\/strong><br data-start=\"263\" data-end=\"266\">\ud83d\udca7 <strong>CHF 270.00<\/strong> invece di CHF 540.00<\/h5>\n<p>&nbsp;<\/p>\n<div class=\"product-description\">\n<div class=\"accordions\">\n<div class=\"accordion\">\n<div class=\"accordion-content\">\n<h5>\ud83d\udccd Disponibile solo presso <strong>Matignon<\/strong> <strong>Neuch\u00e2tel<\/strong> e sull&#8217;e-shop.<\/h5>\n<p>&nbsp;<\/p>\n<\/div>\n<\/div>\n<\/div>\n<\/div>\n","protected":false},"excerpt":{"rendered":"<p>Potete anche condividere il bagliore. Una pelle luminosa \u00e8 gi\u00e0 molto.Condividerla \u00e8 ancora meglio. Per la Festa della Mamma, questa edizione speciale celebra tutte le donne che contano.Una mamma, una futura mamma, una sorella, un&#8217;amica&#8230; o semplicemente se stesse. Due trattamenti, da sperimentare insieme o da mantenere insieme per prolungare i risultati nel tempo. 1 [&hellip;]<\/p>\n","protected":false},"featured_media":26193,"template":"","meta":{"_acf_changed":false},"product_brand":[],"product_cat":[569],"product_tag":[],"brand_product":[],"class_list":{"0":"post-37109","1":"product","2":"type-product","3":"status-publish","4":"has-post-thumbnail","6":"product_cat-promozioni","8":"first","9":"instock","10":"sale","11":"purchasable","12":"product-type-simple"},"bundled_by":[],"bundle_stock_status":"instock","bundle_stock_quantity":null,"bundle_virtual":false,"bundle_layout":"","bundle_add_to_cart_form_location":"","bundle_editable_in_cart":false,"bundle_sold_individually_context":"","bundle_item_grouping":"","bundle_min_size":"","bundle_max_size":"","bundle_price":[],"bundled_items":[],"bundle_sell_ids":[],"acf":[],"yoast_head":"<!-- This site is optimized with the Yoast SEO Premium plugin v27.1 (Yoast SEO v27.1.1) - https:\/\/yoast.com\/product\/yoast-seo-premium-wordpress\/ -->\n<title>Hydrafacial M\u00e9thode Matignon - Edizione Festa della Mamma (1 acquistato = 1 gratis) (Matignon Neuch\u00e2tel) | Matignon<\/title>\n<meta name=\"robots\" content=\"index, follow, max-snippet:-1, max-image-preview:large, max-video-preview:-1\" \/>\n<link rel=\"canonical\" href=\"https:\/\/cliniquematignon.ch\/it\/prodotto\/hydrafacial-methode-matignon-edizione-festa-della-mamma-1-acquisto-1-gratis\/\" \/>\n<meta property=\"og:locale\" content=\"it_IT\" \/>\n<meta property=\"og:type\" content=\"article\" \/>\n<meta property=\"og:title\" content=\"Hydrafacial M\u00e9thode Matignon - Edizione Festa della Mamma (1 acquistato = 1 gratis) (Matignon Neuch\u00e2tel)\" \/>\n<meta property=\"og:description\" content=\"Potete anche condividere il bagliore. Una pelle luminosa \u00e8 gi\u00e0 molto.Condividerla \u00e8 ancora meglio. Per la Festa della Mamma, questa edizione speciale celebra tutte le donne che contano.Una mamma, una futura mamma, una sorella, un&#8217;amica&#8230; o semplicemente se stesse. Due trattamenti, da sperimentare insieme o da mantenere insieme per prolungare i risultati nel tempo. 1 [&hellip;]\" \/>\n<meta property=\"og:url\" content=\"https:\/\/cliniquematignon.ch\/it\/prodotto\/hydrafacial-methode-matignon-edizione-festa-della-mamma-1-acquisto-1-gratis\/\" \/>\n<meta property=\"og:site_name\" content=\"Matignon\" \/>\n<meta property=\"article:publisher\" content=\"https:\/\/www.facebook.com\/lescliniquesmatignon\/\" \/>\n<meta property=\"article:modified_time\" content=\"2026-04-24T07:37:58+00:00\" \/>\n<meta property=\"og:image\" content=\"https:\/\/cliniquematignon.ch\/wp-content\/uploads\/2025\/04\/fete_des_mere_microneedling.-1024x977.png\" \/>\n\t<meta property=\"og:image:width\" content=\"1024\" \/>\n\t<meta property=\"og:image:height\" content=\"977\" \/>\n\t<meta property=\"og:image:type\" content=\"image\/png\" \/>\n<meta name=\"twitter:card\" content=\"summary_large_image\" \/>\n<script type=\"application\/ld+json\" class=\"yoast-schema-graph\">{\"@context\":\"https:\/\/schema.org\",\"@graph\":[{\"@type\":\"WebPage\",\"@id\":\"https:\/\/cliniquematignon.ch\/it\/prodotto\/hydrafacial-methode-matignon-edizione-festa-della-mamma-1-acquisto-1-gratis\/\",\"url\":\"https:\/\/cliniquematignon.ch\/it\/prodotto\/hydrafacial-methode-matignon-edizione-festa-della-mamma-1-acquisto-1-gratis\/\",\"name\":\"Hydrafacial M\u00e9thode Matignon - Edizione Festa della Mamma (1 acquistato = 1 gratis) (Matignon Neuch\u00e2tel) | Matignon\",\"isPartOf\":{\"@id\":\"https:\/\/cliniquematignon.ch\/it\/#website\"},\"primaryImageOfPage\":{\"@id\":\"https:\/\/cliniquematignon.ch\/it\/prodotto\/hydrafacial-methode-matignon-edizione-festa-della-mamma-1-acquisto-1-gratis\/#primaryimage\"},\"image\":{\"@id\":\"https:\/\/cliniquematignon.ch\/it\/prodotto\/hydrafacial-methode-matignon-edizione-festa-della-mamma-1-acquisto-1-gratis\/#primaryimage\"},\"thumbnailUrl\":\"https:\/\/cliniquematignon.ch\/wp-content\/uploads\/2025\/04\/fete_des_mere_microneedling..png\",\"datePublished\":\"2026-04-24T04:00:38+00:00\",\"dateModified\":\"2026-04-24T07:37:58+00:00\",\"breadcrumb\":{\"@id\":\"https:\/\/cliniquematignon.ch\/it\/prodotto\/hydrafacial-methode-matignon-edizione-festa-della-mamma-1-acquisto-1-gratis\/#breadcrumb\"},\"inLanguage\":\"it-CH\",\"potentialAction\":[{\"@type\":\"ReadAction\",\"target\":[\"https:\/\/cliniquematignon.ch\/it\/prodotto\/hydrafacial-methode-matignon-edizione-festa-della-mamma-1-acquisto-1-gratis\/\"]}]},{\"@type\":\"ImageObject\",\"inLanguage\":\"it-CH\",\"@id\":\"https:\/\/cliniquematignon.ch\/it\/prodotto\/hydrafacial-methode-matignon-edizione-festa-della-mamma-1-acquisto-1-gratis\/#primaryimage\",\"url\":\"https:\/\/cliniquematignon.ch\/wp-content\/uploads\/2025\/04\/fete_des_mere_microneedling..png\",\"contentUrl\":\"https:\/\/cliniquematignon.ch\/wp-content\/uploads\/2025\/04\/fete_des_mere_microneedling..png\",\"width\":1980,\"height\":1890},{\"@type\":\"BreadcrumbList\",\"@id\":\"https:\/\/cliniquematignon.ch\/it\/prodotto\/hydrafacial-methode-matignon-edizione-festa-della-mamma-1-acquisto-1-gratis\/#breadcrumb\",\"itemListElement\":[{\"@type\":\"ListItem\",\"position\":1,\"name\":\"Casa\",\"item\":\"https:\/\/cliniquematignon.ch\/it\/casa\/\"},{\"@type\":\"ListItem\",\"position\":2,\"name\":\"Negozio\",\"item\":\"https:\/\/cliniquematignon.ch\/it\/negozio\/\"},{\"@type\":\"ListItem\",\"position\":3,\"name\":\"Hydrafacial M\u00e9thode Matignon - Edizione Festa della Mamma (1 acquistato = 1 gratis) (Matignon Neuch\u00e2tel)\"}]},{\"@type\":\"WebSite\",\"@id\":\"https:\/\/cliniquematignon.ch\/it\/#website\",\"url\":\"https:\/\/cliniquematignon.ch\/it\/\",\"name\":\"Matignon\",\"description\":\"M\u00e9decine esth\u00e9tique\",\"publisher\":{\"@id\":\"https:\/\/cliniquematignon.ch\/it\/#organization\"},\"potentialAction\":[{\"@type\":\"SearchAction\",\"target\":{\"@type\":\"EntryPoint\",\"urlTemplate\":\"https:\/\/cliniquematignon.ch\/it\/?s={search_term_string}\"},\"query-input\":{\"@type\":\"PropertyValueSpecification\",\"valueRequired\":true,\"valueName\":\"search_term_string\"}}],\"inLanguage\":\"it-CH\"},{\"@type\":\"Organization\",\"@id\":\"https:\/\/cliniquematignon.ch\/it\/#organization\",\"name\":\"Matignon\",\"url\":\"https:\/\/cliniquematignon.ch\/it\/\",\"logo\":{\"@type\":\"ImageObject\",\"inLanguage\":\"it-CH\",\"@id\":\"https:\/\/cliniquematignon.ch\/it\/#\/schema\/logo\/image\/\",\"url\":\"https:\/\/cliniquematignon.ch\/wp-content\/uploads\/2023\/06\/mat-logo-black..svg\",\"contentUrl\":\"https:\/\/cliniquematignon.ch\/wp-content\/uploads\/2023\/06\/mat-logo-black..svg\",\"width\":1,\"height\":1,\"caption\":\"Matignon\"},\"image\":{\"@id\":\"https:\/\/cliniquematignon.ch\/it\/#\/schema\/logo\/image\/\"},\"sameAs\":[\"https:\/\/www.facebook.com\/lescliniquesmatignon\/\"]}]}<\/script>\n<!-- \/ Yoast SEO Premium plugin. -->","yoast_head_json":{"title":"Hydrafacial M\u00e9thode Matignon - Edizione Festa della Mamma (1 acquistato = 1 gratis) (Matignon Neuch\u00e2tel) | Matignon","robots":{"index":"index","follow":"follow","max-snippet":"max-snippet:-1","max-image-preview":"max-image-preview:large","max-video-preview":"max-video-preview:-1"},"canonical":"https:\/\/cliniquematignon.ch\/it\/prodotto\/hydrafacial-methode-matignon-edizione-festa-della-mamma-1-acquisto-1-gratis\/","og_locale":"it_IT","og_type":"article","og_title":"Hydrafacial M\u00e9thode Matignon - Edizione Festa della Mamma (1 acquistato = 1 gratis) (Matignon Neuch\u00e2tel)","og_description":"Potete anche condividere il bagliore. Una pelle luminosa \u00e8 gi\u00e0 molto.Condividerla \u00e8 ancora meglio. Per la Festa della Mamma, questa edizione speciale celebra tutte le donne che contano.Una mamma, una futura mamma, una sorella, un&#8217;amica&#8230; o semplicemente se stesse. Due trattamenti, da sperimentare insieme o da mantenere insieme per prolungare i risultati nel tempo. 1 [&hellip;]","og_url":"https:\/\/cliniquematignon.ch\/it\/prodotto\/hydrafacial-methode-matignon-edizione-festa-della-mamma-1-acquisto-1-gratis\/","og_site_name":"Matignon","article_publisher":"https:\/\/www.facebook.com\/lescliniquesmatignon\/","article_modified_time":"2026-04-24T07:37:58+00:00","og_image":[{"width":1024,"height":977,"url":"https:\/\/cliniquematignon.ch\/wp-content\/uploads\/2025\/04\/fete_des_mere_microneedling.-1024x977.png","type":"image\/png"}],"twitter_card":"summary_large_image","schema":{"@context":"https:\/\/schema.org","@graph":[{"@type":"WebPage","@id":"https:\/\/cliniquematignon.ch\/it\/prodotto\/hydrafacial-methode-matignon-edizione-festa-della-mamma-1-acquisto-1-gratis\/","url":"https:\/\/cliniquematignon.ch\/it\/prodotto\/hydrafacial-methode-matignon-edizione-festa-della-mamma-1-acquisto-1-gratis\/","name":"Hydrafacial M\u00e9thode Matignon - Edizione Festa della Mamma (1 acquistato = 1 gratis) (Matignon Neuch\u00e2tel) | Matignon","isPartOf":{"@id":"https:\/\/cliniquematignon.ch\/it\/#website"},"primaryImageOfPage":{"@id":"https:\/\/cliniquematignon.ch\/it\/prodotto\/hydrafacial-methode-matignon-edizione-festa-della-mamma-1-acquisto-1-gratis\/#primaryimage"},"image":{"@id":"https:\/\/cliniquematignon.ch\/it\/prodotto\/hydrafacial-methode-matignon-edizione-festa-della-mamma-1-acquisto-1-gratis\/#primaryimage"},"thumbnailUrl":"https:\/\/cliniquematignon.ch\/wp-content\/uploads\/2025\/04\/fete_des_mere_microneedling..png","datePublished":"2026-04-24T04:00:38+00:00","dateModified":"2026-04-24T07:37:58+00:00","breadcrumb":{"@id":"https:\/\/cliniquematignon.ch\/it\/prodotto\/hydrafacial-methode-matignon-edizione-festa-della-mamma-1-acquisto-1-gratis\/#breadcrumb"},"inLanguage":"it-CH","potentialAction":[{"@type":"ReadAction","target":["https:\/\/cliniquematignon.ch\/it\/prodotto\/hydrafacial-methode-matignon-edizione-festa-della-mamma-1-acquisto-1-gratis\/"]}]},{"@type":"ImageObject","inLanguage":"it-CH","@id":"https:\/\/cliniquematignon.ch\/it\/prodotto\/hydrafacial-methode-matignon-edizione-festa-della-mamma-1-acquisto-1-gratis\/#primaryimage","url":"https:\/\/cliniquematignon.ch\/wp-content\/uploads\/2025\/04\/fete_des_mere_microneedling..png","contentUrl":"https:\/\/cliniquematignon.ch\/wp-content\/uploads\/2025\/04\/fete_des_mere_microneedling..png","width":1980,"height":1890},{"@type":"BreadcrumbList","@id":"https:\/\/cliniquematignon.ch\/it\/prodotto\/hydrafacial-methode-matignon-edizione-festa-della-mamma-1-acquisto-1-gratis\/#breadcrumb","itemListElement":[{"@type":"ListItem","position":1,"name":"Casa","item":"https:\/\/cliniquematignon.ch\/it\/casa\/"},{"@type":"ListItem","position":2,"name":"Negozio","item":"https:\/\/cliniquematignon.ch\/it\/negozio\/"},{"@type":"ListItem","position":3,"name":"Hydrafacial M\u00e9thode Matignon - Edizione Festa della Mamma (1 acquistato = 1 gratis) (Matignon Neuch\u00e2tel)"}]},{"@type":"WebSite","@id":"https:\/\/cliniquematignon.ch\/it\/#website","url":"https:\/\/cliniquematignon.ch\/it\/","name":"Matignon","description":"M\u00e9decine esth\u00e9tique","publisher":{"@id":"https:\/\/cliniquematignon.ch\/it\/#organization"},"potentialAction":[{"@type":"SearchAction","target":{"@type":"EntryPoint","urlTemplate":"https:\/\/cliniquematignon.ch\/it\/?s={search_term_string}"},"query-input":{"@type":"PropertyValueSpecification","valueRequired":true,"valueName":"search_term_string"}}],"inLanguage":"it-CH"},{"@type":"Organization","@id":"https:\/\/cliniquematignon.ch\/it\/#organization","name":"Matignon","url":"https:\/\/cliniquematignon.ch\/it\/","logo":{"@type":"ImageObject","inLanguage":"it-CH","@id":"https:\/\/cliniquematignon.ch\/it\/#\/schema\/logo\/image\/","url":"https:\/\/cliniquematignon.ch\/wp-content\/uploads\/2023\/06\/mat-logo-black..svg","contentUrl":"https:\/\/cliniquematignon.ch\/wp-content\/uploads\/2023\/06\/mat-logo-black..svg","width":1,"height":1,"caption":"Matignon"},"image":{"@id":"https:\/\/cliniquematignon.ch\/it\/#\/schema\/logo\/image\/"},"sameAs":["https:\/\/www.facebook.com\/lescliniquesmatignon\/"]}]}},"_links":{"self":[{"href":"https:\/\/cliniquematignon.ch\/it\/wp-json\/wp\/v2\/product\/37109","targetHints":{"allow":["GET"]}}],"collection":[{"href":"https:\/\/cliniquematignon.ch\/it\/wp-json\/wp\/v2\/product"}],"about":[{"href":"https:\/\/cliniquematignon.ch\/it\/wp-json\/wp\/v2\/types\/product"}],"wp:featuredmedia":[{"embeddable":true,"href":"https:\/\/cliniquematignon.ch\/it\/wp-json\/wp\/v2\/media\/26193"}],"wp:attachment":[{"href":"https:\/\/cliniquematignon.ch\/it\/wp-json\/wp\/v2\/media?parent=37109"}],"wp:term":[{"taxonomy":"product_brand","embeddable":true,"href":"https:\/\/cliniquematignon.ch\/it\/wp-json\/wp\/v2\/product_brand?post=37109"},{"taxonomy":"product_cat","embeddable":true,"href":"https:\/\/cliniquematignon.ch\/it\/wp-json\/wp\/v2\/product_cat?post=37109"},{"taxonomy":"product_tag","embeddable":true,"href":"https:\/\/cliniquematignon.ch\/it\/wp-json\/wp\/v2\/product_tag?post=37109"},{"taxonomy":"brand_product","embeddable":true,"href":"https:\/\/cliniquematignon.ch\/it\/wp-json\/wp\/v2\/brand_product?post=37109"}],"curies":[{"name":"wp","href":"https:\/\/api.w.org\/{rel}","templated":true}]}}