{"id":4372,"date":"2023-08-16T14:07:22","date_gmt":"2023-08-16T12:07:22","guid":{"rendered":"https:\/\/cliniquematignon.ch\/product\/nebbia-dessenza-correttiva-phyto\/"},"modified":"2025-04-23T16:08:33","modified_gmt":"2025-04-23T14:08:33","slug":"skinceuticals-fitocorrettivo-essenza-mist-brume","status":"publish","type":"product","link":"https:\/\/cliniquematignon.ch\/it\/prodotto\/skinceuticals-fitocorrettivo-essenza-mist-brume\/","title":{"rendered":"Nebbia d&#8217;essenza correttiva Phyto"},"content":{"rendered":"<div class=\"excerpt\">Spray lenitivo e idratante con estratti vegetali, rinforza la barriera cutanea e riduce visibilmente i rossori.<\/div>\n<div class=\"content\">\n<p>&nbsp;<\/p>\n<p><strong>Vantaggi<\/strong><\/p>\n<ul>\n<li>Lenisce e riduce immediatamente il rossore fino al 31%.<\/li>\n<li>Idratazione immediata: idrata la pelle fino al +69%.<\/li>\n<li>Idratazione per tutto il giorno: fino al +35% di idratazione dopo 8 ore.<\/li>\n<li>Aiuta a ridurre le irritazioni e gli arrossamenti visibili dopo un intervento in cabina<\/li>\n<li>Applicazione igienica &#8220;touchless&#8221; senza dover toccare la pelle<\/li>\n<li>Senza alcool e senza silicone<\/li>\n<\/ul>\n<p><img loading=\"lazy\" decoding=\"async\" class=\"alignnone size-full wp-image-3982 img-fluid\" src=\"https:\/\/cliniquematignon.ch\/wp-content\/uploads\/2020\/03\/autorized-dealer-Skinceuticals.png\" alt=\"\" width=\"200\" height=\"42\"><\/p>\n<\/div>\n<div class=\"content-accordions\">\n<div class=\"accordion\">\n<p>Phyto Corrective Essence Mist \u00e8 una nebbia idratante e lenitiva per il viso che rafforza la barriera cutanea e riduce visibilmente rossori e irritazioni. La formula contiene un complesso di estratti vegetali lenitivi con foglie di boldo e di olivo, cetriolo, timo e rosmarino. Inoltre, fornisce alla pelle un&#8217;idratazione intensa grazie alla combinazione di acido ialuronico e glicerina al 6,2%.<\/p>\n<p>Questo spray offre un&#8217;applicazione &#8220;touchless&#8221;, senza bisogno di spalmare il prodotto e di toccare la pelle irritata.<br \/>\nPhyto Corrective Essence Mist \u00e8 anche un trattamento post-laser testato e approvato. La nebbia pu\u00f2 essere facilmente riapplicata pi\u00f9 volte al giorno, a seconda delle necessit\u00e0, anche sopra il trucco.<\/p>\n<p><strong>Risultati visibili e scienza<\/strong><\/p>\n<p>Miglioramento comprovato dell&#8217;idratazione e degli arrossamenti.<br \/>\nStudio clinico di 2 settimane, riduzione visibile del rossore nei partecipanti.<\/p>\n<\/div>\n<\/div>\n","protected":false},"excerpt":{"rendered":"<p>Spray lenitivo e idratante con estratti vegetali, rinforza la barriera cutanea e riduce visibilmente i rossori. &nbsp; Vantaggi Lenisce e riduce immediatamente il rossore fino al 31%. Idratazione immediata: idrata la pelle fino al +69%. Idratazione per tutto il giorno: fino al +35% di idratazione dopo 8 ore. Aiuta a ridurre le irritazioni e gli [&hellip;]<\/p>\n","protected":false},"featured_media":4373,"template":"","meta":{"_acf_changed":false},"product_brand":[],"product_cat":[572,573,758],"product_tag":[],"brand_product":[571],"class_list":{"0":"post-4372","1":"product","2":"type-product","3":"status-publish","4":"has-post-thumbnail","6":"product_cat-skinceuticals-it","7":"product_cat-il-volto","8":"product_cat-ultima-possibilita","9":"brand_product-skinceuticals-it","11":"first","12":"instock","13":"sale","14":"taxable","15":"shipping-taxable","16":"purchasable","17":"product-type-simple"},"bundled_by":[],"bundle_stock_status":"instock","bundle_stock_quantity":2,"bundle_virtual":false,"bundle_layout":"","bundle_add_to_cart_form_location":"","bundle_editable_in_cart":false,"bundle_sold_individually_context":"","bundle_item_grouping":"","bundle_min_size":"","bundle_max_size":"","bundle_price":[],"bundled_items":[],"bundle_sell_ids":[],"acf":[],"yoast_head":"<!-- This site is optimized with the Yoast SEO Premium plugin v27.1 (Yoast SEO v27.1.1) - https:\/\/yoast.com\/product\/yoast-seo-premium-wordpress\/ -->\n<title>Nebbia d&#039;essenza correttiva Phyto | Matignon<\/title>\n<meta name=\"robots\" content=\"index, follow, max-snippet:-1, max-image-preview:large, max-video-preview:-1\" \/>\n<link rel=\"canonical\" href=\"https:\/\/cliniquematignon.ch\/it\/prodotto\/skinceuticals-fitocorrettivo-essenza-mist-brume\/\" \/>\n<meta property=\"og:locale\" content=\"it_IT\" \/>\n<meta property=\"og:type\" content=\"article\" \/>\n<meta property=\"og:title\" content=\"Nebbia d&#039;essenza correttiva Phyto\" \/>\n<meta property=\"og:description\" content=\"Spray lenitivo e idratante con estratti vegetali, rinforza la barriera cutanea e riduce visibilmente i rossori. &nbsp; Vantaggi Lenisce e riduce immediatamente il rossore fino al 31%. Idratazione immediata: idrata la pelle fino al +69%. Idratazione per tutto il giorno: fino al +35% di idratazione dopo 8 ore. Aiuta a ridurre le irritazioni e gli [&hellip;]\" \/>\n<meta property=\"og:url\" content=\"https:\/\/cliniquematignon.ch\/it\/prodotto\/skinceuticals-fitocorrettivo-essenza-mist-brume\/\" \/>\n<meta property=\"og:site_name\" content=\"Matignon\" \/>\n<meta property=\"article:publisher\" content=\"https:\/\/www.facebook.com\/lescliniquesmatignon\/\" \/>\n<meta property=\"article:modified_time\" content=\"2025-04-23T14:08:33+00:00\" \/>\n<meta property=\"og:image\" content=\"https:\/\/cliniquematignon.ch\/wp-content\/uploads\/2023\/08\/clinique-matignon-skinceuticals_phyto_corrective_essence_mist_brume..jpg\" \/>\n\t<meta property=\"og:image:width\" content=\"1890\" \/>\n\t<meta property=\"og:image:height\" content=\"1890\" \/>\n\t<meta property=\"og:image:type\" content=\"image\/jpeg\" \/>\n<meta name=\"twitter:card\" content=\"summary_large_image\" \/>\n<meta name=\"twitter:label1\" content=\"Est. reading time\" \/>\n\t<meta name=\"twitter:data1\" content=\"1 minute\" \/>\n<script type=\"application\/ld+json\" class=\"yoast-schema-graph\">{\"@context\":\"https:\/\/schema.org\",\"@graph\":[{\"@type\":\"WebPage\",\"@id\":\"https:\/\/cliniquematignon.ch\/it\/prodotto\/skinceuticals-fitocorrettivo-essenza-mist-brume\/\",\"url\":\"https:\/\/cliniquematignon.ch\/it\/prodotto\/skinceuticals-fitocorrettivo-essenza-mist-brume\/\",\"name\":\"Nebbia d'essenza correttiva Phyto | Matignon\",\"isPartOf\":{\"@id\":\"https:\/\/cliniquematignon.ch\/it\/#website\"},\"primaryImageOfPage\":{\"@id\":\"https:\/\/cliniquematignon.ch\/it\/prodotto\/skinceuticals-fitocorrettivo-essenza-mist-brume\/#primaryimage\"},\"image\":{\"@id\":\"https:\/\/cliniquematignon.ch\/it\/prodotto\/skinceuticals-fitocorrettivo-essenza-mist-brume\/#primaryimage\"},\"thumbnailUrl\":\"https:\/\/cliniquematignon.ch\/wp-content\/uploads\/2023\/08\/clinique-matignon-skinceuticals_phyto_corrective_essence_mist_brume..jpg\",\"datePublished\":\"2023-08-16T12:07:22+00:00\",\"dateModified\":\"2025-04-23T14:08:33+00:00\",\"breadcrumb\":{\"@id\":\"https:\/\/cliniquematignon.ch\/it\/prodotto\/skinceuticals-fitocorrettivo-essenza-mist-brume\/#breadcrumb\"},\"inLanguage\":\"it-CH\",\"potentialAction\":[{\"@type\":\"ReadAction\",\"target\":[\"https:\/\/cliniquematignon.ch\/it\/prodotto\/skinceuticals-fitocorrettivo-essenza-mist-brume\/\"]}]},{\"@type\":\"ImageObject\",\"inLanguage\":\"it-CH\",\"@id\":\"https:\/\/cliniquematignon.ch\/it\/prodotto\/skinceuticals-fitocorrettivo-essenza-mist-brume\/#primaryimage\",\"url\":\"https:\/\/cliniquematignon.ch\/wp-content\/uploads\/2023\/08\/clinique-matignon-skinceuticals_phyto_corrective_essence_mist_brume..jpg\",\"contentUrl\":\"https:\/\/cliniquematignon.ch\/wp-content\/uploads\/2023\/08\/clinique-matignon-skinceuticals_phyto_corrective_essence_mist_brume..jpg\",\"width\":1890,\"height\":1890},{\"@type\":\"BreadcrumbList\",\"@id\":\"https:\/\/cliniquematignon.ch\/it\/prodotto\/skinceuticals-fitocorrettivo-essenza-mist-brume\/#breadcrumb\",\"itemListElement\":[{\"@type\":\"ListItem\",\"position\":1,\"name\":\"Casa\",\"item\":\"https:\/\/cliniquematignon.ch\/it\/casa\/\"},{\"@type\":\"ListItem\",\"position\":2,\"name\":\"Negozio\",\"item\":\"https:\/\/cliniquematignon.ch\/it\/negozio\/\"},{\"@type\":\"ListItem\",\"position\":3,\"name\":\"Nebbia d&#8217;essenza correttiva Phyto\"}]},{\"@type\":\"WebSite\",\"@id\":\"https:\/\/cliniquematignon.ch\/it\/#website\",\"url\":\"https:\/\/cliniquematignon.ch\/it\/\",\"name\":\"Matignon\",\"description\":\"M\u00e9decine esth\u00e9tique\",\"publisher\":{\"@id\":\"https:\/\/cliniquematignon.ch\/it\/#organization\"},\"potentialAction\":[{\"@type\":\"SearchAction\",\"target\":{\"@type\":\"EntryPoint\",\"urlTemplate\":\"https:\/\/cliniquematignon.ch\/it\/?s={search_term_string}\"},\"query-input\":{\"@type\":\"PropertyValueSpecification\",\"valueRequired\":true,\"valueName\":\"search_term_string\"}}],\"inLanguage\":\"it-CH\"},{\"@type\":\"Organization\",\"@id\":\"https:\/\/cliniquematignon.ch\/it\/#organization\",\"name\":\"Matignon\",\"url\":\"https:\/\/cliniquematignon.ch\/it\/\",\"logo\":{\"@type\":\"ImageObject\",\"inLanguage\":\"it-CH\",\"@id\":\"https:\/\/cliniquematignon.ch\/it\/#\/schema\/logo\/image\/\",\"url\":\"https:\/\/cliniquematignon.ch\/wp-content\/uploads\/2023\/06\/mat-logo-black..svg\",\"contentUrl\":\"https:\/\/cliniquematignon.ch\/wp-content\/uploads\/2023\/06\/mat-logo-black..svg\",\"width\":1,\"height\":1,\"caption\":\"Matignon\"},\"image\":{\"@id\":\"https:\/\/cliniquematignon.ch\/it\/#\/schema\/logo\/image\/\"},\"sameAs\":[\"https:\/\/www.facebook.com\/lescliniquesmatignon\/\"]}]}<\/script>\n<!-- \/ Yoast SEO Premium plugin. -->","yoast_head_json":{"title":"Nebbia d'essenza correttiva Phyto | Matignon","robots":{"index":"index","follow":"follow","max-snippet":"max-snippet:-1","max-image-preview":"max-image-preview:large","max-video-preview":"max-video-preview:-1"},"canonical":"https:\/\/cliniquematignon.ch\/it\/prodotto\/skinceuticals-fitocorrettivo-essenza-mist-brume\/","og_locale":"it_IT","og_type":"article","og_title":"Nebbia d'essenza correttiva Phyto","og_description":"Spray lenitivo e idratante con estratti vegetali, rinforza la barriera cutanea e riduce visibilmente i rossori. &nbsp; Vantaggi Lenisce e riduce immediatamente il rossore fino al 31%. Idratazione immediata: idrata la pelle fino al +69%. Idratazione per tutto il giorno: fino al +35% di idratazione dopo 8 ore. Aiuta a ridurre le irritazioni e gli [&hellip;]","og_url":"https:\/\/cliniquematignon.ch\/it\/prodotto\/skinceuticals-fitocorrettivo-essenza-mist-brume\/","og_site_name":"Matignon","article_publisher":"https:\/\/www.facebook.com\/lescliniquesmatignon\/","article_modified_time":"2025-04-23T14:08:33+00:00","og_image":[{"width":1890,"height":1890,"url":"https:\/\/cliniquematignon.ch\/wp-content\/uploads\/2023\/08\/clinique-matignon-skinceuticals_phyto_corrective_essence_mist_brume..jpg","type":"image\/jpeg"}],"twitter_card":"summary_large_image","twitter_misc":{"Est. reading time":"1 minute"},"schema":{"@context":"https:\/\/schema.org","@graph":[{"@type":"WebPage","@id":"https:\/\/cliniquematignon.ch\/it\/prodotto\/skinceuticals-fitocorrettivo-essenza-mist-brume\/","url":"https:\/\/cliniquematignon.ch\/it\/prodotto\/skinceuticals-fitocorrettivo-essenza-mist-brume\/","name":"Nebbia d'essenza correttiva Phyto | Matignon","isPartOf":{"@id":"https:\/\/cliniquematignon.ch\/it\/#website"},"primaryImageOfPage":{"@id":"https:\/\/cliniquematignon.ch\/it\/prodotto\/skinceuticals-fitocorrettivo-essenza-mist-brume\/#primaryimage"},"image":{"@id":"https:\/\/cliniquematignon.ch\/it\/prodotto\/skinceuticals-fitocorrettivo-essenza-mist-brume\/#primaryimage"},"thumbnailUrl":"https:\/\/cliniquematignon.ch\/wp-content\/uploads\/2023\/08\/clinique-matignon-skinceuticals_phyto_corrective_essence_mist_brume..jpg","datePublished":"2023-08-16T12:07:22+00:00","dateModified":"2025-04-23T14:08:33+00:00","breadcrumb":{"@id":"https:\/\/cliniquematignon.ch\/it\/prodotto\/skinceuticals-fitocorrettivo-essenza-mist-brume\/#breadcrumb"},"inLanguage":"it-CH","potentialAction":[{"@type":"ReadAction","target":["https:\/\/cliniquematignon.ch\/it\/prodotto\/skinceuticals-fitocorrettivo-essenza-mist-brume\/"]}]},{"@type":"ImageObject","inLanguage":"it-CH","@id":"https:\/\/cliniquematignon.ch\/it\/prodotto\/skinceuticals-fitocorrettivo-essenza-mist-brume\/#primaryimage","url":"https:\/\/cliniquematignon.ch\/wp-content\/uploads\/2023\/08\/clinique-matignon-skinceuticals_phyto_corrective_essence_mist_brume..jpg","contentUrl":"https:\/\/cliniquematignon.ch\/wp-content\/uploads\/2023\/08\/clinique-matignon-skinceuticals_phyto_corrective_essence_mist_brume..jpg","width":1890,"height":1890},{"@type":"BreadcrumbList","@id":"https:\/\/cliniquematignon.ch\/it\/prodotto\/skinceuticals-fitocorrettivo-essenza-mist-brume\/#breadcrumb","itemListElement":[{"@type":"ListItem","position":1,"name":"Casa","item":"https:\/\/cliniquematignon.ch\/it\/casa\/"},{"@type":"ListItem","position":2,"name":"Negozio","item":"https:\/\/cliniquematignon.ch\/it\/negozio\/"},{"@type":"ListItem","position":3,"name":"Nebbia d&#8217;essenza correttiva Phyto"}]},{"@type":"WebSite","@id":"https:\/\/cliniquematignon.ch\/it\/#website","url":"https:\/\/cliniquematignon.ch\/it\/","name":"Matignon","description":"M\u00e9decine esth\u00e9tique","publisher":{"@id":"https:\/\/cliniquematignon.ch\/it\/#organization"},"potentialAction":[{"@type":"SearchAction","target":{"@type":"EntryPoint","urlTemplate":"https:\/\/cliniquematignon.ch\/it\/?s={search_term_string}"},"query-input":{"@type":"PropertyValueSpecification","valueRequired":true,"valueName":"search_term_string"}}],"inLanguage":"it-CH"},{"@type":"Organization","@id":"https:\/\/cliniquematignon.ch\/it\/#organization","name":"Matignon","url":"https:\/\/cliniquematignon.ch\/it\/","logo":{"@type":"ImageObject","inLanguage":"it-CH","@id":"https:\/\/cliniquematignon.ch\/it\/#\/schema\/logo\/image\/","url":"https:\/\/cliniquematignon.ch\/wp-content\/uploads\/2023\/06\/mat-logo-black..svg","contentUrl":"https:\/\/cliniquematignon.ch\/wp-content\/uploads\/2023\/06\/mat-logo-black..svg","width":1,"height":1,"caption":"Matignon"},"image":{"@id":"https:\/\/cliniquematignon.ch\/it\/#\/schema\/logo\/image\/"},"sameAs":["https:\/\/www.facebook.com\/lescliniquesmatignon\/"]}]}},"_links":{"self":[{"href":"https:\/\/cliniquematignon.ch\/it\/wp-json\/wp\/v2\/product\/4372","targetHints":{"allow":["GET"]}}],"collection":[{"href":"https:\/\/cliniquematignon.ch\/it\/wp-json\/wp\/v2\/product"}],"about":[{"href":"https:\/\/cliniquematignon.ch\/it\/wp-json\/wp\/v2\/types\/product"}],"wp:featuredmedia":[{"embeddable":true,"href":"https:\/\/cliniquematignon.ch\/it\/wp-json\/wp\/v2\/media\/4373"}],"wp:attachment":[{"href":"https:\/\/cliniquematignon.ch\/it\/wp-json\/wp\/v2\/media?parent=4372"}],"wp:term":[{"taxonomy":"product_brand","embeddable":true,"href":"https:\/\/cliniquematignon.ch\/it\/wp-json\/wp\/v2\/product_brand?post=4372"},{"taxonomy":"product_cat","embeddable":true,"href":"https:\/\/cliniquematignon.ch\/it\/wp-json\/wp\/v2\/product_cat?post=4372"},{"taxonomy":"product_tag","embeddable":true,"href":"https:\/\/cliniquematignon.ch\/it\/wp-json\/wp\/v2\/product_tag?post=4372"},{"taxonomy":"brand_product","embeddable":true,"href":"https:\/\/cliniquematignon.ch\/it\/wp-json\/wp\/v2\/brand_product?post=4372"}],"curies":[{"name":"wp","href":"https:\/\/api.w.org\/{rel}","templated":true}]}}