{"id":4378,"date":"2023-08-16T14:10:11","date_gmt":"2023-08-16T12:10:11","guid":{"rendered":"https:\/\/cliniquematignon.ch\/product\/intensificatore-h-a\/"},"modified":"2026-03-06T11:44:16","modified_gmt":"2026-03-06T10:44:16","slug":"skinceuticals-h-a-intensificatore","status":"publish","type":"product","link":"https:\/\/cliniquematignon.ch\/it\/prodotto\/skinceuticals-h-a-intensificatore\/","title":{"rendered":"Intensificatore H.A."},"content":{"rendered":"<div class=\"excerpt\">Siero correttivo che aumenta del 30% i livelli di acido ialuronico della pelle.<\/div>\n<div class=\"content\">\n<p><strong>Vantaggi<\/strong><\/p>\n<ul>\n<li>Aumenta i livelli di acido ialuronico del 30%.<\/li>\n<li>Efficacia visibile sulle rughe della piega nasolabiale, sulle linee dell&#8217;amaro e sulle zampe di gallina<\/li>\n<li>Fornisce un&#8217;idratazione di lunga durata<\/li>\n<li>Migliora la texture della pelle<\/li>\n<li>Senza parabeni e coloranti<\/li>\n<li>Ideale per tutti i tipi di pelle<\/li>\n<\/ul>\n<p><img loading=\"lazy\" decoding=\"async\" class=\"alignnone size-full wp-image-3982 img-fluid\" src=\"https:\/\/cliniquematignon.ch\/wp-content\/uploads\/2020\/03\/autorized-dealer-Skinceuticals.png\" alt=\"\" width=\"200\" height=\"42\" data-pagespeed-url-hash=\"492568781\"><\/p>\n<p>H.A. INTENSIFIER \u00e8 un siero correttivo che aumenta del 30% i livelli di acido ialuronico della pelle. Questa formula unica contiene un&#8217;alta concentrazione di acido ialuronico puro, Proxylane\u2122, estratto di radice di liquirizia e riso viola per stimolare l&#8217;acido ialuronico della pelle, fornire un&#8217;idratazione di lunga durata, rimpolpare intensamente, levigare le rughe e ridensificare immediatamente.<\/p>\n<p><strong>Risultati visibili e scienza<\/strong><\/p>\n<p>Studio clinico indipendente di 12 settimane, l&#8217;efficacia anti-invecchiamento di H.A Intensifier \u00e8 stata clinicamente dimostrata: +23% di volume +9% di pelle pi\u00f9 soda +11% di compattezza +13% di elasticit\u00e0 +18% di consistenza della pelle.<\/p>\n<\/div>\n","protected":false},"excerpt":{"rendered":"<p>Siero correttivo che aumenta del 30% i livelli di acido ialuronico della pelle. Vantaggi Aumenta i livelli di acido ialuronico del 30%. Efficacia visibile sulle rughe della piega nasolabiale, sulle linee dell&#8217;amaro e sulle zampe di gallina Fornisce un&#8217;idratazione di lunga durata Migliora la texture della pelle Senza parabeni e coloranti Ideale per tutti i [&hellip;]<\/p>\n","protected":false},"featured_media":4379,"template":"","meta":{"_acf_changed":false},"product_brand":[],"product_cat":[572,573],"product_tag":[],"brand_product":[571],"class_list":{"0":"post-4378","1":"product","2":"type-product","3":"status-publish","4":"has-post-thumbnail","6":"product_cat-skinceuticals-it","7":"product_cat-il-volto","8":"brand_product-skinceuticals-it","10":"first","11":"outofstock","12":"sale","13":"taxable","14":"shipping-taxable","15":"purchasable","16":"product-type-simple"},"bundled_by":[],"bundle_stock_status":"outofstock","bundle_stock_quantity":0,"bundle_virtual":false,"bundle_layout":"","bundle_add_to_cart_form_location":"","bundle_editable_in_cart":false,"bundle_sold_individually_context":"","bundle_item_grouping":"","bundle_min_size":"","bundle_max_size":"","bundle_price":[],"bundled_items":[],"bundle_sell_ids":[],"acf":[],"yoast_head":"<!-- This site is optimized with the Yoast SEO Premium plugin v27.1 (Yoast SEO v27.1.1) - https:\/\/yoast.com\/product\/yoast-seo-premium-wordpress\/ -->\n<title>Intensificatore H.A. | Matignon<\/title>\n<meta name=\"robots\" content=\"index, follow, max-snippet:-1, max-image-preview:large, max-video-preview:-1\" \/>\n<link rel=\"canonical\" href=\"https:\/\/cliniquematignon.ch\/it\/prodotto\/skinceuticals-h-a-intensificatore\/\" \/>\n<meta property=\"og:locale\" content=\"it_IT\" \/>\n<meta property=\"og:type\" content=\"article\" \/>\n<meta property=\"og:title\" content=\"Intensificatore H.A.\" \/>\n<meta property=\"og:description\" content=\"Siero correttivo che aumenta del 30% i livelli di acido ialuronico della pelle. Vantaggi Aumenta i livelli di acido ialuronico del 30%. Efficacia visibile sulle rughe della piega nasolabiale, sulle linee dell&#8217;amaro e sulle zampe di gallina Fornisce un&#8217;idratazione di lunga durata Migliora la texture della pelle Senza parabeni e coloranti Ideale per tutti i [&hellip;]\" \/>\n<meta property=\"og:url\" content=\"https:\/\/cliniquematignon.ch\/it\/prodotto\/skinceuticals-h-a-intensificatore\/\" \/>\n<meta property=\"og:site_name\" content=\"Matignon\" \/>\n<meta property=\"article:publisher\" content=\"https:\/\/www.facebook.com\/lescliniquesmatignon\/\" \/>\n<meta property=\"article:modified_time\" content=\"2026-03-06T10:44:16+00:00\" \/>\n<meta property=\"og:image\" content=\"https:\/\/cliniquematignon.ch\/wp-content\/uploads\/2023\/08\/clinique-matignon_skinceuticals_correct_ha_intensifier..jpg\" \/>\n\t<meta property=\"og:image:width\" content=\"1890\" \/>\n\t<meta property=\"og:image:height\" content=\"1890\" \/>\n\t<meta property=\"og:image:type\" content=\"image\/jpeg\" \/>\n<meta name=\"twitter:card\" content=\"summary_large_image\" \/>\n<meta name=\"twitter:label1\" content=\"Est. reading time\" \/>\n\t<meta name=\"twitter:data1\" content=\"1 minute\" \/>\n<script type=\"application\/ld+json\" class=\"yoast-schema-graph\">{\"@context\":\"https:\/\/schema.org\",\"@graph\":[{\"@type\":\"WebPage\",\"@id\":\"https:\/\/cliniquematignon.ch\/it\/prodotto\/skinceuticals-h-a-intensificatore\/\",\"url\":\"https:\/\/cliniquematignon.ch\/it\/prodotto\/skinceuticals-h-a-intensificatore\/\",\"name\":\"Intensificatore H.A. | Matignon\",\"isPartOf\":{\"@id\":\"https:\/\/cliniquematignon.ch\/it\/#website\"},\"primaryImageOfPage\":{\"@id\":\"https:\/\/cliniquematignon.ch\/it\/prodotto\/skinceuticals-h-a-intensificatore\/#primaryimage\"},\"image\":{\"@id\":\"https:\/\/cliniquematignon.ch\/it\/prodotto\/skinceuticals-h-a-intensificatore\/#primaryimage\"},\"thumbnailUrl\":\"https:\/\/cliniquematignon.ch\/wp-content\/uploads\/2023\/08\/clinique-matignon_skinceuticals_correct_ha_intensifier..jpg\",\"datePublished\":\"2023-08-16T12:10:11+00:00\",\"dateModified\":\"2026-03-06T10:44:16+00:00\",\"breadcrumb\":{\"@id\":\"https:\/\/cliniquematignon.ch\/it\/prodotto\/skinceuticals-h-a-intensificatore\/#breadcrumb\"},\"inLanguage\":\"it-CH\",\"potentialAction\":[{\"@type\":\"ReadAction\",\"target\":[\"https:\/\/cliniquematignon.ch\/it\/prodotto\/skinceuticals-h-a-intensificatore\/\"]}]},{\"@type\":\"ImageObject\",\"inLanguage\":\"it-CH\",\"@id\":\"https:\/\/cliniquematignon.ch\/it\/prodotto\/skinceuticals-h-a-intensificatore\/#primaryimage\",\"url\":\"https:\/\/cliniquematignon.ch\/wp-content\/uploads\/2023\/08\/clinique-matignon_skinceuticals_correct_ha_intensifier..jpg\",\"contentUrl\":\"https:\/\/cliniquematignon.ch\/wp-content\/uploads\/2023\/08\/clinique-matignon_skinceuticals_correct_ha_intensifier..jpg\",\"width\":1890,\"height\":1890},{\"@type\":\"BreadcrumbList\",\"@id\":\"https:\/\/cliniquematignon.ch\/it\/prodotto\/skinceuticals-h-a-intensificatore\/#breadcrumb\",\"itemListElement\":[{\"@type\":\"ListItem\",\"position\":1,\"name\":\"Casa\",\"item\":\"https:\/\/cliniquematignon.ch\/it\/casa\/\"},{\"@type\":\"ListItem\",\"position\":2,\"name\":\"Negozio\",\"item\":\"https:\/\/cliniquematignon.ch\/it\/negozio\/\"},{\"@type\":\"ListItem\",\"position\":3,\"name\":\"Intensificatore H.A.\"}]},{\"@type\":\"WebSite\",\"@id\":\"https:\/\/cliniquematignon.ch\/it\/#website\",\"url\":\"https:\/\/cliniquematignon.ch\/it\/\",\"name\":\"Matignon\",\"description\":\"M\u00e9decine esth\u00e9tique\",\"publisher\":{\"@id\":\"https:\/\/cliniquematignon.ch\/it\/#organization\"},\"potentialAction\":[{\"@type\":\"SearchAction\",\"target\":{\"@type\":\"EntryPoint\",\"urlTemplate\":\"https:\/\/cliniquematignon.ch\/it\/?s={search_term_string}\"},\"query-input\":{\"@type\":\"PropertyValueSpecification\",\"valueRequired\":true,\"valueName\":\"search_term_string\"}}],\"inLanguage\":\"it-CH\"},{\"@type\":\"Organization\",\"@id\":\"https:\/\/cliniquematignon.ch\/it\/#organization\",\"name\":\"Matignon\",\"url\":\"https:\/\/cliniquematignon.ch\/it\/\",\"logo\":{\"@type\":\"ImageObject\",\"inLanguage\":\"it-CH\",\"@id\":\"https:\/\/cliniquematignon.ch\/it\/#\/schema\/logo\/image\/\",\"url\":\"https:\/\/cliniquematignon.ch\/wp-content\/uploads\/2023\/06\/mat-logo-black..svg\",\"contentUrl\":\"https:\/\/cliniquematignon.ch\/wp-content\/uploads\/2023\/06\/mat-logo-black..svg\",\"width\":1,\"height\":1,\"caption\":\"Matignon\"},\"image\":{\"@id\":\"https:\/\/cliniquematignon.ch\/it\/#\/schema\/logo\/image\/\"},\"sameAs\":[\"https:\/\/www.facebook.com\/lescliniquesmatignon\/\"]}]}<\/script>\n<!-- \/ Yoast SEO Premium plugin. -->","yoast_head_json":{"title":"Intensificatore H.A. | Matignon","robots":{"index":"index","follow":"follow","max-snippet":"max-snippet:-1","max-image-preview":"max-image-preview:large","max-video-preview":"max-video-preview:-1"},"canonical":"https:\/\/cliniquematignon.ch\/it\/prodotto\/skinceuticals-h-a-intensificatore\/","og_locale":"it_IT","og_type":"article","og_title":"Intensificatore H.A.","og_description":"Siero correttivo che aumenta del 30% i livelli di acido ialuronico della pelle. Vantaggi Aumenta i livelli di acido ialuronico del 30%. Efficacia visibile sulle rughe della piega nasolabiale, sulle linee dell&#8217;amaro e sulle zampe di gallina Fornisce un&#8217;idratazione di lunga durata Migliora la texture della pelle Senza parabeni e coloranti Ideale per tutti i [&hellip;]","og_url":"https:\/\/cliniquematignon.ch\/it\/prodotto\/skinceuticals-h-a-intensificatore\/","og_site_name":"Matignon","article_publisher":"https:\/\/www.facebook.com\/lescliniquesmatignon\/","article_modified_time":"2026-03-06T10:44:16+00:00","og_image":[{"width":1890,"height":1890,"url":"https:\/\/cliniquematignon.ch\/wp-content\/uploads\/2023\/08\/clinique-matignon_skinceuticals_correct_ha_intensifier..jpg","type":"image\/jpeg"}],"twitter_card":"summary_large_image","twitter_misc":{"Est. reading time":"1 minute"},"schema":{"@context":"https:\/\/schema.org","@graph":[{"@type":"WebPage","@id":"https:\/\/cliniquematignon.ch\/it\/prodotto\/skinceuticals-h-a-intensificatore\/","url":"https:\/\/cliniquematignon.ch\/it\/prodotto\/skinceuticals-h-a-intensificatore\/","name":"Intensificatore H.A. | Matignon","isPartOf":{"@id":"https:\/\/cliniquematignon.ch\/it\/#website"},"primaryImageOfPage":{"@id":"https:\/\/cliniquematignon.ch\/it\/prodotto\/skinceuticals-h-a-intensificatore\/#primaryimage"},"image":{"@id":"https:\/\/cliniquematignon.ch\/it\/prodotto\/skinceuticals-h-a-intensificatore\/#primaryimage"},"thumbnailUrl":"https:\/\/cliniquematignon.ch\/wp-content\/uploads\/2023\/08\/clinique-matignon_skinceuticals_correct_ha_intensifier..jpg","datePublished":"2023-08-16T12:10:11+00:00","dateModified":"2026-03-06T10:44:16+00:00","breadcrumb":{"@id":"https:\/\/cliniquematignon.ch\/it\/prodotto\/skinceuticals-h-a-intensificatore\/#breadcrumb"},"inLanguage":"it-CH","potentialAction":[{"@type":"ReadAction","target":["https:\/\/cliniquematignon.ch\/it\/prodotto\/skinceuticals-h-a-intensificatore\/"]}]},{"@type":"ImageObject","inLanguage":"it-CH","@id":"https:\/\/cliniquematignon.ch\/it\/prodotto\/skinceuticals-h-a-intensificatore\/#primaryimage","url":"https:\/\/cliniquematignon.ch\/wp-content\/uploads\/2023\/08\/clinique-matignon_skinceuticals_correct_ha_intensifier..jpg","contentUrl":"https:\/\/cliniquematignon.ch\/wp-content\/uploads\/2023\/08\/clinique-matignon_skinceuticals_correct_ha_intensifier..jpg","width":1890,"height":1890},{"@type":"BreadcrumbList","@id":"https:\/\/cliniquematignon.ch\/it\/prodotto\/skinceuticals-h-a-intensificatore\/#breadcrumb","itemListElement":[{"@type":"ListItem","position":1,"name":"Casa","item":"https:\/\/cliniquematignon.ch\/it\/casa\/"},{"@type":"ListItem","position":2,"name":"Negozio","item":"https:\/\/cliniquematignon.ch\/it\/negozio\/"},{"@type":"ListItem","position":3,"name":"Intensificatore H.A."}]},{"@type":"WebSite","@id":"https:\/\/cliniquematignon.ch\/it\/#website","url":"https:\/\/cliniquematignon.ch\/it\/","name":"Matignon","description":"M\u00e9decine esth\u00e9tique","publisher":{"@id":"https:\/\/cliniquematignon.ch\/it\/#organization"},"potentialAction":[{"@type":"SearchAction","target":{"@type":"EntryPoint","urlTemplate":"https:\/\/cliniquematignon.ch\/it\/?s={search_term_string}"},"query-input":{"@type":"PropertyValueSpecification","valueRequired":true,"valueName":"search_term_string"}}],"inLanguage":"it-CH"},{"@type":"Organization","@id":"https:\/\/cliniquematignon.ch\/it\/#organization","name":"Matignon","url":"https:\/\/cliniquematignon.ch\/it\/","logo":{"@type":"ImageObject","inLanguage":"it-CH","@id":"https:\/\/cliniquematignon.ch\/it\/#\/schema\/logo\/image\/","url":"https:\/\/cliniquematignon.ch\/wp-content\/uploads\/2023\/06\/mat-logo-black..svg","contentUrl":"https:\/\/cliniquematignon.ch\/wp-content\/uploads\/2023\/06\/mat-logo-black..svg","width":1,"height":1,"caption":"Matignon"},"image":{"@id":"https:\/\/cliniquematignon.ch\/it\/#\/schema\/logo\/image\/"},"sameAs":["https:\/\/www.facebook.com\/lescliniquesmatignon\/"]}]}},"_links":{"self":[{"href":"https:\/\/cliniquematignon.ch\/it\/wp-json\/wp\/v2\/product\/4378","targetHints":{"allow":["GET"]}}],"collection":[{"href":"https:\/\/cliniquematignon.ch\/it\/wp-json\/wp\/v2\/product"}],"about":[{"href":"https:\/\/cliniquematignon.ch\/it\/wp-json\/wp\/v2\/types\/product"}],"wp:featuredmedia":[{"embeddable":true,"href":"https:\/\/cliniquematignon.ch\/it\/wp-json\/wp\/v2\/media\/4379"}],"wp:attachment":[{"href":"https:\/\/cliniquematignon.ch\/it\/wp-json\/wp\/v2\/media?parent=4378"}],"wp:term":[{"taxonomy":"product_brand","embeddable":true,"href":"https:\/\/cliniquematignon.ch\/it\/wp-json\/wp\/v2\/product_brand?post=4378"},{"taxonomy":"product_cat","embeddable":true,"href":"https:\/\/cliniquematignon.ch\/it\/wp-json\/wp\/v2\/product_cat?post=4378"},{"taxonomy":"product_tag","embeddable":true,"href":"https:\/\/cliniquematignon.ch\/it\/wp-json\/wp\/v2\/product_tag?post=4378"},{"taxonomy":"brand_product","embeddable":true,"href":"https:\/\/cliniquematignon.ch\/it\/wp-json\/wp\/v2\/brand_product?post=4378"}],"curies":[{"name":"wp","href":"https:\/\/api.w.org\/{rel}","templated":true}]}}