{"id":4422,"date":"2023-08-16T15:00:29","date_gmt":"2023-08-16T13:00:29","guid":{"rendered":"https:\/\/cliniquematignon.ch\/product\/tripeptide-r-riparazione-del-collo\/"},"modified":"2025-12-09T15:04:41","modified_gmt":"2025-12-09T14:04:41","slug":"skinceuticals-tripeptide-r-collo-riparatore-con-02-de-retinolo","status":"publish","type":"product","link":"https:\/\/cliniquematignon.ch\/it\/prodotto\/skinceuticals-tripeptide-r-collo-riparatore-con-02-de-retinolo\/","title":{"rendered":"Tripeptide-R Riparazione del collo"},"content":{"rendered":"<div class=\"excerpt\">\n<div class=\"excerpt\">Tripeptide-R Neck Repair \u00e8 adatto a tutti i tipi di pelle, tranne quelle pi\u00f9 sensibili. \u00c8 particolarmente indicato per le pelli mature e\/o che presentano segni di invecchiamento (rughe orizzontali, pelle raggrinzita e sgualcita, perdita di compattezza ed elasticit\u00e0), disidratazione o iperpigmentazione.<\/div>\n<div class=\"content\">\n<p>&nbsp;<\/p>\n<p><strong>Vantaggi<\/strong><\/p>\n<ul>\n<li>Una miscela di potenti peptidi aiuta a ridurre l&#8217;aspetto delle linee sottili<\/li>\n<li>Migliora la compattezza.<\/li>\n<\/ul>\n<p><img loading=\"lazy\" decoding=\"async\" class=\"alignnone size-full wp-image-3982 img-fluid\" src=\"https:\/\/cliniquematignon.ch\/wp-content\/uploads\/2020\/03\/autorized-dealer-Skinceuticals.png\" alt=\"\" width=\"200\" height=\"42\" data-pagespeed-url-hash=\"492568781\"><\/p>\n<p>Ben diversa da quella del viso, la pelle del collo e del d\u00e9collet\u00e9 presenta caratteristiche specifiche che la rendono pi\u00f9 soggetta all&#8217;invecchiamento precoce.<\/p>\n<p>A partire dai 30 anni, il rinnovamento cellulare rallenta, ed \u00e8 ancora pi\u00f9 lento nella pelle del collo e del d\u00e9collet\u00e9. Quest&#8217;area subisce anche una maggiore perdita di collagene ed elastina, che favorisce il rilassamento cutaneo e il graduale accumulo di cellule lipidiche sotto il mento. Poich\u00e9 la pelle del collo e del d\u00e9collet\u00e9 \u00e8 pi\u00f9 sottile e meno ricca di lipidi rispetto a quella del viso, la sua barriera cutanea protettiva \u00e8 pi\u00f9 fragile, rendendo la pelle del collo pi\u00f9 vulnerabile agli aggressori esterni come i raggi UV e l&#8217;inquinamento.<\/p>\n<p>Oltre alla disidratazione, alla secchezza e al rilassamento cutaneo, questi fattori naturali di invecchiamento fisiologico, uniti ai continui movimenti quotidiani del collo, possono portare alla comparsa di rughe fino a cinque volte pi\u00f9 profonde rispetto al viso.<\/p>\n<p>Infatti, la struttura specifica e complessa della pelle del collo e del d\u00e9collet\u00e9 rende l&#8217;invecchiamento particolarmente difficile da trattare.<\/p>\n<p>Tripeptide-R Neck Repair \u00e8 una crema a base di retinolo ad alte prestazioni che agisce efficacemente sui segni visibili precoci e avanzati dell&#8217;invecchiamento cutaneo su collo e d\u00e9collet\u00e9 grazie alla combinazione di principi attivi altamente efficaci: retinolo puro incapsulato (0,2%), un concentrato di tripeptidi (2,5%) e un complesso di glaucina (5%). Combinando questa tecnologia correttiva trifunzionale con un sistema di rilascio dell&#8217;umidit\u00e0, Tripeptide-R Neck Repair fortifica la matrice extracellulare della pelle e ne aumenta la resistenza all&#8217;invecchiamento. La pelle \u00e8 visibilmente pi\u00f9 soda e liscia, come se fosse sollevata.<\/p>\n<p><strong>Risultati visibili e scienza<\/strong><\/p>\n<p>Uno studio clinico di 16 settimane ha dimostrato che Tripeptide-R Neck Repair ha migliorato significativamente i segni visibili dell&#8217;invecchiamento della pelle del collo e del d\u00e9collet\u00e9:<\/p>\n<ul>\n<li>- 16% di rughe orizzontali<\/li>\n<li>+16% pi\u00f9 solido<\/li>\n<li>- 27% sull&#8217;aspetto della pelle rugosa<\/li>\n<\/ul>\n<\/div>\n<\/div>\n","protected":false},"excerpt":{"rendered":"<p>Tripeptide-R Neck Repair \u00e8 adatto a tutti i tipi di pelle, tranne quelle pi\u00f9 sensibili. \u00c8 particolarmente indicato per le pelli mature e\/o che presentano segni di invecchiamento (rughe orizzontali, pelle raggrinzita e sgualcita, perdita di compattezza ed elasticit\u00e0), disidratazione o iperpigmentazione. &nbsp; Vantaggi Una miscela di potenti peptidi aiuta a ridurre l&#8217;aspetto delle linee [&hellip;]<\/p>\n","protected":false},"featured_media":4424,"template":"","meta":{"_acf_changed":false},"product_brand":[],"product_cat":[572,575,758],"product_tag":[],"brand_product":[571],"class_list":{"0":"post-4422","1":"product","2":"type-product","3":"status-publish","4":"has-post-thumbnail","6":"product_cat-skinceuticals-it","7":"product_cat-corpo","8":"product_cat-ultima-possibilita","9":"brand_product-skinceuticals-it","11":"first","12":"outofstock","13":"taxable","14":"shipping-taxable","15":"purchasable","16":"product-type-simple"},"bundled_by":[],"bundle_stock_status":"outofstock","bundle_stock_quantity":0,"bundle_virtual":false,"bundle_layout":"","bundle_add_to_cart_form_location":"","bundle_editable_in_cart":false,"bundle_sold_individually_context":"","bundle_item_grouping":"","bundle_min_size":"","bundle_max_size":"","bundle_price":[],"bundled_items":[],"bundle_sell_ids":[],"acf":[],"yoast_head":"<!-- This site is optimized with the Yoast SEO Premium plugin v27.1 (Yoast SEO v27.1.1) - https:\/\/yoast.com\/product\/yoast-seo-premium-wordpress\/ -->\n<title>Tripeptide-R Riparazione del collo | Matignon<\/title>\n<meta name=\"robots\" content=\"index, follow, max-snippet:-1, max-image-preview:large, max-video-preview:-1\" \/>\n<link rel=\"canonical\" href=\"https:\/\/cliniquematignon.ch\/it\/prodotto\/skinceuticals-tripeptide-r-collo-riparatore-con-02-de-retinolo\/\" \/>\n<meta property=\"og:locale\" content=\"it_IT\" \/>\n<meta property=\"og:type\" content=\"article\" \/>\n<meta property=\"og:title\" content=\"Tripeptide-R Riparazione del collo\" \/>\n<meta property=\"og:description\" content=\"Tripeptide-R Neck Repair \u00e8 adatto a tutti i tipi di pelle, tranne quelle pi\u00f9 sensibili. \u00c8 particolarmente indicato per le pelli mature e\/o che presentano segni di invecchiamento (rughe orizzontali, pelle raggrinzita e sgualcita, perdita di compattezza ed elasticit\u00e0), disidratazione o iperpigmentazione. &nbsp; Vantaggi Una miscela di potenti peptidi aiuta a ridurre l&#8217;aspetto delle linee [&hellip;]\" \/>\n<meta property=\"og:url\" content=\"https:\/\/cliniquematignon.ch\/it\/prodotto\/skinceuticals-tripeptide-r-collo-riparatore-con-02-de-retinolo\/\" \/>\n<meta property=\"og:site_name\" content=\"Matignon\" \/>\n<meta property=\"article:publisher\" content=\"https:\/\/www.facebook.com\/lescliniquesmatignon\/\" \/>\n<meta property=\"article:modified_time\" content=\"2025-12-09T14:04:41+00:00\" \/>\n<meta property=\"og:image\" content=\"https:\/\/cliniquematignon.ch\/wp-content\/uploads\/2023\/08\/clinique-matignon_skinceuticals_body_body_tightening_concentrate.-1.jpg\" \/>\n\t<meta property=\"og:image:width\" content=\"1890\" \/>\n\t<meta property=\"og:image:height\" content=\"1890\" \/>\n\t<meta property=\"og:image:type\" content=\"image\/jpeg\" \/>\n<meta name=\"twitter:card\" content=\"summary_large_image\" \/>\n<meta name=\"twitter:label1\" content=\"Est. reading time\" \/>\n\t<meta name=\"twitter:data1\" content=\"2 minuti\" \/>\n<script type=\"application\/ld+json\" class=\"yoast-schema-graph\">{\"@context\":\"https:\/\/schema.org\",\"@graph\":[{\"@type\":\"WebPage\",\"@id\":\"https:\/\/cliniquematignon.ch\/it\/prodotto\/skinceuticals-tripeptide-r-collo-riparatore-con-02-de-retinolo\/\",\"url\":\"https:\/\/cliniquematignon.ch\/it\/prodotto\/skinceuticals-tripeptide-r-collo-riparatore-con-02-de-retinolo\/\",\"name\":\"Tripeptide-R Riparazione del collo | Matignon\",\"isPartOf\":{\"@id\":\"https:\/\/cliniquematignon.ch\/it\/#website\"},\"primaryImageOfPage\":{\"@id\":\"https:\/\/cliniquematignon.ch\/it\/prodotto\/skinceuticals-tripeptide-r-collo-riparatore-con-02-de-retinolo\/#primaryimage\"},\"image\":{\"@id\":\"https:\/\/cliniquematignon.ch\/it\/prodotto\/skinceuticals-tripeptide-r-collo-riparatore-con-02-de-retinolo\/#primaryimage\"},\"thumbnailUrl\":\"https:\/\/cliniquematignon.ch\/wp-content\/uploads\/2023\/08\/clinique-matignon_skinceuticals_body_body_tightening_concentrate.-1.jpg\",\"datePublished\":\"2023-08-16T13:00:29+00:00\",\"dateModified\":\"2025-12-09T14:04:41+00:00\",\"breadcrumb\":{\"@id\":\"https:\/\/cliniquematignon.ch\/it\/prodotto\/skinceuticals-tripeptide-r-collo-riparatore-con-02-de-retinolo\/#breadcrumb\"},\"inLanguage\":\"it-CH\",\"potentialAction\":[{\"@type\":\"ReadAction\",\"target\":[\"https:\/\/cliniquematignon.ch\/it\/prodotto\/skinceuticals-tripeptide-r-collo-riparatore-con-02-de-retinolo\/\"]}]},{\"@type\":\"ImageObject\",\"inLanguage\":\"it-CH\",\"@id\":\"https:\/\/cliniquematignon.ch\/it\/prodotto\/skinceuticals-tripeptide-r-collo-riparatore-con-02-de-retinolo\/#primaryimage\",\"url\":\"https:\/\/cliniquematignon.ch\/wp-content\/uploads\/2023\/08\/clinique-matignon_skinceuticals_body_body_tightening_concentrate.-1.jpg\",\"contentUrl\":\"https:\/\/cliniquematignon.ch\/wp-content\/uploads\/2023\/08\/clinique-matignon_skinceuticals_body_body_tightening_concentrate.-1.jpg\",\"width\":1890,\"height\":1890},{\"@type\":\"BreadcrumbList\",\"@id\":\"https:\/\/cliniquematignon.ch\/it\/prodotto\/skinceuticals-tripeptide-r-collo-riparatore-con-02-de-retinolo\/#breadcrumb\",\"itemListElement\":[{\"@type\":\"ListItem\",\"position\":1,\"name\":\"Casa\",\"item\":\"https:\/\/cliniquematignon.ch\/it\/casa\/\"},{\"@type\":\"ListItem\",\"position\":2,\"name\":\"Negozio\",\"item\":\"https:\/\/cliniquematignon.ch\/it\/negozio\/\"},{\"@type\":\"ListItem\",\"position\":3,\"name\":\"Tripeptide-R Riparazione del collo\"}]},{\"@type\":\"WebSite\",\"@id\":\"https:\/\/cliniquematignon.ch\/it\/#website\",\"url\":\"https:\/\/cliniquematignon.ch\/it\/\",\"name\":\"Matignon\",\"description\":\"M\u00e9decine esth\u00e9tique\",\"publisher\":{\"@id\":\"https:\/\/cliniquematignon.ch\/it\/#organization\"},\"potentialAction\":[{\"@type\":\"SearchAction\",\"target\":{\"@type\":\"EntryPoint\",\"urlTemplate\":\"https:\/\/cliniquematignon.ch\/it\/?s={search_term_string}\"},\"query-input\":{\"@type\":\"PropertyValueSpecification\",\"valueRequired\":true,\"valueName\":\"search_term_string\"}}],\"inLanguage\":\"it-CH\"},{\"@type\":\"Organization\",\"@id\":\"https:\/\/cliniquematignon.ch\/it\/#organization\",\"name\":\"Matignon\",\"url\":\"https:\/\/cliniquematignon.ch\/it\/\",\"logo\":{\"@type\":\"ImageObject\",\"inLanguage\":\"it-CH\",\"@id\":\"https:\/\/cliniquematignon.ch\/it\/#\/schema\/logo\/image\/\",\"url\":\"https:\/\/cliniquematignon.ch\/wp-content\/uploads\/2023\/06\/mat-logo-black..svg\",\"contentUrl\":\"https:\/\/cliniquematignon.ch\/wp-content\/uploads\/2023\/06\/mat-logo-black..svg\",\"width\":1,\"height\":1,\"caption\":\"Matignon\"},\"image\":{\"@id\":\"https:\/\/cliniquematignon.ch\/it\/#\/schema\/logo\/image\/\"},\"sameAs\":[\"https:\/\/www.facebook.com\/lescliniquesmatignon\/\"]}]}<\/script>\n<!-- \/ Yoast SEO Premium plugin. -->","yoast_head_json":{"title":"Tripeptide-R Riparazione del collo | Matignon","robots":{"index":"index","follow":"follow","max-snippet":"max-snippet:-1","max-image-preview":"max-image-preview:large","max-video-preview":"max-video-preview:-1"},"canonical":"https:\/\/cliniquematignon.ch\/it\/prodotto\/skinceuticals-tripeptide-r-collo-riparatore-con-02-de-retinolo\/","og_locale":"it_IT","og_type":"article","og_title":"Tripeptide-R Riparazione del collo","og_description":"Tripeptide-R Neck Repair \u00e8 adatto a tutti i tipi di pelle, tranne quelle pi\u00f9 sensibili. \u00c8 particolarmente indicato per le pelli mature e\/o che presentano segni di invecchiamento (rughe orizzontali, pelle raggrinzita e sgualcita, perdita di compattezza ed elasticit\u00e0), disidratazione o iperpigmentazione. &nbsp; Vantaggi Una miscela di potenti peptidi aiuta a ridurre l&#8217;aspetto delle linee [&hellip;]","og_url":"https:\/\/cliniquematignon.ch\/it\/prodotto\/skinceuticals-tripeptide-r-collo-riparatore-con-02-de-retinolo\/","og_site_name":"Matignon","article_publisher":"https:\/\/www.facebook.com\/lescliniquesmatignon\/","article_modified_time":"2025-12-09T14:04:41+00:00","og_image":[{"width":1890,"height":1890,"url":"https:\/\/cliniquematignon.ch\/wp-content\/uploads\/2023\/08\/clinique-matignon_skinceuticals_body_body_tightening_concentrate.-1.jpg","type":"image\/jpeg"}],"twitter_card":"summary_large_image","twitter_misc":{"Est. reading time":"2 minuti"},"schema":{"@context":"https:\/\/schema.org","@graph":[{"@type":"WebPage","@id":"https:\/\/cliniquematignon.ch\/it\/prodotto\/skinceuticals-tripeptide-r-collo-riparatore-con-02-de-retinolo\/","url":"https:\/\/cliniquematignon.ch\/it\/prodotto\/skinceuticals-tripeptide-r-collo-riparatore-con-02-de-retinolo\/","name":"Tripeptide-R Riparazione del collo | Matignon","isPartOf":{"@id":"https:\/\/cliniquematignon.ch\/it\/#website"},"primaryImageOfPage":{"@id":"https:\/\/cliniquematignon.ch\/it\/prodotto\/skinceuticals-tripeptide-r-collo-riparatore-con-02-de-retinolo\/#primaryimage"},"image":{"@id":"https:\/\/cliniquematignon.ch\/it\/prodotto\/skinceuticals-tripeptide-r-collo-riparatore-con-02-de-retinolo\/#primaryimage"},"thumbnailUrl":"https:\/\/cliniquematignon.ch\/wp-content\/uploads\/2023\/08\/clinique-matignon_skinceuticals_body_body_tightening_concentrate.-1.jpg","datePublished":"2023-08-16T13:00:29+00:00","dateModified":"2025-12-09T14:04:41+00:00","breadcrumb":{"@id":"https:\/\/cliniquematignon.ch\/it\/prodotto\/skinceuticals-tripeptide-r-collo-riparatore-con-02-de-retinolo\/#breadcrumb"},"inLanguage":"it-CH","potentialAction":[{"@type":"ReadAction","target":["https:\/\/cliniquematignon.ch\/it\/prodotto\/skinceuticals-tripeptide-r-collo-riparatore-con-02-de-retinolo\/"]}]},{"@type":"ImageObject","inLanguage":"it-CH","@id":"https:\/\/cliniquematignon.ch\/it\/prodotto\/skinceuticals-tripeptide-r-collo-riparatore-con-02-de-retinolo\/#primaryimage","url":"https:\/\/cliniquematignon.ch\/wp-content\/uploads\/2023\/08\/clinique-matignon_skinceuticals_body_body_tightening_concentrate.-1.jpg","contentUrl":"https:\/\/cliniquematignon.ch\/wp-content\/uploads\/2023\/08\/clinique-matignon_skinceuticals_body_body_tightening_concentrate.-1.jpg","width":1890,"height":1890},{"@type":"BreadcrumbList","@id":"https:\/\/cliniquematignon.ch\/it\/prodotto\/skinceuticals-tripeptide-r-collo-riparatore-con-02-de-retinolo\/#breadcrumb","itemListElement":[{"@type":"ListItem","position":1,"name":"Casa","item":"https:\/\/cliniquematignon.ch\/it\/casa\/"},{"@type":"ListItem","position":2,"name":"Negozio","item":"https:\/\/cliniquematignon.ch\/it\/negozio\/"},{"@type":"ListItem","position":3,"name":"Tripeptide-R Riparazione del collo"}]},{"@type":"WebSite","@id":"https:\/\/cliniquematignon.ch\/it\/#website","url":"https:\/\/cliniquematignon.ch\/it\/","name":"Matignon","description":"M\u00e9decine esth\u00e9tique","publisher":{"@id":"https:\/\/cliniquematignon.ch\/it\/#organization"},"potentialAction":[{"@type":"SearchAction","target":{"@type":"EntryPoint","urlTemplate":"https:\/\/cliniquematignon.ch\/it\/?s={search_term_string}"},"query-input":{"@type":"PropertyValueSpecification","valueRequired":true,"valueName":"search_term_string"}}],"inLanguage":"it-CH"},{"@type":"Organization","@id":"https:\/\/cliniquematignon.ch\/it\/#organization","name":"Matignon","url":"https:\/\/cliniquematignon.ch\/it\/","logo":{"@type":"ImageObject","inLanguage":"it-CH","@id":"https:\/\/cliniquematignon.ch\/it\/#\/schema\/logo\/image\/","url":"https:\/\/cliniquematignon.ch\/wp-content\/uploads\/2023\/06\/mat-logo-black..svg","contentUrl":"https:\/\/cliniquematignon.ch\/wp-content\/uploads\/2023\/06\/mat-logo-black..svg","width":1,"height":1,"caption":"Matignon"},"image":{"@id":"https:\/\/cliniquematignon.ch\/it\/#\/schema\/logo\/image\/"},"sameAs":["https:\/\/www.facebook.com\/lescliniquesmatignon\/"]}]}},"_links":{"self":[{"href":"https:\/\/cliniquematignon.ch\/it\/wp-json\/wp\/v2\/product\/4422","targetHints":{"allow":["GET"]}}],"collection":[{"href":"https:\/\/cliniquematignon.ch\/it\/wp-json\/wp\/v2\/product"}],"about":[{"href":"https:\/\/cliniquematignon.ch\/it\/wp-json\/wp\/v2\/types\/product"}],"wp:featuredmedia":[{"embeddable":true,"href":"https:\/\/cliniquematignon.ch\/it\/wp-json\/wp\/v2\/media\/4424"}],"wp:attachment":[{"href":"https:\/\/cliniquematignon.ch\/it\/wp-json\/wp\/v2\/media?parent=4422"}],"wp:term":[{"taxonomy":"product_brand","embeddable":true,"href":"https:\/\/cliniquematignon.ch\/it\/wp-json\/wp\/v2\/product_brand?post=4422"},{"taxonomy":"product_cat","embeddable":true,"href":"https:\/\/cliniquematignon.ch\/it\/wp-json\/wp\/v2\/product_cat?post=4422"},{"taxonomy":"product_tag","embeddable":true,"href":"https:\/\/cliniquematignon.ch\/it\/wp-json\/wp\/v2\/product_tag?post=4422"},{"taxonomy":"brand_product","embeddable":true,"href":"https:\/\/cliniquematignon.ch\/it\/wp-json\/wp\/v2\/brand_product?post=4422"}],"curies":[{"name":"wp","href":"https:\/\/api.w.org\/{rel}","templated":true}]}}