{"id":4965,"date":"2023-08-16T13:29:00","date_gmt":"2023-08-16T11:29:00","guid":{"rendered":"https:\/\/cliniquematignon.ch\/product\/retinolo-03-con-lo-03-di-retinolo-puro\/"},"modified":"2026-03-26T17:29:55","modified_gmt":"2026-03-26T16:29:55","slug":"skinceuticals-retinolo-0-3-con-0-3-puro-retinolo","status":"publish","type":"product","link":"https:\/\/cliniquematignon.ch\/it\/prodotto\/skinceuticals-retinolo-0-3-con-0-3-puro-retinolo\/","title":{"rendered":"Retinolo 0,3 con lo 0,3% di Retinolo puro"},"content":{"rendered":"<div class=\"excerpt\">\n<div class=\"excerpt\">\n<p class=\"p1\">Crema da notte anti-et\u00e0 con Retinolo, per ridurre l&#8217;aspetto di rughe, linee sottili e macchie dell&#8217;et\u00e0. Aiuta a ridurre l&#8217;acne.<\/p>\n<\/div>\n<div class=\"content\">\n<p>Il trattamento notte RETINOL 0.3 contiene lo 0,3% di retinolo puro ed \u00e8 arricchito con le pi\u00f9 recenti tecnologie di stabilizzazione e assorbimento per un&#8217;efficacia ottimale e duratura. Formulato con un nuovo complesso lenitivo (Bisabololo e Boswellia), questo trattamento viso al retinolo migliora l&#8217;aspetto dei principali segni dell&#8217;invecchiamento cutaneo (rughe profonde, linee sottili e macchie) dovuti sia a fattori ambientali che al naturale invecchiamento.<\/p>\n<p><strong>Vantaggi<\/strong><\/p>\n<ul>\n<li>NUOVO PACK per mantenere la sua elevata efficienza<\/li>\n<li>NUOVA FORMULA arricchita con un complesso lenitivo di Bisabobol per ridurre al minimo l&#8217;irritazione associata all&#8217;applicazione del retinolo.<\/li>\n<li>Favorisce il rinnovamento cellulare<\/li>\n<li>Migliora l&#8217;aspetto dei segni dell&#8217;invecchiamento cutaneo (rughe, macchie)<\/li>\n<li>Agisce contro l&#8217;acne<\/li>\n<li>Non comedogenico<\/li>\n<li>Adatto alla maggior parte dei tipi di pelle<\/li>\n<\/ul>\n<p><img loading=\"lazy\" decoding=\"async\" class=\"alignnone size-full wp-image-3982 img-fluid\" src=\"https:\/\/cliniquematignon.ch\/wp-content\/uploads\/2020\/03\/autorized-dealer-Skinceuticals.png\" alt=\"\" width=\"200\" height=\"42\" data-pagespeed-url-hash=\"492568781\"><\/p>\n<p><strong>Risultati visibili e scienza<\/strong><\/p>\n<p>Il retinolo \u00e8 un principio attivo anti-et\u00e0 che combatte gli effetti dell&#8217;invecchiamento cutaneo, come rughe, perdita di tonicit\u00e0 e macchie scure. Il retinolo accelera il rinnovamento cellulare, migliora la texture della pelle e restringe i pori. Questo trattamento viso al retinolo puro si avvale di un sistema di erogazione del prodotto ottimizzato e di una confezione altamente protettiva per garantire la stabilit\u00e0 e l&#8217;efficacia del retinolo.<\/p>\n<p><strong>Innovazione 1<\/strong><\/p>\n<p>A differenza dei prodotti che utilizzano tecniche di incapsulamento convenzionali, il nostro sistema innovativo cattura e stabilizza il retinolo senza incapsularlo, in modo che mantenga tutto il suo potere attivo.<\/p>\n<p><strong>Innovazione 2<\/strong><\/p>\n<p>I prodotti SkinCeuticals a base di retinolo penetrano perfettamente grazie a una tecnologia basata sulla struttura lipidica della pelle.<\/p>\n<\/div>\n<\/div>\n","protected":false},"excerpt":{"rendered":"<p>Crema da notte anti-et\u00e0 con Retinolo, per ridurre l&#8217;aspetto di rughe, linee sottili e macchie dell&#8217;et\u00e0. Aiuta a ridurre l&#8217;acne. Il trattamento notte RETINOL 0.3 contiene lo 0,3% di retinolo puro ed \u00e8 arricchito con le pi\u00f9 recenti tecnologie di stabilizzazione e assorbimento per un&#8217;efficacia ottimale e duratura. Formulato con un nuovo complesso lenitivo (Bisabololo [&hellip;]<\/p>\n","protected":false},"featured_media":4969,"template":"","meta":{"_acf_changed":false},"product_brand":[],"product_cat":[572,573],"product_tag":[],"brand_product":[571],"class_list":{"0":"post-4965","1":"product","2":"type-product","3":"status-publish","4":"has-post-thumbnail","6":"product_cat-skinceuticals-it","7":"product_cat-il-volto","8":"brand_product-skinceuticals-it","10":"first","11":"instock","12":"sale","13":"taxable","14":"shipping-taxable","15":"purchasable","16":"product-type-simple"},"bundled_by":[],"bundle_stock_status":"instock","bundle_stock_quantity":28,"bundle_virtual":false,"bundle_layout":"","bundle_add_to_cart_form_location":"","bundle_editable_in_cart":false,"bundle_sold_individually_context":"","bundle_item_grouping":"","bundle_min_size":"","bundle_max_size":"","bundle_price":[],"bundled_items":[],"bundle_sell_ids":[],"acf":[],"yoast_head":"<!-- This site is optimized with the Yoast SEO Premium plugin v27.1 (Yoast SEO v27.1.1) - https:\/\/yoast.com\/product\/yoast-seo-premium-wordpress\/ -->\n<title>Retinolo 0,3 con lo 0,3% di Retinolo puro | Matignon<\/title>\n<meta name=\"robots\" content=\"index, follow, max-snippet:-1, max-image-preview:large, max-video-preview:-1\" \/>\n<link rel=\"canonical\" href=\"https:\/\/cliniquematignon.ch\/it\/prodotto\/skinceuticals-retinolo-0-3-con-0-3-puro-retinolo\/\" \/>\n<meta property=\"og:locale\" content=\"it_IT\" \/>\n<meta property=\"og:type\" content=\"article\" \/>\n<meta property=\"og:title\" content=\"Retinolo 0,3 con lo 0,3% di Retinolo puro\" \/>\n<meta property=\"og:description\" content=\"Crema da notte anti-et\u00e0 con Retinolo, per ridurre l&#8217;aspetto di rughe, linee sottili e macchie dell&#8217;et\u00e0. Aiuta a ridurre l&#8217;acne. Il trattamento notte RETINOL 0.3 contiene lo 0,3% di retinolo puro ed \u00e8 arricchito con le pi\u00f9 recenti tecnologie di stabilizzazione e assorbimento per un&#8217;efficacia ottimale e duratura. Formulato con un nuovo complesso lenitivo (Bisabololo [&hellip;]\" \/>\n<meta property=\"og:url\" content=\"https:\/\/cliniquematignon.ch\/it\/prodotto\/skinceuticals-retinolo-0-3-con-0-3-puro-retinolo\/\" \/>\n<meta property=\"og:site_name\" content=\"Matignon\" \/>\n<meta property=\"article:publisher\" content=\"https:\/\/www.facebook.com\/lescliniquesmatignon\/\" \/>\n<meta property=\"article:modified_time\" content=\"2026-03-26T16:29:55+00:00\" \/>\n<meta property=\"og:image\" content=\"https:\/\/cliniquematignon.ch\/wp-content\/uploads\/2023\/08\/clinique-matignon_skinceuticlas_retinol..jpg\" \/>\n\t<meta property=\"og:image:width\" content=\"1890\" \/>\n\t<meta property=\"og:image:height\" content=\"1890\" \/>\n\t<meta property=\"og:image:type\" content=\"image\/jpeg\" \/>\n<meta name=\"twitter:card\" content=\"summary_large_image\" \/>\n<meta name=\"twitter:label1\" content=\"Est. reading time\" \/>\n\t<meta name=\"twitter:data1\" content=\"1 minute\" \/>\n<script type=\"application\/ld+json\" class=\"yoast-schema-graph\">{\"@context\":\"https:\/\/schema.org\",\"@graph\":[{\"@type\":\"WebPage\",\"@id\":\"https:\/\/cliniquematignon.ch\/it\/prodotto\/skinceuticals-retinolo-0-3-con-0-3-puro-retinolo\/\",\"url\":\"https:\/\/cliniquematignon.ch\/it\/prodotto\/skinceuticals-retinolo-0-3-con-0-3-puro-retinolo\/\",\"name\":\"Retinolo 0,3 con lo 0,3% di Retinolo puro | Matignon\",\"isPartOf\":{\"@id\":\"https:\/\/cliniquematignon.ch\/it\/#website\"},\"primaryImageOfPage\":{\"@id\":\"https:\/\/cliniquematignon.ch\/it\/prodotto\/skinceuticals-retinolo-0-3-con-0-3-puro-retinolo\/#primaryimage\"},\"image\":{\"@id\":\"https:\/\/cliniquematignon.ch\/it\/prodotto\/skinceuticals-retinolo-0-3-con-0-3-puro-retinolo\/#primaryimage\"},\"thumbnailUrl\":\"https:\/\/cliniquematignon.ch\/wp-content\/uploads\/2023\/08\/clinique-matignon_skinceuticlas_retinol..jpg\",\"datePublished\":\"2023-08-16T11:29:00+00:00\",\"dateModified\":\"2026-03-26T16:29:55+00:00\",\"breadcrumb\":{\"@id\":\"https:\/\/cliniquematignon.ch\/it\/prodotto\/skinceuticals-retinolo-0-3-con-0-3-puro-retinolo\/#breadcrumb\"},\"inLanguage\":\"it-CH\",\"potentialAction\":[{\"@type\":\"ReadAction\",\"target\":[\"https:\/\/cliniquematignon.ch\/it\/prodotto\/skinceuticals-retinolo-0-3-con-0-3-puro-retinolo\/\"]}]},{\"@type\":\"ImageObject\",\"inLanguage\":\"it-CH\",\"@id\":\"https:\/\/cliniquematignon.ch\/it\/prodotto\/skinceuticals-retinolo-0-3-con-0-3-puro-retinolo\/#primaryimage\",\"url\":\"https:\/\/cliniquematignon.ch\/wp-content\/uploads\/2023\/08\/clinique-matignon_skinceuticlas_retinol..jpg\",\"contentUrl\":\"https:\/\/cliniquematignon.ch\/wp-content\/uploads\/2023\/08\/clinique-matignon_skinceuticlas_retinol..jpg\",\"width\":1890,\"height\":1890},{\"@type\":\"BreadcrumbList\",\"@id\":\"https:\/\/cliniquematignon.ch\/it\/prodotto\/skinceuticals-retinolo-0-3-con-0-3-puro-retinolo\/#breadcrumb\",\"itemListElement\":[{\"@type\":\"ListItem\",\"position\":1,\"name\":\"Casa\",\"item\":\"https:\/\/cliniquematignon.ch\/it\/casa\/\"},{\"@type\":\"ListItem\",\"position\":2,\"name\":\"Negozio\",\"item\":\"https:\/\/cliniquematignon.ch\/it\/negozio\/\"},{\"@type\":\"ListItem\",\"position\":3,\"name\":\"Retinolo 0,3 con lo 0,3% di Retinolo puro\"}]},{\"@type\":\"WebSite\",\"@id\":\"https:\/\/cliniquematignon.ch\/it\/#website\",\"url\":\"https:\/\/cliniquematignon.ch\/it\/\",\"name\":\"Matignon\",\"description\":\"M\u00e9decine esth\u00e9tique\",\"publisher\":{\"@id\":\"https:\/\/cliniquematignon.ch\/it\/#organization\"},\"potentialAction\":[{\"@type\":\"SearchAction\",\"target\":{\"@type\":\"EntryPoint\",\"urlTemplate\":\"https:\/\/cliniquematignon.ch\/it\/?s={search_term_string}\"},\"query-input\":{\"@type\":\"PropertyValueSpecification\",\"valueRequired\":true,\"valueName\":\"search_term_string\"}}],\"inLanguage\":\"it-CH\"},{\"@type\":\"Organization\",\"@id\":\"https:\/\/cliniquematignon.ch\/it\/#organization\",\"name\":\"Matignon\",\"url\":\"https:\/\/cliniquematignon.ch\/it\/\",\"logo\":{\"@type\":\"ImageObject\",\"inLanguage\":\"it-CH\",\"@id\":\"https:\/\/cliniquematignon.ch\/it\/#\/schema\/logo\/image\/\",\"url\":\"https:\/\/cliniquematignon.ch\/wp-content\/uploads\/2023\/06\/mat-logo-black..svg\",\"contentUrl\":\"https:\/\/cliniquematignon.ch\/wp-content\/uploads\/2023\/06\/mat-logo-black..svg\",\"width\":1,\"height\":1,\"caption\":\"Matignon\"},\"image\":{\"@id\":\"https:\/\/cliniquematignon.ch\/it\/#\/schema\/logo\/image\/\"},\"sameAs\":[\"https:\/\/www.facebook.com\/lescliniquesmatignon\/\"]}]}<\/script>\n<!-- \/ Yoast SEO Premium plugin. -->","yoast_head_json":{"title":"Retinolo 0,3 con lo 0,3% di Retinolo puro | Matignon","robots":{"index":"index","follow":"follow","max-snippet":"max-snippet:-1","max-image-preview":"max-image-preview:large","max-video-preview":"max-video-preview:-1"},"canonical":"https:\/\/cliniquematignon.ch\/it\/prodotto\/skinceuticals-retinolo-0-3-con-0-3-puro-retinolo\/","og_locale":"it_IT","og_type":"article","og_title":"Retinolo 0,3 con lo 0,3% di Retinolo puro","og_description":"Crema da notte anti-et\u00e0 con Retinolo, per ridurre l&#8217;aspetto di rughe, linee sottili e macchie dell&#8217;et\u00e0. Aiuta a ridurre l&#8217;acne. Il trattamento notte RETINOL 0.3 contiene lo 0,3% di retinolo puro ed \u00e8 arricchito con le pi\u00f9 recenti tecnologie di stabilizzazione e assorbimento per un&#8217;efficacia ottimale e duratura. Formulato con un nuovo complesso lenitivo (Bisabololo [&hellip;]","og_url":"https:\/\/cliniquematignon.ch\/it\/prodotto\/skinceuticals-retinolo-0-3-con-0-3-puro-retinolo\/","og_site_name":"Matignon","article_publisher":"https:\/\/www.facebook.com\/lescliniquesmatignon\/","article_modified_time":"2026-03-26T16:29:55+00:00","og_image":[{"width":1890,"height":1890,"url":"https:\/\/cliniquematignon.ch\/wp-content\/uploads\/2023\/08\/clinique-matignon_skinceuticlas_retinol..jpg","type":"image\/jpeg"}],"twitter_card":"summary_large_image","twitter_misc":{"Est. reading time":"1 minute"},"schema":{"@context":"https:\/\/schema.org","@graph":[{"@type":"WebPage","@id":"https:\/\/cliniquematignon.ch\/it\/prodotto\/skinceuticals-retinolo-0-3-con-0-3-puro-retinolo\/","url":"https:\/\/cliniquematignon.ch\/it\/prodotto\/skinceuticals-retinolo-0-3-con-0-3-puro-retinolo\/","name":"Retinolo 0,3 con lo 0,3% di Retinolo puro | Matignon","isPartOf":{"@id":"https:\/\/cliniquematignon.ch\/it\/#website"},"primaryImageOfPage":{"@id":"https:\/\/cliniquematignon.ch\/it\/prodotto\/skinceuticals-retinolo-0-3-con-0-3-puro-retinolo\/#primaryimage"},"image":{"@id":"https:\/\/cliniquematignon.ch\/it\/prodotto\/skinceuticals-retinolo-0-3-con-0-3-puro-retinolo\/#primaryimage"},"thumbnailUrl":"https:\/\/cliniquematignon.ch\/wp-content\/uploads\/2023\/08\/clinique-matignon_skinceuticlas_retinol..jpg","datePublished":"2023-08-16T11:29:00+00:00","dateModified":"2026-03-26T16:29:55+00:00","breadcrumb":{"@id":"https:\/\/cliniquematignon.ch\/it\/prodotto\/skinceuticals-retinolo-0-3-con-0-3-puro-retinolo\/#breadcrumb"},"inLanguage":"it-CH","potentialAction":[{"@type":"ReadAction","target":["https:\/\/cliniquematignon.ch\/it\/prodotto\/skinceuticals-retinolo-0-3-con-0-3-puro-retinolo\/"]}]},{"@type":"ImageObject","inLanguage":"it-CH","@id":"https:\/\/cliniquematignon.ch\/it\/prodotto\/skinceuticals-retinolo-0-3-con-0-3-puro-retinolo\/#primaryimage","url":"https:\/\/cliniquematignon.ch\/wp-content\/uploads\/2023\/08\/clinique-matignon_skinceuticlas_retinol..jpg","contentUrl":"https:\/\/cliniquematignon.ch\/wp-content\/uploads\/2023\/08\/clinique-matignon_skinceuticlas_retinol..jpg","width":1890,"height":1890},{"@type":"BreadcrumbList","@id":"https:\/\/cliniquematignon.ch\/it\/prodotto\/skinceuticals-retinolo-0-3-con-0-3-puro-retinolo\/#breadcrumb","itemListElement":[{"@type":"ListItem","position":1,"name":"Casa","item":"https:\/\/cliniquematignon.ch\/it\/casa\/"},{"@type":"ListItem","position":2,"name":"Negozio","item":"https:\/\/cliniquematignon.ch\/it\/negozio\/"},{"@type":"ListItem","position":3,"name":"Retinolo 0,3 con lo 0,3% di Retinolo puro"}]},{"@type":"WebSite","@id":"https:\/\/cliniquematignon.ch\/it\/#website","url":"https:\/\/cliniquematignon.ch\/it\/","name":"Matignon","description":"M\u00e9decine esth\u00e9tique","publisher":{"@id":"https:\/\/cliniquematignon.ch\/it\/#organization"},"potentialAction":[{"@type":"SearchAction","target":{"@type":"EntryPoint","urlTemplate":"https:\/\/cliniquematignon.ch\/it\/?s={search_term_string}"},"query-input":{"@type":"PropertyValueSpecification","valueRequired":true,"valueName":"search_term_string"}}],"inLanguage":"it-CH"},{"@type":"Organization","@id":"https:\/\/cliniquematignon.ch\/it\/#organization","name":"Matignon","url":"https:\/\/cliniquematignon.ch\/it\/","logo":{"@type":"ImageObject","inLanguage":"it-CH","@id":"https:\/\/cliniquematignon.ch\/it\/#\/schema\/logo\/image\/","url":"https:\/\/cliniquematignon.ch\/wp-content\/uploads\/2023\/06\/mat-logo-black..svg","contentUrl":"https:\/\/cliniquematignon.ch\/wp-content\/uploads\/2023\/06\/mat-logo-black..svg","width":1,"height":1,"caption":"Matignon"},"image":{"@id":"https:\/\/cliniquematignon.ch\/it\/#\/schema\/logo\/image\/"},"sameAs":["https:\/\/www.facebook.com\/lescliniquesmatignon\/"]}]}},"_links":{"self":[{"href":"https:\/\/cliniquematignon.ch\/it\/wp-json\/wp\/v2\/product\/4965","targetHints":{"allow":["GET"]}}],"collection":[{"href":"https:\/\/cliniquematignon.ch\/it\/wp-json\/wp\/v2\/product"}],"about":[{"href":"https:\/\/cliniquematignon.ch\/it\/wp-json\/wp\/v2\/types\/product"}],"wp:featuredmedia":[{"embeddable":true,"href":"https:\/\/cliniquematignon.ch\/it\/wp-json\/wp\/v2\/media\/4969"}],"wp:attachment":[{"href":"https:\/\/cliniquematignon.ch\/it\/wp-json\/wp\/v2\/media?parent=4965"}],"wp:term":[{"taxonomy":"product_brand","embeddable":true,"href":"https:\/\/cliniquematignon.ch\/it\/wp-json\/wp\/v2\/product_brand?post=4965"},{"taxonomy":"product_cat","embeddable":true,"href":"https:\/\/cliniquematignon.ch\/it\/wp-json\/wp\/v2\/product_cat?post=4965"},{"taxonomy":"product_tag","embeddable":true,"href":"https:\/\/cliniquematignon.ch\/it\/wp-json\/wp\/v2\/product_tag?post=4965"},{"taxonomy":"brand_product","embeddable":true,"href":"https:\/\/cliniquematignon.ch\/it\/wp-json\/wp\/v2\/brand_product?post=4965"}],"curies":[{"name":"wp","href":"https:\/\/api.w.org\/{rel}","templated":true}]}}